{"id":2891,"date":"2024-07-04T19:05:37","date_gmt":"2024-07-04T19:05:37","guid":{"rendered":"https:\/\/alrpcopy.alrp-ab.se\/?post_type=product&#038;p=2891"},"modified":"2025-03-16T17:52:33","modified_gmt":"2025-03-16T17:52:33","slug":"rancilio-classe-7-tall","status":"publish","type":"product","link":"https:\/\/alrpcopy.alrp-ab.se\/en\/produkt\/rancilio-classe-7-tall\/","title":{"rendered":"Rancilio Classe 7 &#8211; Tall-version"},"content":{"rendered":"<h3>2 Grupps Espressomaskin &#8211; TALL Version<\/h3>\n<div>\n<p><iframe loading=\"lazy\" src=\"https:\/\/www.youtube.com\/embed\/Zut1vRNdGQg\" width=\"560\" height=\"315\" frameborder=\"0\" scrolling=\"no\" data-mce-fragment=\"1\"><\/iframe><br \/>\nMed sin attraktiva nya design \u00e4r Classe 7 den idealiska maskinen f\u00f6r det trendiga caf\u00e9et eller baren. Classe 7 \u00e4r en modern och elegant espressomaskin med mycket h\u00f6g standard och kvalitet d\u00e4r man f\u00f6renat ny teknologi med m\u00e5ng\u00e5rig erfarenhet samt marknadens absolut b\u00e4sta material. Tack vare sin form och elegans blir den i h\u00f6gsta grad synlig och uppm\u00e4rksammad.<br \/>\nTALL versionen har extra stort utrymme f\u00f6r h\u00f6ga koppar och glas.<\/p>\n<h4>Utrustad med<\/h4>\n<ul>\n<li>Digital display med man\u00f6verpanel<\/li>\n<li>\u200bProgrammeringsbar tevattenventil, f\u00f6r tid och dosering<\/li>\n<li>LED ljus i panelen med reng\u00f6ringsindikatior<\/li>\n<li>Enkelt underh\u00e5llningssystem som l\u00e4tt diagnostiserar tekniska problem<\/li>\n<li>Automatisk niv\u00e5kontroll<\/li>\n<li>ABM. Intelligent v\u00e4rmekontroll<\/li>\n<li>Skydd mot sp\u00e4nningsvariationer<\/li>\n<li>Bryggrupper i krom<\/li>\n<li>Ergonomisk filterh\u00e5llare f\u00f6r maximal komfort<\/li>\n<li>Ing\u00e5r:1 st tevattenuttag och 2 st \u00e5nguttag\/ventiler i kromad m\u00e4ssing.<\/li>\n<\/ul>\n<p><img loading=\"lazy\" decoding=\"async\" class=\"alignnone wp-image-3367\" src=\"https:\/\/alrpcopy.alrp-ab.se\/wp-content\/uploads\/2024\/07\/rancilio_classe7-300x169.jpg\" alt=\"\" width=\"537\" height=\"303\" srcset=\"https:\/\/alrpcopy.alrp-ab.se\/wp-content\/uploads\/2024\/07\/rancilio_classe7-300x169.jpg 300w, https:\/\/alrpcopy.alrp-ab.se\/wp-content\/uploads\/2024\/07\/rancilio_classe7-600x338.jpg 600w, https:\/\/alrpcopy.alrp-ab.se\/wp-content\/uploads\/2024\/07\/rancilio_classe7-768x432.jpg 768w, https:\/\/alrpcopy.alrp-ab.se\/wp-content\/uploads\/2024\/07\/rancilio_classe7.jpg 1024w\" sizes=\"auto, (max-width: 537px) 100vw, 537px\" \/><\/p>\n<h5><strong>Tillval<\/strong><\/h5>\n<p>&#8211; Sidopaneler i svart, vitt eller gr\u00e5tt<br \/>\n&#8211; Filterh\u00e5llare f\u00f6r\u00a0podssats\u00a0eller f\u00f6r kapslar<br \/>\n&#8211; Elektriskt koppv\u00e4rmeri<br \/>\n&#8211; C-lever &#8211; \u00c5ngventil med ergonomisk design.<br \/>\n&#8211; Programmeringsbar f\u00f6r doseringar och temperatur.<br \/>\n&#8211; youSteam &#8211; Manuell \u00e5ngventil<\/p>\n<\/div>\n","protected":false},"excerpt":{"rendered":"<p>En tillf\u00f6rlitlig espressomaskin i h\u00f6g kvalitet. Denna version har extra stort utrymme f\u00f6r h\u00f6ga koppar och glas.<\/p>\n<h5>Ladda ner PDF<\/h5>\n<p><strong><a href=\"https:\/\/alrpcopy.alrp-ab.se\/wp-content\/uploads\/2024\/07\/classe7_USB.pdf\">classe7_USB<\/a><\/strong><\/p>\n<p>&nbsp;<\/p>\n<p>&nbsp;<\/p>\n","protected":false},"featured_media":3361,"template":"","meta":{"_uag_custom_page_level_css":"","site-sidebar-layout":"default","site-content-layout":"","ast-site-content-layout":"default","site-content-style":"default","site-sidebar-style":"default","ast-global-header-display":"","ast-banner-title-visibility":"","ast-main-header-display":"","ast-hfb-above-header-display":"","ast-hfb-below-header-display":"","ast-hfb-mobile-header-display":"","site-post-title":"","ast-breadcrumbs-content":"","ast-featured-img":"","footer-sml-layout":"","theme-transparent-header-meta":"default","adv-header-id-meta":"","stick-header-meta":"default","header-above-stick-meta":"","header-main-stick-meta":"","header-below-stick-meta":"","astra-migrate-meta-layouts":"set","ast-page-background-enabled":"default","ast-page-background-meta":{"desktop":{"background-color":"var(--ast-global-color-5)","background-image":"","background-repeat":"repeat","background-position":"center center","background-size":"auto","background-attachment":"scroll","background-type":"","background-media":"","overlay-type":"","overlay-color":"","overlay-opacity":"","overlay-gradient":""},"tablet":{"background-color":"","background-image":"","background-repeat":"repeat","background-position":"center center","background-size":"auto","background-attachment":"scroll","background-type":"","background-media":"","overlay-type":"","overlay-color":"","overlay-opacity":"","overlay-gradient":""},"mobile":{"background-color":"","background-image":"","background-repeat":"repeat","background-position":"center center","background-size":"auto","background-attachment":"scroll","background-type":"","background-media":"","overlay-type":"","overlay-color":"","overlay-opacity":"","overlay-gradient":""}},"ast-content-background-meta":{"desktop":{"background-color":"var(--ast-global-color-4)","background-image":"","background-repeat":"repeat","background-position":"center center","background-size":"auto","background-attachment":"scroll","background-type":"","background-media":"","overlay-type":"","overlay-color":"","overlay-opacity":"","overlay-gradient":""},"tablet":{"background-color":"var(--ast-global-color-4)","background-image":"","background-repeat":"repeat","background-position":"center center","background-size":"auto","background-attachment":"scroll","background-type":"","background-media":"","overlay-type":"","overlay-color":"","overlay-opacity":"","overlay-gradient":""},"mobile":{"background-color":"var(--ast-global-color-4)","background-image":"","background-repeat":"repeat","background-position":"center center","background-size":"auto","background-attachment":"scroll","background-type":"","background-media":"","overlay-type":"","overlay-color":"","overlay-opacity":"","overlay-gradient":""}}},"product_brand":[165],"product_cat":[66,133,17],"product_tag":[119,122],"class_list":{"0":"post-2891","1":"product","2":"type-product","3":"status-publish","4":"has-post-thumbnail","6":"product_brand-rancilio","7":"product_cat-traditionella","8":"product_cat-takeaway","9":"product_cat-alla_produkter","10":"product_tag-2-gruppsmaskin","11":"product_tag-takeaway","12":"desktop-align-left","13":"tablet-align-left","14":"mobile-align-left","15":"ast-product-gallery-layout-horizontal-slider","16":"ast-product-tabs-layout-horizontal","18":"first","19":"instock","20":"shipping-taxable","21":"product-type-simple"},"uagb_featured_image_src":{"full":["https:\/\/alrpcopy.alrp-ab.se\/wp-content\/uploads\/2024\/07\/rancilio_classe7_2grupp_TALL-400x400-1.jpg",400,400,false],"thumbnail":["https:\/\/alrpcopy.alrp-ab.se\/wp-content\/uploads\/2024\/07\/rancilio_classe7_2grupp_TALL-400x400-1-150x150.jpg",150,150,true],"medium":["https:\/\/alrpcopy.alrp-ab.se\/wp-content\/uploads\/2024\/07\/rancilio_classe7_2grupp_TALL-400x400-1-300x300.jpg",300,300,true],"medium_large":["https:\/\/alrpcopy.alrp-ab.se\/wp-content\/uploads\/2024\/07\/rancilio_classe7_2grupp_TALL-400x400-1.jpg",400,400,false],"large":["https:\/\/alrpcopy.alrp-ab.se\/wp-content\/uploads\/2024\/07\/rancilio_classe7_2grupp_TALL-400x400-1.jpg",400,400,false],"1536x1536":["https:\/\/alrpcopy.alrp-ab.se\/wp-content\/uploads\/2024\/07\/rancilio_classe7_2grupp_TALL-400x400-1.jpg",400,400,false],"2048x2048":["https:\/\/alrpcopy.alrp-ab.se\/wp-content\/uploads\/2024\/07\/rancilio_classe7_2grupp_TALL-400x400-1.jpg",400,400,false],"woocommerce_thumbnail":["https:\/\/alrpcopy.alrp-ab.se\/wp-content\/uploads\/2024\/07\/rancilio_classe7_2grupp_TALL-400x400-1-300x300.jpg",300,300,true],"woocommerce_single":["https:\/\/alrpcopy.alrp-ab.se\/wp-content\/uploads\/2024\/07\/rancilio_classe7_2grupp_TALL-400x400-1.jpg",400,400,false],"woocommerce_gallery_thumbnail":["https:\/\/alrpcopy.alrp-ab.se\/wp-content\/uploads\/2024\/07\/rancilio_classe7_2grupp_TALL-400x400-1-100x100.jpg",100,100,true]},"uagb_author_info":{"display_name":"Alrp","author_link":"https:\/\/alrpcopy.alrp-ab.se\/en\/author\/"},"uagb_comment_info":0,"uagb_excerpt":"En tillf\u00f6rlitlig espressomaskin i h\u00f6g kvalitet. Denna version har extra stort utrymme f\u00f6r h\u00f6ga koppar och glas. Ladda ner PDF classe7_USB &nbsp; &nbsp;","_links":{"self":[{"href":"https:\/\/alrpcopy.alrp-ab.se\/en\/wp-json\/wp\/v2\/product\/2891","targetHints":{"allow":["GET"]}}],"collection":[{"href":"https:\/\/alrpcopy.alrp-ab.se\/en\/wp-json\/wp\/v2\/product"}],"about":[{"href":"https:\/\/alrpcopy.alrp-ab.se\/en\/wp-json\/wp\/v2\/types\/product"}],"wp:featuredmedia":[{"embeddable":true,"href":"https:\/\/alrpcopy.alrp-ab.se\/en\/wp-json\/wp\/v2\/media\/3361"}],"wp:attachment":[{"href":"https:\/\/alrpcopy.alrp-ab.se\/en\/wp-json\/wp\/v2\/media?parent=2891"}],"wp:term":[{"taxonomy":"product_brand","embeddable":true,"href":"https:\/\/alrpcopy.alrp-ab.se\/en\/wp-json\/wp\/v2\/product_brand?post=2891"},{"taxonomy":"product_cat","embeddable":true,"href":"https:\/\/alrpcopy.alrp-ab.se\/en\/wp-json\/wp\/v2\/product_cat?post=2891"},{"taxonomy":"product_tag","embeddable":true,"href":"https:\/\/alrpcopy.alrp-ab.se\/en\/wp-json\/wp\/v2\/product_tag?post=2891"}],"curies":[{"name":"wp","href":"https:\/\/api.w.org\/{rel}","templated":true}]}}