{"id":2884,"date":"2024-07-04T18:25:20","date_gmt":"2024-07-04T18:25:20","guid":{"rendered":"https:\/\/alrpcopy.alrp-ab.se\/?post_type=product&#038;p=2884"},"modified":"2025-03-16T17:52:33","modified_gmt":"2025-03-16T17:52:33","slug":"rancilio-classe-5-2","status":"publish","type":"product","link":"https:\/\/alrpcopy.alrp-ab.se\/en\/produkt\/rancilio-classe-5-2\/","title":{"rendered":"Rancilio Classe 5 &#8211; traditionell 2 grupp"},"content":{"rendered":"<h3>2 Grupps Espressomaskin<\/h3>\n<div>\n<p>Classe 5 \u00e4r en modern espressomaskin med mycket h\u00f6g standard och kvalitet d\u00e4r man f\u00f6renat ny teknologi med m\u00e5ng\u00e5rig erfarenhet samt marknadens absolut b\u00e4sta material. Den \u00e4r ocks\u00e5 ergonomiskt och funktionellt designad f\u00f6r att ge baristan en behaglig och bra arbetsmilj\u00f6. Tack vare sin form och elegans blir den i h\u00f6gsta grad synlig och uppm\u00e4rksammad.<\/p>\n<h4>Utrustad med<\/h4>\n<ul>\n<li>Man\u00f6verpanel med knappar i SoftTouch teknik<\/li>\n<li>\u200bProgrammeringsbar tevattenventil, f\u00f6r tid och dosering<\/li>\n<li>Enkelt underh\u00e5llningssystem som l\u00e4tt diagnostiserar tekniska problem<\/li>\n<li>Automatisk niv\u00e5kontroll<\/li>\n<li>Skydd mot sp\u00e4nningsvariationer<\/li>\n<li>Bryggrupper i krom<\/li>\n<li>Ergonomisk filterh\u00e5llare f\u00f6r maximal komfort<\/li>\n<li>Ing\u00e5r:1 st tevattenuttag och 2 st \u00e5nguttag\/ventiler i kromad m\u00e4ssing.<\/li>\n<\/ul>\n<h5>Tillval<\/h5>\n<p>&#8211; LED ljus i panelen med reng\u00f6ringsindikatior<br \/>\n&#8211;\u00a0Sidopaneler i svart, vitt\u00a0eller gr\u00e5tt.<br \/>\n&#8211;\u00a0Filterh\u00e5llare f\u00f6r\u00a0podssats\u00a0eller f\u00f6r kapslar<br \/>\n&#8211;\u00a0Elektriskt koppv\u00e4rmeri<br \/>\n&#8211; C-lever &#8211; \u00c5ngventil med ergonomisk design. Programmeringsbar f\u00f6r doseringar och temperatur.\u00a0<a href=\"http:\/\/youtu.be\/eBP9dhYDF-Y\" target=\"_blank\" rel=\"noopener\">Se video h\u00e4r<\/a><br \/>\n&#8211; youSteam &#8211; Manuell \u00e5ngventil<\/p>\n<\/div>\n","protected":false},"excerpt":{"rendered":"<p>Rancilio teknologi med Steady Brew &#8211; maskiner som garanterar stabilitet och \u00e4r tillf\u00f6rlitliga, s\u00e5v\u00e4l under lugna och\u00a0 hektiska perioder.<\/p>\n<h5>Ladda ner PDF<\/h5>\n<p><strong><a href=\"https:\/\/alrpcopy.alrp-ab.se\/wp-content\/uploads\/2024\/07\/classe5_USB.pdf\">classe5_USB<\/a><\/strong><\/p>\n<p>&nbsp;<\/p>\n","protected":false},"featured_media":3348,"template":"","meta":{"_uag_custom_page_level_css":"","site-sidebar-layout":"default","site-content-layout":"","ast-site-content-layout":"default","site-content-style":"default","site-sidebar-style":"default","ast-global-header-display":"","ast-banner-title-visibility":"","ast-main-header-display":"","ast-hfb-above-header-display":"","ast-hfb-below-header-display":"","ast-hfb-mobile-header-display":"","site-post-title":"","ast-breadcrumbs-content":"","ast-featured-img":"","footer-sml-layout":"","theme-transparent-header-meta":"default","adv-header-id-meta":"","stick-header-meta":"default","header-above-stick-meta":"","header-main-stick-meta":"","header-below-stick-meta":"","astra-migrate-meta-layouts":"set","ast-page-background-enabled":"default","ast-page-background-meta":{"desktop":{"background-color":"var(--ast-global-color-5)","background-image":"","background-repeat":"repeat","background-position":"center center","background-size":"auto","background-attachment":"scroll","background-type":"","background-media":"","overlay-type":"","overlay-color":"","overlay-opacity":"","overlay-gradient":""},"tablet":{"background-color":"","background-image":"","background-repeat":"repeat","background-position":"center center","background-size":"auto","background-attachment":"scroll","background-type":"","background-media":"","overlay-type":"","overlay-color":"","overlay-opacity":"","overlay-gradient":""},"mobile":{"background-color":"","background-image":"","background-repeat":"repeat","background-position":"center center","background-size":"auto","background-attachment":"scroll","background-type":"","background-media":"","overlay-type":"","overlay-color":"","overlay-opacity":"","overlay-gradient":""}},"ast-content-background-meta":{"desktop":{"background-color":"var(--ast-global-color-4)","background-image":"","background-repeat":"repeat","background-position":"center center","background-size":"auto","background-attachment":"scroll","background-type":"","background-media":"","overlay-type":"","overlay-color":"","overlay-opacity":"","overlay-gradient":""},"tablet":{"background-color":"var(--ast-global-color-4)","background-image":"","background-repeat":"repeat","background-position":"center center","background-size":"auto","background-attachment":"scroll","background-type":"","background-media":"","overlay-type":"","overlay-color":"","overlay-opacity":"","overlay-gradient":""},"mobile":{"background-color":"var(--ast-global-color-4)","background-image":"","background-repeat":"repeat","background-position":"center center","background-size":"auto","background-attachment":"scroll","background-type":"","background-media":"","overlay-type":"","overlay-color":"","overlay-opacity":"","overlay-gradient":""}}},"product_brand":[165],"product_cat":[66,17],"product_tag":[119],"class_list":{"0":"post-2884","1":"product","2":"type-product","3":"status-publish","4":"has-post-thumbnail","6":"product_brand-rancilio","7":"product_cat-traditionella","8":"product_cat-alla_produkter","9":"product_tag-2-gruppsmaskin","10":"desktop-align-left","11":"tablet-align-left","12":"mobile-align-left","13":"ast-product-gallery-layout-horizontal-slider","14":"ast-product-tabs-layout-horizontal","16":"first","17":"instock","18":"shipping-taxable","19":"product-type-simple"},"uagb_featured_image_src":{"full":["https:\/\/alrpcopy.alrp-ab.se\/wp-content\/uploads\/2024\/07\/rancilio_classe5_2grupp-400x400-2.jpg",400,400,false],"thumbnail":["https:\/\/alrpcopy.alrp-ab.se\/wp-content\/uploads\/2024\/07\/rancilio_classe5_2grupp-400x400-2-150x150.jpg",150,150,true],"medium":["https:\/\/alrpcopy.alrp-ab.se\/wp-content\/uploads\/2024\/07\/rancilio_classe5_2grupp-400x400-2-300x300.jpg",300,300,true],"medium_large":["https:\/\/alrpcopy.alrp-ab.se\/wp-content\/uploads\/2024\/07\/rancilio_classe5_2grupp-400x400-2.jpg",400,400,false],"large":["https:\/\/alrpcopy.alrp-ab.se\/wp-content\/uploads\/2024\/07\/rancilio_classe5_2grupp-400x400-2.jpg",400,400,false],"1536x1536":["https:\/\/alrpcopy.alrp-ab.se\/wp-content\/uploads\/2024\/07\/rancilio_classe5_2grupp-400x400-2.jpg",400,400,false],"2048x2048":["https:\/\/alrpcopy.alrp-ab.se\/wp-content\/uploads\/2024\/07\/rancilio_classe5_2grupp-400x400-2.jpg",400,400,false],"woocommerce_thumbnail":["https:\/\/alrpcopy.alrp-ab.se\/wp-content\/uploads\/2024\/07\/rancilio_classe5_2grupp-400x400-2-300x300.jpg",300,300,true],"woocommerce_single":["https:\/\/alrpcopy.alrp-ab.se\/wp-content\/uploads\/2024\/07\/rancilio_classe5_2grupp-400x400-2.jpg",400,400,false],"woocommerce_gallery_thumbnail":["https:\/\/alrpcopy.alrp-ab.se\/wp-content\/uploads\/2024\/07\/rancilio_classe5_2grupp-400x400-2-100x100.jpg",100,100,true]},"uagb_author_info":{"display_name":"Alrp","author_link":"https:\/\/alrpcopy.alrp-ab.se\/en\/author\/"},"uagb_comment_info":0,"uagb_excerpt":"Rancilio teknologi med Steady Brew - maskiner som garanterar stabilitet och \u00e4r tillf\u00f6rlitliga, s\u00e5v\u00e4l under lugna och\u00a0 hektiska perioder. Ladda ner PDF classe5_USB &nbsp;","_links":{"self":[{"href":"https:\/\/alrpcopy.alrp-ab.se\/en\/wp-json\/wp\/v2\/product\/2884","targetHints":{"allow":["GET"]}}],"collection":[{"href":"https:\/\/alrpcopy.alrp-ab.se\/en\/wp-json\/wp\/v2\/product"}],"about":[{"href":"https:\/\/alrpcopy.alrp-ab.se\/en\/wp-json\/wp\/v2\/types\/product"}],"wp:featuredmedia":[{"embeddable":true,"href":"https:\/\/alrpcopy.alrp-ab.se\/en\/wp-json\/wp\/v2\/media\/3348"}],"wp:attachment":[{"href":"https:\/\/alrpcopy.alrp-ab.se\/en\/wp-json\/wp\/v2\/media?parent=2884"}],"wp:term":[{"taxonomy":"product_brand","embeddable":true,"href":"https:\/\/alrpcopy.alrp-ab.se\/en\/wp-json\/wp\/v2\/product_brand?post=2884"},{"taxonomy":"product_cat","embeddable":true,"href":"https:\/\/alrpcopy.alrp-ab.se\/en\/wp-json\/wp\/v2\/product_cat?post=2884"},{"taxonomy":"product_tag","embeddable":true,"href":"https:\/\/alrpcopy.alrp-ab.se\/en\/wp-json\/wp\/v2\/product_tag?post=2884"}],"curies":[{"name":"wp","href":"https:\/\/api.w.org\/{rel}","templated":true}]}}