{"id":2870,"date":"2024-07-04T17:44:54","date_gmt":"2024-07-04T17:44:54","guid":{"rendered":"https:\/\/alrpcopy.alrp-ab.se\/?post_type=product&#038;p=2870"},"modified":"2025-03-16T17:55:48","modified_gmt":"2025-03-16T17:55:48","slug":"magister-stilo-traditionell-2","status":"publish","type":"product","link":"https:\/\/alrpcopy.alrp-ab.se\/en\/produkt\/magister-stilo-traditionell-2\/","title":{"rendered":"Magister Stilo 2gr-traditionell"},"content":{"rendered":"<h3>Traditionell Espressomaskin &#8211; NYHET<\/h3>\n<p>En snygg, italiensk, traditionell espressomaskin med h\u00f6g kapacitet och automatisk vattenp\u00e5fyllning.\u00a0Maskinen \u00e4r l\u00e4mplig f\u00f6r restauranger, caf\u00e9er, flygplatser mm.<\/p>\n<h4>Om Magister Stilo<\/h4>\n<ul>\n<li>Traditionell maskin f\u00f6r malet kaffe.<\/li>\n<li>Automatisk vattenp\u00e5fyllning<\/li>\n<li>Alla r\u00f6r \u00e4r i koppar samt alla kopplingar i m\u00e4ssing.\u00a0Ventiler i f\u00f6rkromad m\u00e4ssing.<\/li>\n<\/ul>\n<h5>Utrustad med:<\/h5>\n<p>&#8211; \u00d6verhettningsskydd och s\u00e4kerhetsventil p\u00e5 pannan<br \/>\n&#8211; Manometer som visar \u00e5ngtrycket<br \/>\n&#8211; Alarm f\u00f6r l\u00e5g vattenniv\u00e5 i pannan och i tanken.<br \/>\n&#8211; Isolerade \u00e5ngr\u00f6r.\u00a0<em>Inga br\u00e4nda fingrar.<\/em><br \/>\n&#8211; Tevattenventil med programmering<br \/>\n&#8211; Volymetrisk pump med bypass<br \/>\n&#8211; Expansionsventil.<br \/>\n&#8211; Vakuumventil<br \/>\n&#8211; Backventiler<br \/>\n&#8211; V\u00e4rmepannor i koppar<br \/>\n&#8211; S\u00e4kerhetstermostat<br \/>\n&#8211; Spillbricka<br \/>\n&#8211; 1- och 2koppsfilter<br \/>\n&#8211; Volymetriska knappval med fyra doserande val och 1 kontinuerligt.<\/p>\n<h5><strong>Tillval<\/strong><\/h5>\n<p>&#8211; Kalkfilter<br \/>\n&#8211; Koppv\u00e4rmeri<br \/>\n&#8211; Varmvattensventil f\u00f6r tebryggning. R\u00e4tt temperatur.<br \/>\n&#8211; Spillbricka som kan kopplas till avlopp<br \/>\n&#8211; Vattenanslutning<br \/>\n&#8211; Cappuccinatore eller mj\u00f6lkskummare<br \/>\n&#8211; Takeaway version f\u00f6r h\u00f6ga glas upp till 185mm.<br \/>\n&#8211; Gasverion<br \/>\n&#8211; Filterhandtag f\u00f6r pods eller kapslar<br \/>\n&#8211; Finns m\u00f6jlighet att best\u00e4lla ett extra \u00e5ngr\u00f6r till Kompakt modellen<\/p>\n","protected":false},"excerpt":{"rendered":"<p>Traditionell espressomaskin med h\u00f6g kapacitet och automatisk vattenp\u00e5fyllning.<\/p>\n<h5>Ladda ner PDF<\/h5>\n<p><span style=\"font-size: 14pt;\"><a href=\"https:\/\/alrpcopy.alrp-ab.se\/wp-content\/uploads\/2024\/07\/magister_stilo_sv.pdf\">magister_stilo_sv<\/a><\/span><br \/>\n<span style=\"font-size: 14pt;\"><a href=\"https:\/\/alrpcopy.alrp-ab.se\/wp-content\/uploads\/2024\/07\/ES-Stilo_std-eng.pdf\">ES Stilo_std-eng<\/a><\/span><\/p>\n<p>&nbsp;<\/p>\n","protected":false},"featured_media":3318,"template":"","meta":{"_uag_custom_page_level_css":"","site-sidebar-layout":"default","site-content-layout":"","ast-site-content-layout":"default","site-content-style":"default","site-sidebar-style":"default","ast-global-header-display":"","ast-banner-title-visibility":"","ast-main-header-display":"","ast-hfb-above-header-display":"","ast-hfb-below-header-display":"","ast-hfb-mobile-header-display":"","site-post-title":"","ast-breadcrumbs-content":"","ast-featured-img":"","footer-sml-layout":"","theme-transparent-header-meta":"default","adv-header-id-meta":"","stick-header-meta":"default","header-above-stick-meta":"","header-main-stick-meta":"","header-below-stick-meta":"","astra-migrate-meta-layouts":"set","ast-page-background-enabled":"default","ast-page-background-meta":{"desktop":{"background-color":"var(--ast-global-color-5)","background-image":"","background-repeat":"repeat","background-position":"center center","background-size":"auto","background-attachment":"scroll","background-type":"","background-media":"","overlay-type":"","overlay-color":"","overlay-opacity":"","overlay-gradient":""},"tablet":{"background-color":"","background-image":"","background-repeat":"repeat","background-position":"center center","background-size":"auto","background-attachment":"scroll","background-type":"","background-media":"","overlay-type":"","overlay-color":"","overlay-opacity":"","overlay-gradient":""},"mobile":{"background-color":"","background-image":"","background-repeat":"repeat","background-position":"center center","background-size":"auto","background-attachment":"scroll","background-type":"","background-media":"","overlay-type":"","overlay-color":"","overlay-opacity":"","overlay-gradient":""}},"ast-content-background-meta":{"desktop":{"background-color":"var(--ast-global-color-4)","background-image":"","background-repeat":"repeat","background-position":"center center","background-size":"auto","background-attachment":"scroll","background-type":"","background-media":"","overlay-type":"","overlay-color":"","overlay-opacity":"","overlay-gradient":""},"tablet":{"background-color":"var(--ast-global-color-4)","background-image":"","background-repeat":"repeat","background-position":"center center","background-size":"auto","background-attachment":"scroll","background-type":"","background-media":"","overlay-type":"","overlay-color":"","overlay-opacity":"","overlay-gradient":""},"mobile":{"background-color":"var(--ast-global-color-4)","background-image":"","background-repeat":"repeat","background-position":"center center","background-size":"auto","background-attachment":"scroll","background-type":"","background-media":"","overlay-type":"","overlay-color":"","overlay-opacity":"","overlay-gradient":""}}},"product_brand":[388],"product_cat":[66,17],"product_tag":[119],"class_list":{"0":"post-2870","1":"product","2":"type-product","3":"status-publish","4":"has-post-thumbnail","6":"product_brand-magister","7":"product_cat-traditionella","8":"product_cat-alla_produkter","9":"product_tag-2-gruppsmaskin","10":"desktop-align-left","11":"tablet-align-left","12":"mobile-align-left","13":"ast-product-gallery-layout-horizontal-slider","14":"ast-product-tabs-layout-horizontal","16":"first","17":"instock","18":"shipping-taxable","19":"product-type-simple"},"uagb_featured_image_src":{"full":["https:\/\/alrpcopy.alrp-ab.se\/wp-content\/uploads\/2024\/07\/Magister_Stilo_2gr_rostfri-400x400-1.jpg",400,400,false],"thumbnail":["https:\/\/alrpcopy.alrp-ab.se\/wp-content\/uploads\/2024\/07\/Magister_Stilo_2gr_rostfri-400x400-1-150x150.jpg",150,150,true],"medium":["https:\/\/alrpcopy.alrp-ab.se\/wp-content\/uploads\/2024\/07\/Magister_Stilo_2gr_rostfri-400x400-1-300x300.jpg",300,300,true],"medium_large":["https:\/\/alrpcopy.alrp-ab.se\/wp-content\/uploads\/2024\/07\/Magister_Stilo_2gr_rostfri-400x400-1.jpg",400,400,false],"large":["https:\/\/alrpcopy.alrp-ab.se\/wp-content\/uploads\/2024\/07\/Magister_Stilo_2gr_rostfri-400x400-1.jpg",400,400,false],"1536x1536":["https:\/\/alrpcopy.alrp-ab.se\/wp-content\/uploads\/2024\/07\/Magister_Stilo_2gr_rostfri-400x400-1.jpg",400,400,false],"2048x2048":["https:\/\/alrpcopy.alrp-ab.se\/wp-content\/uploads\/2024\/07\/Magister_Stilo_2gr_rostfri-400x400-1.jpg",400,400,false],"woocommerce_thumbnail":["https:\/\/alrpcopy.alrp-ab.se\/wp-content\/uploads\/2024\/07\/Magister_Stilo_2gr_rostfri-400x400-1-300x300.jpg",300,300,true],"woocommerce_single":["https:\/\/alrpcopy.alrp-ab.se\/wp-content\/uploads\/2024\/07\/Magister_Stilo_2gr_rostfri-400x400-1.jpg",400,400,false],"woocommerce_gallery_thumbnail":["https:\/\/alrpcopy.alrp-ab.se\/wp-content\/uploads\/2024\/07\/Magister_Stilo_2gr_rostfri-400x400-1-100x100.jpg",100,100,true]},"uagb_author_info":{"display_name":"Alrp","author_link":"https:\/\/alrpcopy.alrp-ab.se\/en\/author\/"},"uagb_comment_info":0,"uagb_excerpt":"Traditionell espressomaskin med h\u00f6g kapacitet och automatisk vattenp\u00e5fyllning. Ladda ner PDF magister_stilo_sv ES Stilo_std-eng &nbsp;","_links":{"self":[{"href":"https:\/\/alrpcopy.alrp-ab.se\/en\/wp-json\/wp\/v2\/product\/2870","targetHints":{"allow":["GET"]}}],"collection":[{"href":"https:\/\/alrpcopy.alrp-ab.se\/en\/wp-json\/wp\/v2\/product"}],"about":[{"href":"https:\/\/alrpcopy.alrp-ab.se\/en\/wp-json\/wp\/v2\/types\/product"}],"wp:featuredmedia":[{"embeddable":true,"href":"https:\/\/alrpcopy.alrp-ab.se\/en\/wp-json\/wp\/v2\/media\/3318"}],"wp:attachment":[{"href":"https:\/\/alrpcopy.alrp-ab.se\/en\/wp-json\/wp\/v2\/media?parent=2870"}],"wp:term":[{"taxonomy":"product_brand","embeddable":true,"href":"https:\/\/alrpcopy.alrp-ab.se\/en\/wp-json\/wp\/v2\/product_brand?post=2870"},{"taxonomy":"product_cat","embeddable":true,"href":"https:\/\/alrpcopy.alrp-ab.se\/en\/wp-json\/wp\/v2\/product_cat?post=2870"},{"taxonomy":"product_tag","embeddable":true,"href":"https:\/\/alrpcopy.alrp-ab.se\/en\/wp-json\/wp\/v2\/product_tag?post=2870"}],"curies":[{"name":"wp","href":"https:\/\/api.w.org\/{rel}","templated":true}]}}