{"id":2866,"date":"2024-07-04T17:38:13","date_gmt":"2024-07-04T17:38:13","guid":{"rendered":"https:\/\/alrpcopy.alrp-ab.se\/?post_type=product&#038;p=2866"},"modified":"2025-03-16T18:21:40","modified_gmt":"2025-03-16T18:21:40","slug":"magister-stella-dual","status":"publish","type":"product","link":"https:\/\/alrpcopy.alrp-ab.se\/en\/produkt\/magister-stella-dual\/","title":{"rendered":"Magister Stella Dual"},"content":{"rendered":"<h3>Italiensk Espressomaskin!<\/h3>\n<p>&nbsp;<\/p>\n<p><iframe loading=\"lazy\" src=\"https:\/\/www.youtube.com\/embed\/3S81zZnSk0U\" width=\"560\" height=\"315\" frameborder=\"0\" scrolling=\"no\" data-mce-fragment=\"1\"><\/iframe><br \/>\nTraditionell manuell espressomaskin f\u00f6r malet kaffe. Denna proffsmaskin v\u00e4cker\u00a0 k\u00e4nslan av att dricka en espresso p\u00e5 Italienska rivieran! Magister Stella Dual \u00e4r robust byggd med m\u00e5nga finesser. Den har h\u00f6g kapacitet, E61- grupp och automatisk vattenp\u00e5fyllning. Maskinen \u00e4r l\u00e4mplig f\u00f6r baren, kontoret, lilla caf\u00e9et eller hemmet. En dekorativ espressomaskin helt i rostfritt st\u00e5l!<\/p>\n<h4>Utrustad med:<\/h4>\n<ul>\n<li>E61-grupp med termosifonisk cirkulation<\/li>\n<li>LED display med PID kontroll:<br \/>\nVisar temperatur, r\u00e4kneverk, vattenanslutning, timer f\u00f6r kaffebryggning och sekventiel uppv\u00e4rmning<\/li>\n<li>Dubbla v\u00e4rmepannor och dubbla manometrar<\/li>\n<li>\u00d6verhettningsskydd och s\u00e4kerhetsventil p\u00e5 pannan<\/li>\n<li>Alarm f\u00f6r l\u00e5g vattenniv\u00e5 i pannan och i tanken<\/li>\n<li>Expansionsventil, vakuumventil och backventiler<\/li>\n<li>Isolerade \u00e5ng- och tevattenr\u00f6r- Inga br\u00e4nda fingrar<\/li>\n<li>Automatisk vattenp\u00e5fyllning<\/li>\n<li><span style=\"font-family: georgia, palatino, serif;\">M\u00f6jlighet att ansluta till vattenledning<\/span><\/li>\n<li>Alla r\u00f6r \u00e4r i koppar samt alla kopplingar i m\u00e4ssing.\u00a0Ventiler i f\u00f6rkromad m\u00e4ssing.<\/li>\n<\/ul>\n<h5>Ing\u00e5r:<\/h5>\n<p>&#8211; Stamp<br \/>\n&#8211; 1- och 2koppsfilter<br \/>\n&#8211; Rensbricka<\/p>\n<h5><strong>Tillval<\/strong><\/h5>\n<p>&#8211; Kalkfilter<br \/>\n&#8211;\u00a0Spillbricka som kan kopplas till avlopp<br \/>\n&#8211; Handtag med svart marmor effekt<\/p>\n<p>&nbsp;<\/p>\n","protected":false},"excerpt":{"rendered":"<p>En dekorativ och robust byggd espressomaskin, professionell men \u00e4ven f\u00f6r hemmabruk.<\/p>\n<h5>Ladda ner PDF<\/h5>\n<p><strong><a href=\"https:\/\/alrpcopy.alrp-ab.se\/wp-content\/uploads\/2024\/07\/magister_stella_ny.pdf\">magister_stella_ny<\/a> <\/strong><br \/>\n<strong><a href=\"https:\/\/alrpcopy.alrp-ab.se\/wp-content\/uploads\/2024\/07\/Magister-STELLAENG-1.pdf\">Magister STELLAENG<\/a><\/strong><\/p>\n<p>&nbsp;<\/p>\n","protected":false},"featured_media":3309,"template":"","meta":{"_uag_custom_page_level_css":"","site-sidebar-layout":"default","site-content-layout":"","ast-site-content-layout":"default","site-content-style":"default","site-sidebar-style":"default","ast-global-header-display":"","ast-banner-title-visibility":"","ast-main-header-display":"","ast-hfb-above-header-display":"","ast-hfb-below-header-display":"","ast-hfb-mobile-header-display":"","site-post-title":"","ast-breadcrumbs-content":"","ast-featured-img":"","footer-sml-layout":"","theme-transparent-header-meta":"default","adv-header-id-meta":"","stick-header-meta":"default","header-above-stick-meta":"","header-main-stick-meta":"","header-below-stick-meta":"","astra-migrate-meta-layouts":"set","ast-page-background-enabled":"default","ast-page-background-meta":{"desktop":{"background-color":"var(--ast-global-color-5)","background-image":"","background-repeat":"repeat","background-position":"center center","background-size":"auto","background-attachment":"scroll","background-type":"","background-media":"","overlay-type":"","overlay-color":"","overlay-opacity":"","overlay-gradient":""},"tablet":{"background-color":"","background-image":"","background-repeat":"repeat","background-position":"center center","background-size":"auto","background-attachment":"scroll","background-type":"","background-media":"","overlay-type":"","overlay-color":"","overlay-opacity":"","overlay-gradient":""},"mobile":{"background-color":"","background-image":"","background-repeat":"repeat","background-position":"center center","background-size":"auto","background-attachment":"scroll","background-type":"","background-media":"","overlay-type":"","overlay-color":"","overlay-opacity":"","overlay-gradient":""}},"ast-content-background-meta":{"desktop":{"background-color":"var(--ast-global-color-4)","background-image":"","background-repeat":"repeat","background-position":"center center","background-size":"auto","background-attachment":"scroll","background-type":"","background-media":"","overlay-type":"","overlay-color":"","overlay-opacity":"","overlay-gradient":""},"tablet":{"background-color":"var(--ast-global-color-4)","background-image":"","background-repeat":"repeat","background-position":"center center","background-size":"auto","background-attachment":"scroll","background-type":"","background-media":"","overlay-type":"","overlay-color":"","overlay-opacity":"","overlay-gradient":""},"mobile":{"background-color":"var(--ast-global-color-4)","background-image":"","background-repeat":"repeat","background-position":"center center","background-size":"auto","background-attachment":"scroll","background-type":"","background-media":"","overlay-type":"","overlay-color":"","overlay-opacity":"","overlay-gradient":""}}},"product_brand":[388],"product_cat":[66,68,17],"product_tag":[101,118],"class_list":{"0":"post-2866","1":"product","2":"type-product","3":"status-publish","4":"has-post-thumbnail","6":"product_brand-magister","7":"product_cat-traditionella","8":"product_cat-hemmamaskiner","9":"product_cat-alla_produkter","10":"product_tag-perfekt-som-hemmamaskin","11":"product_tag-1-gruppsmaskin","12":"desktop-align-left","13":"tablet-align-left","14":"mobile-align-left","15":"ast-product-gallery-layout-horizontal-slider","16":"ast-product-tabs-layout-horizontal","18":"first","19":"instock","20":"shipping-taxable","21":"product-type-simple"},"uagb_featured_image_src":{"full":["https:\/\/alrpcopy.alrp-ab.se\/wp-content\/uploads\/2024\/07\/MAG_STELLA_DUAL-400x400-1.jpg",400,400,false],"thumbnail":["https:\/\/alrpcopy.alrp-ab.se\/wp-content\/uploads\/2024\/07\/MAG_STELLA_DUAL-400x400-1-150x150.jpg",150,150,true],"medium":["https:\/\/alrpcopy.alrp-ab.se\/wp-content\/uploads\/2024\/07\/MAG_STELLA_DUAL-400x400-1-300x300.jpg",300,300,true],"medium_large":["https:\/\/alrpcopy.alrp-ab.se\/wp-content\/uploads\/2024\/07\/MAG_STELLA_DUAL-400x400-1.jpg",400,400,false],"large":["https:\/\/alrpcopy.alrp-ab.se\/wp-content\/uploads\/2024\/07\/MAG_STELLA_DUAL-400x400-1.jpg",400,400,false],"1536x1536":["https:\/\/alrpcopy.alrp-ab.se\/wp-content\/uploads\/2024\/07\/MAG_STELLA_DUAL-400x400-1.jpg",400,400,false],"2048x2048":["https:\/\/alrpcopy.alrp-ab.se\/wp-content\/uploads\/2024\/07\/MAG_STELLA_DUAL-400x400-1.jpg",400,400,false],"woocommerce_thumbnail":["https:\/\/alrpcopy.alrp-ab.se\/wp-content\/uploads\/2024\/07\/MAG_STELLA_DUAL-400x400-1-300x300.jpg",300,300,true],"woocommerce_single":["https:\/\/alrpcopy.alrp-ab.se\/wp-content\/uploads\/2024\/07\/MAG_STELLA_DUAL-400x400-1.jpg",400,400,false],"woocommerce_gallery_thumbnail":["https:\/\/alrpcopy.alrp-ab.se\/wp-content\/uploads\/2024\/07\/MAG_STELLA_DUAL-400x400-1-100x100.jpg",100,100,true]},"uagb_author_info":{"display_name":"Alrp","author_link":"https:\/\/alrpcopy.alrp-ab.se\/en\/author\/"},"uagb_comment_info":0,"uagb_excerpt":"En dekorativ och robust byggd espressomaskin, professionell men \u00e4ven f\u00f6r hemmabruk. Ladda ner PDF magister_stella_ny Magister STELLAENG &nbsp;","_links":{"self":[{"href":"https:\/\/alrpcopy.alrp-ab.se\/en\/wp-json\/wp\/v2\/product\/2866","targetHints":{"allow":["GET"]}}],"collection":[{"href":"https:\/\/alrpcopy.alrp-ab.se\/en\/wp-json\/wp\/v2\/product"}],"about":[{"href":"https:\/\/alrpcopy.alrp-ab.se\/en\/wp-json\/wp\/v2\/types\/product"}],"wp:featuredmedia":[{"embeddable":true,"href":"https:\/\/alrpcopy.alrp-ab.se\/en\/wp-json\/wp\/v2\/media\/3309"}],"wp:attachment":[{"href":"https:\/\/alrpcopy.alrp-ab.se\/en\/wp-json\/wp\/v2\/media?parent=2866"}],"wp:term":[{"taxonomy":"product_brand","embeddable":true,"href":"https:\/\/alrpcopy.alrp-ab.se\/en\/wp-json\/wp\/v2\/product_brand?post=2866"},{"taxonomy":"product_cat","embeddable":true,"href":"https:\/\/alrpcopy.alrp-ab.se\/en\/wp-json\/wp\/v2\/product_cat?post=2866"},{"taxonomy":"product_tag","embeddable":true,"href":"https:\/\/alrpcopy.alrp-ab.se\/en\/wp-json\/wp\/v2\/product_tag?post=2866"}],"curies":[{"name":"wp","href":"https:\/\/api.w.org\/{rel}","templated":true}]}}