{"id":2865,"date":"2024-07-04T17:33:13","date_gmt":"2024-07-04T17:33:13","guid":{"rendered":"https:\/\/alrpcopy.alrp-ab.se\/?post_type=product&#038;p=2865"},"modified":"2025-03-15T14:54:23","modified_gmt":"2025-03-15T14:54:23","slug":"magister-kappa-kompakt","status":"publish","type":"product","link":"https:\/\/alrpcopy.alrp-ab.se\/en\/produkt\/magister-kappa-kompakt\/","title":{"rendered":"Magister Kappa &#8211; kompakt"},"content":{"rendered":"<h3>Traditionell Espressomaskin &#8211; NYHET<\/h3>\n<p><span style=\"font-family: verdana, geneva, sans-serif; font-size: 10pt;\">En snygg, italiensk, traditionell espressomaskin med h\u00f6g kapacitet och automatisk vattenp\u00e5fyllning.\u00a0Maskinen \u00e4r l\u00e4mplig f\u00f6r restauranger, caf\u00e9er, flygplatser mm.<\/span><\/p>\n<h4>Om Magister Kappa<\/h4>\n<ul>\n<li><span style=\"font-size: 10pt; font-family: verdana, geneva, sans-serif;\">Traditionell maskin f\u00f6r malet kaffe.<\/span><\/li>\n<li><span style=\"font-size: 10pt; font-family: verdana, geneva, sans-serif;\">Automatisk vattenp\u00e5fyllning<\/span><\/li>\n<li><span style=\"font-size: 10pt; font-family: verdana, geneva, sans-serif;\">Alla r\u00f6r \u00e4r i koppar samt alla kopplingar i m\u00e4ssing.\u00a0Ventiler i f\u00f6rkromad m\u00e4ssing.<\/span><\/li>\n<li><span style=\"font-size: 10pt; font-family: verdana, geneva, sans-serif;\">Utrustad med:<\/span><br \/>\n<span style=\"font-size: 10pt; font-family: verdana, geneva, sans-serif;\">&#8211; \u00d6verhettningsskydd och s\u00e4kerhetsventil p\u00e5 pannan<\/span><br \/>\n<span style=\"font-size: 10pt; font-family: verdana, geneva, sans-serif;\">&#8211; Manometer som visar \u00e5ngtrycket<\/span><br \/>\n<span style=\"font-size: 10pt; font-family: verdana, geneva, sans-serif;\">&#8211; Alarm f\u00f6r l\u00e5g vattenniv\u00e5 i pannan och i tanken.<\/span><br \/>\n<span style=\"font-size: 10pt; font-family: verdana, geneva, sans-serif;\">&#8211; Isolerade \u00e5ngr\u00f6r.\u00a0<em>Inga br\u00e4nda fingrar.<\/em><\/span><br \/>\n<span style=\"font-size: 10pt; font-family: verdana, geneva, sans-serif;\">&#8211; Tevattenventil med programmering<\/span><br \/>\n<span style=\"font-size: 10pt; font-family: verdana, geneva, sans-serif;\">&#8211; Volymetrisk pump med bypass<\/span><br \/>\n<span style=\"font-size: 10pt; font-family: verdana, geneva, sans-serif;\">&#8211; Expansionsventil.<\/span><br \/>\n<span style=\"font-size: 10pt; font-family: verdana, geneva, sans-serif;\">&#8211; Vakuumventil<\/span><br \/>\n<span style=\"font-size: 10pt; font-family: verdana, geneva, sans-serif;\">&#8211; Backventiler<\/span><br \/>\n<span style=\"font-size: 10pt; font-family: verdana, geneva, sans-serif;\">&#8211; V\u00e4rmepannor i koppar<\/span><br \/>\n<span style=\"font-size: 10pt; font-family: verdana, geneva, sans-serif;\">&#8211; S\u00e4kerhetstermostat<\/span><br \/>\n<span style=\"font-size: 10pt; font-family: verdana, geneva, sans-serif;\">&#8211; Spillbricka<\/span><br \/>\n<span style=\"font-size: 10pt; font-family: verdana, geneva, sans-serif;\">&#8211; 1- och 2koppsfilter<\/span><br \/>\n<span style=\"font-size: 10pt; font-family: verdana, geneva, sans-serif;\">&#8211; Volymetriska knappval med fyra doserande val och 1 kontinuerligt.<\/span><\/li>\n<\/ul>\n<h5><span style=\"font-size: 14pt; font-family: georgia, palatino, serif;\">Tillval<\/span><\/h5>\n<p><span style=\"font-family: verdana, geneva, sans-serif;\">&#8211; <span style=\"font-size: 10pt;\">Kalkfilter<\/span><\/span><br \/>\n<span style=\"font-size: 10pt; font-family: verdana, geneva, sans-serif;\">&#8211; Koppv\u00e4rmeri<\/span><br \/>\n<span style=\"font-size: 10pt; font-family: verdana, geneva, sans-serif;\">&#8211; Varmvattensventil f\u00f6r tebryggning. R\u00e4tt temperatur.<\/span><br \/>\n<span style=\"font-size: 10pt; font-family: verdana, geneva, sans-serif;\">&#8211; Spillbricka som kan kopplas till avlopp<\/span><br \/>\n<span style=\"font-size: 10pt; font-family: verdana, geneva, sans-serif;\">&#8211; Vattenanslutning<\/span><br \/>\n<span style=\"font-size: 10pt; font-family: verdana, geneva, sans-serif;\">&#8211; Cappuccinatore eller mj\u00f6lkskummare<\/span><br \/>\n<span style=\"font-size: 10pt; font-family: verdana, geneva, sans-serif;\">&#8211; Takeaway version f\u00f6r h\u00f6ga glas upp till 185mm.<\/span><br \/>\n<span style=\"font-size: 10pt; font-family: verdana, geneva, sans-serif;\">&#8211; Gasverion<\/span><br \/>\n<span style=\"font-size: 10pt; font-family: verdana, geneva, sans-serif;\">&#8211; Filterhandtag f\u00f6r pods eller kapslar<\/span><br \/>\n<span style=\"font-size: 10pt; font-family: verdana, geneva, sans-serif;\">&#8211; Finns m\u00f6jlighet att best\u00e4lla ett extra \u00e5ngr\u00f6r till Kompakt modellen<\/span><\/p>\n","protected":false},"excerpt":{"rendered":"<p>Traditionell espressomaskin med h\u00f6g kapacitet och automatisk vattenp\u00e5fyllning. Platsbesparande.<\/p>\n<h5>Ladda ner PDF<\/h5>\n<h6><a href=\"https:\/\/alrpcopy.alrp-ab.se\/wp-content\/uploads\/2024\/07\/magister_kappa_sv-1.pdf\">magister_kappa_sv<\/a><\/h6>\n<h6><a href=\"https:\/\/alrpcopy.alrp-ab.se\/wp-content\/uploads\/2024\/07\/KAPPA-ES70-eng.pdf\">KAPPA ES70 eng<\/a><\/h6>\n<p>&nbsp;<\/p>\n","protected":false},"featured_media":3285,"template":"","meta":{"_uag_custom_page_level_css":"","site-sidebar-layout":"default","site-content-layout":"","ast-site-content-layout":"default","site-content-style":"default","site-sidebar-style":"default","ast-global-header-display":"","ast-banner-title-visibility":"","ast-main-header-display":"","ast-hfb-above-header-display":"","ast-hfb-below-header-display":"","ast-hfb-mobile-header-display":"","site-post-title":"","ast-breadcrumbs-content":"","ast-featured-img":"","footer-sml-layout":"","theme-transparent-header-meta":"default","adv-header-id-meta":"","stick-header-meta":"default","header-above-stick-meta":"","header-main-stick-meta":"","header-below-stick-meta":"","astra-migrate-meta-layouts":"set","ast-page-background-enabled":"default","ast-page-background-meta":{"desktop":{"background-color":"var(--ast-global-color-5)","background-image":"","background-repeat":"repeat","background-position":"center center","background-size":"auto","background-attachment":"scroll","background-type":"","background-media":"","overlay-type":"","overlay-color":"","overlay-opacity":"","overlay-gradient":""},"tablet":{"background-color":"","background-image":"","background-repeat":"repeat","background-position":"center center","background-size":"auto","background-attachment":"scroll","background-type":"","background-media":"","overlay-type":"","overlay-color":"","overlay-opacity":"","overlay-gradient":""},"mobile":{"background-color":"","background-image":"","background-repeat":"repeat","background-position":"center center","background-size":"auto","background-attachment":"scroll","background-type":"","background-media":"","overlay-type":"","overlay-color":"","overlay-opacity":"","overlay-gradient":""}},"ast-content-background-meta":{"desktop":{"background-color":"var(--ast-global-color-4)","background-image":"","background-repeat":"repeat","background-position":"center center","background-size":"auto","background-attachment":"scroll","background-type":"","background-media":"","overlay-type":"","overlay-color":"","overlay-opacity":"","overlay-gradient":""},"tablet":{"background-color":"var(--ast-global-color-4)","background-image":"","background-repeat":"repeat","background-position":"center center","background-size":"auto","background-attachment":"scroll","background-type":"","background-media":"","overlay-type":"","overlay-color":"","overlay-opacity":"","overlay-gradient":""},"mobile":{"background-color":"var(--ast-global-color-4)","background-image":"","background-repeat":"repeat","background-position":"center center","background-size":"auto","background-attachment":"scroll","background-type":"","background-media":"","overlay-type":"","overlay-color":"","overlay-opacity":"","overlay-gradient":""}}},"product_brand":[],"product_cat":[66,17],"product_tag":[119],"class_list":{"0":"post-2865","1":"product","2":"type-product","3":"status-publish","4":"has-post-thumbnail","6":"product_cat-traditionella","7":"product_cat-alla_produkter","8":"product_tag-2-gruppsmaskin","9":"desktop-align-left","10":"tablet-align-left","11":"mobile-align-left","12":"ast-product-gallery-layout-horizontal-slider","13":"ast-product-tabs-layout-horizontal","15":"first","16":"instock","17":"shipping-taxable","18":"product-type-simple"},"uagb_featured_image_src":{"full":["https:\/\/alrpcopy.alrp-ab.se\/wp-content\/uploads\/2024\/07\/KAPPA_2grupp_kompakt02-400x400-1.jpg",400,400,false],"thumbnail":["https:\/\/alrpcopy.alrp-ab.se\/wp-content\/uploads\/2024\/07\/KAPPA_2grupp_kompakt02-400x400-1-150x150.jpg",150,150,true],"medium":["https:\/\/alrpcopy.alrp-ab.se\/wp-content\/uploads\/2024\/07\/KAPPA_2grupp_kompakt02-400x400-1-300x300.jpg",300,300,true],"medium_large":["https:\/\/alrpcopy.alrp-ab.se\/wp-content\/uploads\/2024\/07\/KAPPA_2grupp_kompakt02-400x400-1.jpg",400,400,false],"large":["https:\/\/alrpcopy.alrp-ab.se\/wp-content\/uploads\/2024\/07\/KAPPA_2grupp_kompakt02-400x400-1.jpg",400,400,false],"1536x1536":["https:\/\/alrpcopy.alrp-ab.se\/wp-content\/uploads\/2024\/07\/KAPPA_2grupp_kompakt02-400x400-1.jpg",400,400,false],"2048x2048":["https:\/\/alrpcopy.alrp-ab.se\/wp-content\/uploads\/2024\/07\/KAPPA_2grupp_kompakt02-400x400-1.jpg",400,400,false],"woocommerce_thumbnail":["https:\/\/alrpcopy.alrp-ab.se\/wp-content\/uploads\/2024\/07\/KAPPA_2grupp_kompakt02-400x400-1-300x300.jpg",300,300,true],"woocommerce_single":["https:\/\/alrpcopy.alrp-ab.se\/wp-content\/uploads\/2024\/07\/KAPPA_2grupp_kompakt02-400x400-1.jpg",400,400,false],"woocommerce_gallery_thumbnail":["https:\/\/alrpcopy.alrp-ab.se\/wp-content\/uploads\/2024\/07\/KAPPA_2grupp_kompakt02-400x400-1-100x100.jpg",100,100,true]},"uagb_author_info":{"display_name":"Alrp","author_link":"https:\/\/alrpcopy.alrp-ab.se\/en\/author\/"},"uagb_comment_info":0,"uagb_excerpt":"Traditionell espressomaskin med h\u00f6g kapacitet och automatisk vattenp\u00e5fyllning. Platsbesparande. Ladda ner PDF magister_kappa_sv KAPPA ES70 eng &nbsp;","_links":{"self":[{"href":"https:\/\/alrpcopy.alrp-ab.se\/en\/wp-json\/wp\/v2\/product\/2865","targetHints":{"allow":["GET"]}}],"collection":[{"href":"https:\/\/alrpcopy.alrp-ab.se\/en\/wp-json\/wp\/v2\/product"}],"about":[{"href":"https:\/\/alrpcopy.alrp-ab.se\/en\/wp-json\/wp\/v2\/types\/product"}],"wp:featuredmedia":[{"embeddable":true,"href":"https:\/\/alrpcopy.alrp-ab.se\/en\/wp-json\/wp\/v2\/media\/3285"}],"wp:attachment":[{"href":"https:\/\/alrpcopy.alrp-ab.se\/en\/wp-json\/wp\/v2\/media?parent=2865"}],"wp:term":[{"taxonomy":"product_brand","embeddable":true,"href":"https:\/\/alrpcopy.alrp-ab.se\/en\/wp-json\/wp\/v2\/product_brand?post=2865"},{"taxonomy":"product_cat","embeddable":true,"href":"https:\/\/alrpcopy.alrp-ab.se\/en\/wp-json\/wp\/v2\/product_cat?post=2865"},{"taxonomy":"product_tag","embeddable":true,"href":"https:\/\/alrpcopy.alrp-ab.se\/en\/wp-json\/wp\/v2\/product_tag?post=2865"}],"curies":[{"name":"wp","href":"https:\/\/api.w.org\/{rel}","templated":true}]}}