{"id":2862,"date":"2024-07-04T17:24:57","date_gmt":"2024-07-04T17:24:57","guid":{"rendered":"https:\/\/alrpcopy.alrp-ab.se\/?post_type=product&#038;p=2862"},"modified":"2025-03-16T18:21:40","modified_gmt":"2025-03-16T18:21:40","slug":"magister-es-40","status":"publish","type":"product","link":"https:\/\/alrpcopy.alrp-ab.se\/en\/produkt\/magister-es-40\/","title":{"rendered":"Magister ES 40"},"content":{"rendered":"<div id=\"tab-description\" class=\"tab-content\">\n<article id=\"Magister ES40 - Traditionell, 1grupp\">\n<h3><strong>1 Grupps Espressomaskin &#8211; NYHET<\/strong><\/h3>\n<p><span style=\"font-size: 10pt; font-family: verdana, geneva, sans-serif;\">Traditionell automatisk espressomaskin i svart utf\u00f6rande. Magister ES40 har modernt utseende och \u00e4r robust byggd med m\u00e5nga finesser. Den har ocks\u00e5 plats f\u00f6r h\u00f6ga muggar. Maskinen \u00e4r l\u00e4mplig f\u00f6r baren, kontoret, lilla caf\u00e9et eller hemmet.\u00a0<\/span><\/p>\n<h4><strong>Utrustad med:<\/strong><\/h4>\n<ul>\n<li><span style=\"font-size: 12pt; font-family: verdana, geneva, sans-serif;\">Professionelll grupp med termosifonisk cirkulation<\/span><\/li>\n<li><span style=\"font-size: 12pt; font-family: verdana, geneva, sans-serif;\">Temperaturkontroll<\/span><\/li>\n<li><span style=\"font-size: 12pt; font-family: verdana, geneva, sans-serif;\">Panel med 5st knappval och LED-indikering<\/span><\/li>\n<li><span style=\"font-size: 12pt; font-family: verdana, geneva, sans-serif;\">Manometer som visar \u00e5ngtrycket<\/span><\/li>\n<li><span style=\"font-size: 12pt; font-family: verdana, geneva, sans-serif;\">\u00d6verhettningsskydd och s\u00e4kerhetsventil p\u00e5 pannan<\/span><\/li>\n<li><span style=\"font-size: 12pt; font-family: verdana, geneva, sans-serif;\">Alarm f\u00f6r l\u00e5g vattenniv\u00e5 i pannan och i tanken<\/span><\/li>\n<li><span style=\"font-size: 12pt; font-family: verdana, geneva, sans-serif;\">Expansionsventil, vakuumventil och backventiler<\/span><\/li>\n<li><span style=\"font-size: 12pt; font-family: verdana, geneva, sans-serif;\">\u00c5ngventil med sk\u00e5llningsskydd<\/span><\/li>\n<li><span style=\"font-size: 12pt; font-family: verdana, geneva, sans-serif;\">Automatisk vattenp\u00e5fyllning<\/span><\/li>\n<li><span style=\"font-size: 12pt; font-family: verdana, geneva, sans-serif;\">Alla r\u00f6r \u00e4r i koppar samt alla kopplingar i m\u00e4ssing.<\/span><\/li>\n<\/ul>\n<h5><span style=\"font-size: 12pt;\"><strong>Ing\u00e5r<\/strong>:<\/span><\/h5>\n<p><span style=\"font-size: 12pt; font-family: verdana, geneva, sans-serif;\">&#8211; Stamp<\/span><br \/>\n<span style=\"font-size: 12pt; font-family: verdana, geneva, sans-serif;\">&#8211; 1- och 2koppsfilter<\/span><br \/>\n<span style=\"font-size: 12pt; font-family: verdana, geneva, sans-serif;\">&#8211; Rensbricka<\/span><\/p>\n<h5><span style=\"font-size: 12pt;\"><strong>Tillval<\/strong><\/span><\/h5>\n<p><span style=\"font-size: 12pt; font-family: verdana, geneva, sans-serif;\">&#8211; Kalkfilter<\/span><br \/>\n<span style=\"font-size: 12pt; font-family: verdana, geneva, sans-serif;\">&#8211; Vattenanslutning<\/span><br \/>\n<span style=\"font-size: 12pt; font-family: verdana, geneva, sans-serif;\">&#8211; Annat utf\u00f6rande: Semiautomatisk med on off knapp (MS40)<\/span><\/p>\n<p>&nbsp;<\/p>\n<\/article>\n<\/div>\n","protected":false},"excerpt":{"rendered":"<p>Traditionell automatisk espressomaskin i svart. Plats f\u00f6r h\u00f6ga muggar.<\/p>\n<h5>Ladda ner PDF<\/h5>\n<p><a href=\"https:\/\/alrpcopy.alrp-ab.se\/wp-content\/uploads\/2024\/07\/magister_ES40_sv.pdf\">magister_ES40_sv<\/a><\/p>\n<p><a href=\"https:\/\/alrpcopy.alrp-ab.se\/wp-content\/uploads\/2024\/07\/mag-ES-40-ENG-2021-1.pdf\">mag ES 40 ENG 2021 (1)<\/a><\/p>\n<p>&nbsp;<\/p>\n","protected":false},"featured_media":3238,"template":"","meta":{"_uag_custom_page_level_css":"","site-sidebar-layout":"default","site-content-layout":"","ast-site-content-layout":"default","site-content-style":"default","site-sidebar-style":"default","ast-global-header-display":"","ast-banner-title-visibility":"","ast-main-header-display":"","ast-hfb-above-header-display":"","ast-hfb-below-header-display":"","ast-hfb-mobile-header-display":"","site-post-title":"","ast-breadcrumbs-content":"","ast-featured-img":"","footer-sml-layout":"","theme-transparent-header-meta":"default","adv-header-id-meta":"","stick-header-meta":"default","header-above-stick-meta":"","header-main-stick-meta":"","header-below-stick-meta":"","astra-migrate-meta-layouts":"set","ast-page-background-enabled":"default","ast-page-background-meta":{"desktop":{"background-color":"var(--ast-global-color-5)","background-image":"","background-repeat":"repeat","background-position":"center center","background-size":"auto","background-attachment":"scroll","background-type":"","background-media":"","overlay-type":"","overlay-color":"","overlay-opacity":"","overlay-gradient":""},"tablet":{"background-color":"","background-image":"","background-repeat":"repeat","background-position":"center center","background-size":"auto","background-attachment":"scroll","background-type":"","background-media":"","overlay-type":"","overlay-color":"","overlay-opacity":"","overlay-gradient":""},"mobile":{"background-color":"","background-image":"","background-repeat":"repeat","background-position":"center center","background-size":"auto","background-attachment":"scroll","background-type":"","background-media":"","overlay-type":"","overlay-color":"","overlay-opacity":"","overlay-gradient":""}},"ast-content-background-meta":{"desktop":{"background-color":"var(--ast-global-color-4)","background-image":"","background-repeat":"repeat","background-position":"center center","background-size":"auto","background-attachment":"scroll","background-type":"","background-media":"","overlay-type":"","overlay-color":"","overlay-opacity":"","overlay-gradient":""},"tablet":{"background-color":"var(--ast-global-color-4)","background-image":"","background-repeat":"repeat","background-position":"center center","background-size":"auto","background-attachment":"scroll","background-type":"","background-media":"","overlay-type":"","overlay-color":"","overlay-opacity":"","overlay-gradient":""},"mobile":{"background-color":"var(--ast-global-color-4)","background-image":"","background-repeat":"repeat","background-position":"center center","background-size":"auto","background-attachment":"scroll","background-type":"","background-media":"","overlay-type":"","overlay-color":"","overlay-opacity":"","overlay-gradient":""}}},"product_brand":[388],"product_cat":[66,68,17],"product_tag":[102,118],"class_list":{"0":"post-2862","1":"product","2":"type-product","3":"status-publish","4":"has-post-thumbnail","6":"product_brand-magister","7":"product_cat-traditionella","8":"product_cat-hemmamaskiner","9":"product_cat-alla_produkter","10":"product_tag-aven-for-hemmabruk","11":"product_tag-1-gruppsmaskin","12":"desktop-align-left","13":"tablet-align-left","14":"mobile-align-left","15":"ast-product-gallery-layout-horizontal-slider","16":"ast-product-tabs-layout-horizontal","18":"first","19":"instock","20":"shipping-taxable","21":"product-type-simple"},"uagb_featured_image_src":{"full":["https:\/\/alrpcopy.alrp-ab.se\/wp-content\/uploads\/2024\/07\/MAG_ES40_ny-400x400-1.jpg",400,400,false],"thumbnail":["https:\/\/alrpcopy.alrp-ab.se\/wp-content\/uploads\/2024\/07\/MAG_ES40_ny-400x400-1-150x150.jpg",150,150,true],"medium":["https:\/\/alrpcopy.alrp-ab.se\/wp-content\/uploads\/2024\/07\/MAG_ES40_ny-400x400-1-300x300.jpg",300,300,true],"medium_large":["https:\/\/alrpcopy.alrp-ab.se\/wp-content\/uploads\/2024\/07\/MAG_ES40_ny-400x400-1.jpg",400,400,false],"large":["https:\/\/alrpcopy.alrp-ab.se\/wp-content\/uploads\/2024\/07\/MAG_ES40_ny-400x400-1.jpg",400,400,false],"1536x1536":["https:\/\/alrpcopy.alrp-ab.se\/wp-content\/uploads\/2024\/07\/MAG_ES40_ny-400x400-1.jpg",400,400,false],"2048x2048":["https:\/\/alrpcopy.alrp-ab.se\/wp-content\/uploads\/2024\/07\/MAG_ES40_ny-400x400-1.jpg",400,400,false],"woocommerce_thumbnail":["https:\/\/alrpcopy.alrp-ab.se\/wp-content\/uploads\/2024\/07\/MAG_ES40_ny-400x400-1-300x300.jpg",300,300,true],"woocommerce_single":["https:\/\/alrpcopy.alrp-ab.se\/wp-content\/uploads\/2024\/07\/MAG_ES40_ny-400x400-1.jpg",400,400,false],"woocommerce_gallery_thumbnail":["https:\/\/alrpcopy.alrp-ab.se\/wp-content\/uploads\/2024\/07\/MAG_ES40_ny-400x400-1-100x100.jpg",100,100,true]},"uagb_author_info":{"display_name":"Alrp","author_link":"https:\/\/alrpcopy.alrp-ab.se\/en\/author\/"},"uagb_comment_info":0,"uagb_excerpt":"Traditionell automatisk espressomaskin i svart. Plats f\u00f6r h\u00f6ga muggar. Ladda ner PDF magister_ES40_sv mag ES 40 ENG 2021 (1) &nbsp;","_links":{"self":[{"href":"https:\/\/alrpcopy.alrp-ab.se\/en\/wp-json\/wp\/v2\/product\/2862","targetHints":{"allow":["GET"]}}],"collection":[{"href":"https:\/\/alrpcopy.alrp-ab.se\/en\/wp-json\/wp\/v2\/product"}],"about":[{"href":"https:\/\/alrpcopy.alrp-ab.se\/en\/wp-json\/wp\/v2\/types\/product"}],"wp:featuredmedia":[{"embeddable":true,"href":"https:\/\/alrpcopy.alrp-ab.se\/en\/wp-json\/wp\/v2\/media\/3238"}],"wp:attachment":[{"href":"https:\/\/alrpcopy.alrp-ab.se\/en\/wp-json\/wp\/v2\/media?parent=2862"}],"wp:term":[{"taxonomy":"product_brand","embeddable":true,"href":"https:\/\/alrpcopy.alrp-ab.se\/en\/wp-json\/wp\/v2\/product_brand?post=2862"},{"taxonomy":"product_cat","embeddable":true,"href":"https:\/\/alrpcopy.alrp-ab.se\/en\/wp-json\/wp\/v2\/product_cat?post=2862"},{"taxonomy":"product_tag","embeddable":true,"href":"https:\/\/alrpcopy.alrp-ab.se\/en\/wp-json\/wp\/v2\/product_tag?post=2862"}],"curies":[{"name":"wp","href":"https:\/\/api.w.org\/{rel}","templated":true}]}}