{"id":2860,"date":"2024-07-04T17:23:38","date_gmt":"2024-07-04T17:23:38","guid":{"rendered":"https:\/\/alrpcopy.alrp-ab.se\/?post_type=product&#038;p=2860"},"modified":"2025-03-16T18:21:40","modified_gmt":"2025-03-16T18:21:40","slug":"magister-es30","status":"publish","type":"product","link":"https:\/\/alrpcopy.alrp-ab.se\/en\/produkt\/magister-es30\/","title":{"rendered":"Magister ES30"},"content":{"rendered":"<div id=\"tab-description\" class=\"tab-content\">\n<article id=\"Magister ES30 - Espressomaskin, 1grupp\">\n<h3>1 Grupps Espressomaskin &#8211; NYHET<\/h3>\n<p><span style=\"font-size: 10pt;\">En liten 1 grupps espressomaskin med automatisk vattenp\u00e5fyllning och ett \u00e5ngr\u00f6r. Maskinen \u00e4r l\u00e4mplig f\u00f6r baren, kontoret, lilla caf\u00e9et eller hemmet. En dekorativ espressomaskin helt i rostfritt st\u00e5l!<\/span><\/p>\n<h4>Om Magister ES30<\/h4>\n<ul>\n<li><span style=\"font-size: 10pt;\">Espressomaskin f\u00f6r malet kaffe. Tillval finns f\u00f6r pods eller kapslar<\/span><\/li>\n<li><span style=\"font-size: 10pt;\">Automatisk vattenp\u00e5fyllning<\/span><\/li>\n<li><span style=\"font-size: 10pt;\">Alla r\u00f6r \u00e4r i koppar samt alla kopplingar i m\u00e4ssing.\u00a0Ventiler i f\u00f6rkromad m\u00e4ssing.<\/span><\/li>\n<li><span style=\"font-size: 10pt;\">Alla komponenter \u00e4r CE godk\u00e4nda<\/span><\/li>\n<li><span style=\"font-size: 10pt;\">Utrustad med:<\/span><br \/>\n<span style=\"font-size: 10pt;\">&#8211; Professionell bryggrupp<\/span><br \/>\n<span style=\"font-size: 10pt;\">&#8211; PID v\u00e4rme\u2014Elektronisk v\u00e4rmekontroll av bryggtemperatur.<\/span><br \/>\n<span style=\"font-size: 10pt;\">&#8211; Alarm f\u00f6r l\u00e5g vattenniv\u00e5 i tanken<\/span><br \/>\n<span style=\"font-size: 10pt;\">&#8211;\u00a0Alarm vid l\u00e5ng bryggtid<\/span><br \/>\n<span style=\"font-size: 10pt;\">&#8211; Varmvattenutmatning<\/span><br \/>\n<span style=\"font-size: 10pt;\">&#8211; 2 doseringar kan st\u00e4llas in som kontrolleras av en fl\u00f6desm\u00e4tare.<\/span><br \/>\n<span style=\"font-size: 10pt;\">&#8211; \u00c5ngvred<\/span><\/li>\n<\/ul>\n<h5>Ing\u00e5r:<\/h5>\n<p><span style=\"font-size: 10pt;\">\u200b- 1st \u00e5ngr\u00f6r\u00a0med vred<\/span><br \/>\n<span style=\"font-size: 10pt;\">\u200b- Koppv\u00e4rmeri<\/span><br \/>\n<span style=\"font-size: 10pt;\">\u200b- Spillbricka<\/span><br \/>\n<span style=\"font-size: 10pt;\">&#8211; Stamp<\/span><br \/>\n<span style=\"font-size: 10pt;\">&#8211; 1- och 2koppsfilter<\/span><br \/>\n<span style=\"font-size: 10pt;\">&#8211; Rensbricka<\/span><\/p>\n<h5>Tillval<\/h5>\n<p><span style=\"font-size: 10pt;\">&#8211; Kalkfilter<\/span><br \/>\n<span style=\"font-size: 10pt;\">&#8211;\u00a0Infusionsventil<\/span><br \/>\n<span style=\"font-size: 10pt;\">&#8211;\u00a0Pods handtag eller kapselhandtag<\/span><br \/>\n<span style=\"font-size: 10pt;\">&#8211; Cappuccinatore eller turbo-mj\u00f6lkskummare<\/span><br \/>\n<span style=\"font-size: 10pt;\">&#8211; Sidopaneler i svart eller r\u00f6tt.<\/span><\/p>\n<\/article>\n<\/div>\n","protected":false},"excerpt":{"rendered":"<p>Liten 1 grupps espressomaskin med automatisk vattenp\u00e5fyllning.<\/p>\n<h5>Ladda ner PDF<\/h5>\n<p><a href=\"https:\/\/alrpcopy.alrp-ab.se\/wp-content\/uploads\/2024\/07\/magister_ES30_sv.pdf\">magister_ES30_sv<\/a><\/p>\n<p><a href=\"https:\/\/alrpcopy.alrp-ab.se\/wp-content\/uploads\/2024\/07\/Magister-STELLAENG.pdf\">Magister STELLA_ENG<\/a><\/p>\n<p>&nbsp;<\/p>\n","protected":false},"featured_media":3231,"template":"","meta":{"_uag_custom_page_level_css":"","site-sidebar-layout":"default","site-content-layout":"","ast-site-content-layout":"default","site-content-style":"default","site-sidebar-style":"default","ast-global-header-display":"","ast-banner-title-visibility":"","ast-main-header-display":"","ast-hfb-above-header-display":"","ast-hfb-below-header-display":"","ast-hfb-mobile-header-display":"","site-post-title":"","ast-breadcrumbs-content":"","ast-featured-img":"","footer-sml-layout":"","theme-transparent-header-meta":"default","adv-header-id-meta":"","stick-header-meta":"default","header-above-stick-meta":"","header-main-stick-meta":"","header-below-stick-meta":"","astra-migrate-meta-layouts":"set","ast-page-background-enabled":"default","ast-page-background-meta":{"desktop":{"background-color":"var(--ast-global-color-5)","background-image":"","background-repeat":"repeat","background-position":"center center","background-size":"auto","background-attachment":"scroll","background-type":"","background-media":"","overlay-type":"","overlay-color":"","overlay-opacity":"","overlay-gradient":""},"tablet":{"background-color":"","background-image":"","background-repeat":"repeat","background-position":"center center","background-size":"auto","background-attachment":"scroll","background-type":"","background-media":"","overlay-type":"","overlay-color":"","overlay-opacity":"","overlay-gradient":""},"mobile":{"background-color":"","background-image":"","background-repeat":"repeat","background-position":"center center","background-size":"auto","background-attachment":"scroll","background-type":"","background-media":"","overlay-type":"","overlay-color":"","overlay-opacity":"","overlay-gradient":""}},"ast-content-background-meta":{"desktop":{"background-color":"var(--ast-global-color-4)","background-image":"","background-repeat":"repeat","background-position":"center center","background-size":"auto","background-attachment":"scroll","background-type":"","background-media":"","overlay-type":"","overlay-color":"","overlay-opacity":"","overlay-gradient":""},"tablet":{"background-color":"var(--ast-global-color-4)","background-image":"","background-repeat":"repeat","background-position":"center center","background-size":"auto","background-attachment":"scroll","background-type":"","background-media":"","overlay-type":"","overlay-color":"","overlay-opacity":"","overlay-gradient":""},"mobile":{"background-color":"var(--ast-global-color-4)","background-image":"","background-repeat":"repeat","background-position":"center center","background-size":"auto","background-attachment":"scroll","background-type":"","background-media":"","overlay-type":"","overlay-color":"","overlay-opacity":"","overlay-gradient":""}}},"product_brand":[388],"product_cat":[66,68,17],"product_tag":[102,118],"class_list":{"0":"post-2860","1":"product","2":"type-product","3":"status-publish","4":"has-post-thumbnail","6":"product_brand-magister","7":"product_cat-traditionella","8":"product_cat-hemmamaskiner","9":"product_cat-alla_produkter","10":"product_tag-aven-for-hemmabruk","11":"product_tag-1-gruppsmaskin","12":"desktop-align-left","13":"tablet-align-left","14":"mobile-align-left","15":"ast-product-gallery-layout-horizontal-slider","16":"ast-product-tabs-layout-horizontal","18":"first","19":"instock","20":"shipping-taxable","21":"product-type-simple"},"uagb_featured_image_src":{"full":["https:\/\/alrpcopy.alrp-ab.se\/wp-content\/uploads\/2024\/07\/magister-es30-ny-400x400-1.jpg",400,400,false],"thumbnail":["https:\/\/alrpcopy.alrp-ab.se\/wp-content\/uploads\/2024\/07\/magister-es30-ny-400x400-1-150x150.jpg",150,150,true],"medium":["https:\/\/alrpcopy.alrp-ab.se\/wp-content\/uploads\/2024\/07\/magister-es30-ny-400x400-1-300x300.jpg",300,300,true],"medium_large":["https:\/\/alrpcopy.alrp-ab.se\/wp-content\/uploads\/2024\/07\/magister-es30-ny-400x400-1.jpg",400,400,false],"large":["https:\/\/alrpcopy.alrp-ab.se\/wp-content\/uploads\/2024\/07\/magister-es30-ny-400x400-1.jpg",400,400,false],"1536x1536":["https:\/\/alrpcopy.alrp-ab.se\/wp-content\/uploads\/2024\/07\/magister-es30-ny-400x400-1.jpg",400,400,false],"2048x2048":["https:\/\/alrpcopy.alrp-ab.se\/wp-content\/uploads\/2024\/07\/magister-es30-ny-400x400-1.jpg",400,400,false],"woocommerce_thumbnail":["https:\/\/alrpcopy.alrp-ab.se\/wp-content\/uploads\/2024\/07\/magister-es30-ny-400x400-1-300x300.jpg",300,300,true],"woocommerce_single":["https:\/\/alrpcopy.alrp-ab.se\/wp-content\/uploads\/2024\/07\/magister-es30-ny-400x400-1.jpg",400,400,false],"woocommerce_gallery_thumbnail":["https:\/\/alrpcopy.alrp-ab.se\/wp-content\/uploads\/2024\/07\/magister-es30-ny-400x400-1-100x100.jpg",100,100,true]},"uagb_author_info":{"display_name":"Alrp","author_link":"https:\/\/alrpcopy.alrp-ab.se\/en\/author\/"},"uagb_comment_info":0,"uagb_excerpt":"Liten 1 grupps espressomaskin med automatisk vattenp\u00e5fyllning. Ladda ner PDF magister_ES30_sv Magister STELLA_ENG &nbsp;","_links":{"self":[{"href":"https:\/\/alrpcopy.alrp-ab.se\/en\/wp-json\/wp\/v2\/product\/2860","targetHints":{"allow":["GET"]}}],"collection":[{"href":"https:\/\/alrpcopy.alrp-ab.se\/en\/wp-json\/wp\/v2\/product"}],"about":[{"href":"https:\/\/alrpcopy.alrp-ab.se\/en\/wp-json\/wp\/v2\/types\/product"}],"wp:featuredmedia":[{"embeddable":true,"href":"https:\/\/alrpcopy.alrp-ab.se\/en\/wp-json\/wp\/v2\/media\/3231"}],"wp:attachment":[{"href":"https:\/\/alrpcopy.alrp-ab.se\/en\/wp-json\/wp\/v2\/media?parent=2860"}],"wp:term":[{"taxonomy":"product_brand","embeddable":true,"href":"https:\/\/alrpcopy.alrp-ab.se\/en\/wp-json\/wp\/v2\/product_brand?post=2860"},{"taxonomy":"product_cat","embeddable":true,"href":"https:\/\/alrpcopy.alrp-ab.se\/en\/wp-json\/wp\/v2\/product_cat?post=2860"},{"taxonomy":"product_tag","embeddable":true,"href":"https:\/\/alrpcopy.alrp-ab.se\/en\/wp-json\/wp\/v2\/product_tag?post=2860"}],"curies":[{"name":"wp","href":"https:\/\/api.w.org\/{rel}","templated":true}]}}