{"id":2859,"date":"2024-07-04T17:20:49","date_gmt":"2024-07-04T17:20:49","guid":{"rendered":"https:\/\/alrpcopy.alrp-ab.se\/?post_type=product&#038;p=2859"},"modified":"2025-03-16T18:22:18","modified_gmt":"2025-03-16T18:22:18","slug":"izzo-vivi-plus-traditionell","status":"publish","type":"product","link":"https:\/\/alrpcopy.alrp-ab.se\/en\/produkt\/izzo-vivi-plus-traditionell\/","title":{"rendered":"Izzo Vivi Plus &#8211; Traditionell"},"content":{"rendered":"<h3>Vivi I Bl\u00e4nkande Rostfritt St\u00e5l<\/h3>\n<p><span style=\"font-size: 10pt;\">VIVI \u00e4r en liten, n\u00e4tt, elegant espressomaskin som ger ditt k\u00f6k ett nytt, h\u00f6gklassigt utseende. VIVI \u00e4r en professionell maskin som \u00e4r mycket omtyckt av sina \u00e4gare. Den passar s\u00e5v\u00e4l p\u00e5 den lilla serveringen som f\u00f6r hemmabruk.\u00a0<\/span><\/p>\n<h4>Om VIVI PLUS<\/h4>\n<ul>\n<li><span style=\"font-size: 10pt;\">Traditionell maskin f\u00f6r malet kaffe.<\/span><\/li>\n<li><span style=\"font-size: 10pt;\">Manuell spakstyrning av bryggning, typ E61<\/span><\/li>\n<li><span style=\"font-size: 10pt;\">Alla r\u00f6r \u00e4r i koppar samt alla kopplingar i m\u00e4ssing. Ventiler i f\u00f6rkromad m\u00e4ssing.<\/span><\/li>\n<li><span style=\"font-size: 10pt;\">Alla komponenter \u00e4r CE godk\u00e4nda<\/span><\/li>\n<li><span style=\"font-size: 10pt;\">B\u00e4ttre f\u00f6rpackningsmaterial av POLYLAM, organiskt och mycket st\u00f6ts\u00e4kert.<\/span><\/li>\n<li><span style=\"font-size: 10pt;\">L\u00e4tt avlyftbar gallerdel p\u00e5 toppen av maskinen<\/span><\/li>\n<\/ul>\n<h5>Utrustad med:<\/h5>\n<p><span style=\"font-size: 10pt;\">&#8211; PID termostat<\/span><br \/>\n<span style=\"font-size: 10pt;\">&#8211; Display med LED lampa<\/span><br \/>\n<span style=\"font-size: 10pt;\">&#8211; Alarm f\u00f6r l\u00e5g vattenniv\u00e5 i panna<\/span><br \/>\n<span style=\"font-size: 10pt;\">&#8211; Automatisk\u00a0vattenp\u00e5fyllning av panna<\/span><br \/>\n<span style=\"font-size: 10pt;\">&#8211; Manometer f\u00f6r \u00e5ngtryck<\/span><br \/>\n<span style=\"font-size: 10pt;\">&#8211; Nya f\u00f6tter med intryckt gummidel i fotkroppen<\/span><br \/>\n<span style=\"font-size: 10pt;\">&#8211; Isolerade \u00e5ng- och vattenr\u00f6r.\u00a0<em>Inga br\u00e4nda fingrar.<\/em><\/span><br \/>\n<span style=\"font-size: 10pt;\">&#8211; Str\u00f6mbrytare f\u00f6r avst\u00e4ngning av det akustiska larmet, n\u00e4r maskinen \u00e4r kopplad till vatten.<\/span><br \/>\n<span style=\"font-size: 10pt;\">&#8211; \u00d6verhettningsskydd och s\u00e4kerhetsventil p\u00e5 pannan<\/span><br \/>\n<span style=\"font-size: 10pt;\">&#8211; Expansionsventil<\/span><br \/>\n<span style=\"font-size: 10pt;\">&#8211; Vakuumventil<\/span><br \/>\n<span style=\"font-size: 10pt;\">&#8211; Backventil<\/span><\/p>\n<h5>Ing\u00e5r:<\/h5>\n<p><span style=\"font-size: 10pt;\">&#8211; Koppv\u00e4rmeri<\/span><br \/>\n<span style=\"font-size: 10pt;\">&#8211; 1st \u00e5ngventil med vred<\/span><br \/>\n<span style=\"font-size: 10pt;\">&#8211; 1st tevattenventil med vred<\/span><br \/>\n<span style=\"font-size: 10pt;\">&#8211; Spillbricka<\/span><br \/>\n<span style=\"font-size: 10pt;\">&#8211; Stamp<\/span><br \/>\n<span style=\"font-size: 10pt;\">&#8211; 1- och 2koppsfilter\u00a0(58 mm)<\/span><br \/>\n<span style=\"font-size: 10pt;\">&#8211; Rensbricka<\/span><br \/>\n<span style=\"font-size: 10pt;\">&#8211; Ergonomiska filterhandtag, med lutning<\/span><br \/>\n<span style=\"font-size: 10pt;\">&#8211; 1 kg hela b\u00f6nor, Caff\u00e9 Gioia Guld<\/span><\/p>\n<h5>Tillval<\/h5>\n<p><span style=\"font-size: 10pt;\">&#8211; Lackerat h\u00f6lje i valfri f\u00e4rg<\/span><br \/>\n<span style=\"font-size: 10pt;\">&#8211; Knappstyrd bryggning\u00a0<\/span><\/p>\n","protected":false},"excerpt":{"rendered":"<p>En dekorativ espressomaskin helt i rostfritt st\u00e5l. Traditionell manuell spak f\u00f6r malet kaffe.<\/p>\n<h5>Ladda ner PDF<\/h5>\n<p><a href=\"https:\/\/alrpcopy.alrp-ab.se\/wp-content\/uploads\/2024\/07\/vivi_plus.pdf\">vivi_plus<\/a><\/p>\n","protected":false},"featured_media":3220,"template":"","meta":{"_uag_custom_page_level_css":"","site-sidebar-layout":"default","site-content-layout":"","ast-site-content-layout":"default","site-content-style":"default","site-sidebar-style":"default","ast-global-header-display":"","ast-banner-title-visibility":"","ast-main-header-display":"","ast-hfb-above-header-display":"","ast-hfb-below-header-display":"","ast-hfb-mobile-header-display":"","site-post-title":"","ast-breadcrumbs-content":"","ast-featured-img":"","footer-sml-layout":"","theme-transparent-header-meta":"default","adv-header-id-meta":"","stick-header-meta":"default","header-above-stick-meta":"","header-main-stick-meta":"","header-below-stick-meta":"","astra-migrate-meta-layouts":"set","ast-page-background-enabled":"default","ast-page-background-meta":{"desktop":{"background-color":"var(--ast-global-color-5)","background-image":"","background-repeat":"repeat","background-position":"center center","background-size":"auto","background-attachment":"scroll","background-type":"","background-media":"","overlay-type":"","overlay-color":"","overlay-opacity":"","overlay-gradient":""},"tablet":{"background-color":"","background-image":"","background-repeat":"repeat","background-position":"center center","background-size":"auto","background-attachment":"scroll","background-type":"","background-media":"","overlay-type":"","overlay-color":"","overlay-opacity":"","overlay-gradient":""},"mobile":{"background-color":"","background-image":"","background-repeat":"repeat","background-position":"center center","background-size":"auto","background-attachment":"scroll","background-type":"","background-media":"","overlay-type":"","overlay-color":"","overlay-opacity":"","overlay-gradient":""}},"ast-content-background-meta":{"desktop":{"background-color":"var(--ast-global-color-4)","background-image":"","background-repeat":"repeat","background-position":"center center","background-size":"auto","background-attachment":"scroll","background-type":"","background-media":"","overlay-type":"","overlay-color":"","overlay-opacity":"","overlay-gradient":""},"tablet":{"background-color":"var(--ast-global-color-4)","background-image":"","background-repeat":"repeat","background-position":"center center","background-size":"auto","background-attachment":"scroll","background-type":"","background-media":"","overlay-type":"","overlay-color":"","overlay-opacity":"","overlay-gradient":""},"mobile":{"background-color":"var(--ast-global-color-4)","background-image":"","background-repeat":"repeat","background-position":"center center","background-size":"auto","background-attachment":"scroll","background-type":"","background-media":"","overlay-type":"","overlay-color":"","overlay-opacity":"","overlay-gradient":""}}},"product_brand":[397],"product_cat":[66,68,17],"product_tag":[102,118],"class_list":{"0":"post-2859","1":"product","2":"type-product","3":"status-publish","4":"has-post-thumbnail","6":"product_brand-izzo","7":"product_cat-traditionella","8":"product_cat-hemmamaskiner","9":"product_cat-alla_produkter","10":"product_tag-aven-for-hemmabruk","11":"product_tag-1-gruppsmaskin","12":"desktop-align-left","13":"tablet-align-left","14":"mobile-align-left","15":"ast-product-gallery-layout-horizontal-slider","16":"ast-product-tabs-layout-horizontal","18":"first","19":"instock","20":"shipping-taxable","21":"product-type-simple"},"uagb_featured_image_src":{"full":["https:\/\/alrpcopy.alrp-ab.se\/wp-content\/uploads\/2024\/07\/Vivipid_plus-400x400-1.jpg",400,400,false],"thumbnail":["https:\/\/alrpcopy.alrp-ab.se\/wp-content\/uploads\/2024\/07\/Vivipid_plus-400x400-1-150x150.jpg",150,150,true],"medium":["https:\/\/alrpcopy.alrp-ab.se\/wp-content\/uploads\/2024\/07\/Vivipid_plus-400x400-1-300x300.jpg",300,300,true],"medium_large":["https:\/\/alrpcopy.alrp-ab.se\/wp-content\/uploads\/2024\/07\/Vivipid_plus-400x400-1.jpg",400,400,false],"large":["https:\/\/alrpcopy.alrp-ab.se\/wp-content\/uploads\/2024\/07\/Vivipid_plus-400x400-1.jpg",400,400,false],"1536x1536":["https:\/\/alrpcopy.alrp-ab.se\/wp-content\/uploads\/2024\/07\/Vivipid_plus-400x400-1.jpg",400,400,false],"2048x2048":["https:\/\/alrpcopy.alrp-ab.se\/wp-content\/uploads\/2024\/07\/Vivipid_plus-400x400-1.jpg",400,400,false],"woocommerce_thumbnail":["https:\/\/alrpcopy.alrp-ab.se\/wp-content\/uploads\/2024\/07\/Vivipid_plus-400x400-1-300x300.jpg",300,300,true],"woocommerce_single":["https:\/\/alrpcopy.alrp-ab.se\/wp-content\/uploads\/2024\/07\/Vivipid_plus-400x400-1.jpg",400,400,false],"woocommerce_gallery_thumbnail":["https:\/\/alrpcopy.alrp-ab.se\/wp-content\/uploads\/2024\/07\/Vivipid_plus-400x400-1-100x100.jpg",100,100,true]},"uagb_author_info":{"display_name":"Alrp","author_link":"https:\/\/alrpcopy.alrp-ab.se\/en\/author\/"},"uagb_comment_info":0,"uagb_excerpt":"En dekorativ espressomaskin helt i rostfritt st\u00e5l. Traditionell manuell spak f\u00f6r malet kaffe. Ladda ner PDF vivi_plus","_links":{"self":[{"href":"https:\/\/alrpcopy.alrp-ab.se\/en\/wp-json\/wp\/v2\/product\/2859","targetHints":{"allow":["GET"]}}],"collection":[{"href":"https:\/\/alrpcopy.alrp-ab.se\/en\/wp-json\/wp\/v2\/product"}],"about":[{"href":"https:\/\/alrpcopy.alrp-ab.se\/en\/wp-json\/wp\/v2\/types\/product"}],"wp:featuredmedia":[{"embeddable":true,"href":"https:\/\/alrpcopy.alrp-ab.se\/en\/wp-json\/wp\/v2\/media\/3220"}],"wp:attachment":[{"href":"https:\/\/alrpcopy.alrp-ab.se\/en\/wp-json\/wp\/v2\/media?parent=2859"}],"wp:term":[{"taxonomy":"product_brand","embeddable":true,"href":"https:\/\/alrpcopy.alrp-ab.se\/en\/wp-json\/wp\/v2\/product_brand?post=2859"},{"taxonomy":"product_cat","embeddable":true,"href":"https:\/\/alrpcopy.alrp-ab.se\/en\/wp-json\/wp\/v2\/product_cat?post=2859"},{"taxonomy":"product_tag","embeddable":true,"href":"https:\/\/alrpcopy.alrp-ab.se\/en\/wp-json\/wp\/v2\/product_tag?post=2859"}],"curies":[{"name":"wp","href":"https:\/\/api.w.org\/{rel}","templated":true}]}}