{"id":2858,"date":"2024-07-04T17:20:16","date_gmt":"2024-07-04T17:20:16","guid":{"rendered":"https:\/\/alrpcopy.alrp-ab.se\/?post_type=product&#038;p=2858"},"modified":"2025-03-16T18:22:19","modified_gmt":"2025-03-16T18:22:19","slug":"izzo-alex-duetto-plus-version-6","status":"publish","type":"product","link":"https:\/\/alrpcopy.alrp-ab.se\/en\/produkt\/izzo-alex-duetto-plus-version-6\/","title":{"rendered":"Izzo Alex Duetto Plus (version 6)"},"content":{"rendered":"<h3>Professionell 1 Grupps Espressomaskin &#8211; Version 6<\/h3>\n<p><span style=\"font-size: 12pt;\">Manuell och automatisk vattenp\u00e5fyllning och med dubbla varmvattenpannor. Maskinen \u00e4r l\u00e4mplig f\u00f6r baren, kontoret, lilla caf\u00e9et eller hemmet. En dekorativ espressomaskin helt i rostfritt st\u00e5l. Den \u00e4r tyst och har h\u00f6g kapacitet.<\/span><\/p>\n<h4>Om Alex Duetto Plus<\/h4>\n<ul>\n<li><span style=\"font-size: 12pt;\">Traditionell maskin f\u00f6r malet kaffe.<\/span><\/li>\n<li><span style=\"font-size: 12pt;\">Manuell spakstyrning av bryggning, typ E61<\/span><\/li>\n<li><span style=\"font-size: 12pt;\">Alla r\u00f6r \u00e4r i koppar samt alla kopplingar i m\u00e4ssing. Ventiler i f\u00f6rkromad m\u00e4ssing.<\/span><\/li>\n<li><span style=\"font-size: 12pt;\">Alla komponenter \u00e4r CE godk\u00e4nda<\/span><\/li>\n<li><span style=\"font-size: 12pt;\">B\u00e4ttre f\u00f6rpackningsmaterial av POLYLAM, organiskt och mycket st\u00f6ts\u00e4kert.<\/span><\/li>\n<li><span style=\"font-size: 12pt;\">L\u00e4tt avlyftbar gallerdel p\u00e5 toppen av maskinen<\/span><\/li>\n<\/ul>\n<h5>Utrustad med:<\/h5>\n<p><span style=\"font-size: 10pt;\">&#8211; <span style=\"font-size: 12pt;\">Dubbla varmvattenpannor<\/span><\/span><br \/>\n<span style=\"font-size: 12pt;\">&#8211; PID termostat<\/span><br \/>\n<span style=\"font-size: 12pt;\">&#8211; Display med LED lampa<\/span><br \/>\n<span style=\"font-size: 12pt;\">&#8211; Alarm f\u00f6r l\u00e5g vattenniv\u00e5 i panna<\/span><br \/>\n<span style=\"font-size: 12pt;\">&#8211; Automatisk vattenp\u00e5fyllning av panna<\/span><br \/>\n<span style=\"font-size: 12pt;\">&#8211; Manometer f\u00f6r \u00e5ngtryck<\/span><br \/>\n<span style=\"font-size: 12pt;\">&#8211; Nya f\u00f6tter med intryckt gummidel i fotkroppen<\/span><br \/>\n<span style=\"font-size: 12pt;\">&#8211; Isolerade \u00e5ng- och vattenr\u00f6r.\u00a0<em>Inga br\u00e4nda fingrar.<\/em><\/span><br \/>\n<span style=\"font-size: 12pt;\">&#8211; Str\u00f6mbrytare f\u00f6r avst\u00e4ngning av det akustiska larmet, n\u00e4r maskinen \u00e4r kopplad till vatten.<\/span><br \/>\n<span style=\"font-size: 12pt;\">&#8211; \u00d6verhettningsskydd och s\u00e4kerhetsventil p\u00e5 pannan<\/span><br \/>\n<span style=\"font-size: 12pt;\">&#8211; Expansionsventil<\/span><br \/>\n<span style=\"font-size: 12pt;\">&#8211; Vakuumventil<\/span><br \/>\n<span style=\"font-size: 12pt;\">&#8211; Backventil<\/span><\/p>\n<h5>Ing\u00e5r:<\/h5>\n<p>&#8211; Koppv\u00e4rmeri<br \/>\n&#8211; 1st \u00e5ngventil med vred<br \/>\n&#8211; 1st tevattenventil med vred<br \/>\n&#8211; Spillbricka<br \/>\n&#8211; Stamp<br \/>\n&#8211; 1- och 2koppsfilter\u00a0(58 mm)<br \/>\n&#8211; Rensbricka<br \/>\n&#8211; Ergonomiska filterhandtag, med lutning.<\/p>\n<h5>Tillval<\/h5>\n<p><span style=\"font-size: 10pt;\">&#8211; Kalkfilter 5 liter<\/span><br \/>\n<span style=\"font-size: 10pt;\">&#8211; Vattenanslutning<\/span><br \/>\n<span style=\"font-size: 10pt;\">&#8211; Lackerat h\u00f6lje i valfri f\u00e4rg<\/span><br \/>\n<span style=\"font-size: 10pt;\">&#8211; Tr\u00e4h\u00f6lje mahogny<\/span><br \/>\n<span style=\"font-size: 10pt;\">&#8211; Tr\u00e4h\u00f6lje med f\u00f6rgylld grupp<\/span><br \/>\n<span style=\"font-size: 10pt;\">&#8211; Knappstyrd bryggning<\/span><\/p>\n","protected":false},"excerpt":{"rendered":"<p><span style=\"font-size: 12pt;\"> En dekorativ espressomaskin helt i rostfritt st\u00e5l. Traditionell manuell spak f\u00f6r malet kaffe.<\/span><\/p>\n<h5>Ladda ner PDF<\/h5>\n<p><a href=\"https:\/\/alrpcopy.alrp-ab.se\/wp-content\/uploads\/2024\/07\/alex-duetto_plus.pdf\">alex-duetto_plus<\/a><\/p>\n","protected":false},"featured_media":3209,"template":"","meta":{"_uag_custom_page_level_css":"","site-sidebar-layout":"default","site-content-layout":"","ast-site-content-layout":"default","site-content-style":"default","site-sidebar-style":"default","ast-global-header-display":"","ast-banner-title-visibility":"","ast-main-header-display":"","ast-hfb-above-header-display":"","ast-hfb-below-header-display":"","ast-hfb-mobile-header-display":"","site-post-title":"","ast-breadcrumbs-content":"","ast-featured-img":"","footer-sml-layout":"","theme-transparent-header-meta":"default","adv-header-id-meta":"","stick-header-meta":"default","header-above-stick-meta":"","header-main-stick-meta":"","header-below-stick-meta":"","astra-migrate-meta-layouts":"set","ast-page-background-enabled":"default","ast-page-background-meta":{"desktop":{"background-color":"var(--ast-global-color-5)","background-image":"","background-repeat":"repeat","background-position":"center center","background-size":"auto","background-attachment":"scroll","background-type":"","background-media":"","overlay-type":"","overlay-color":"","overlay-opacity":"","overlay-gradient":""},"tablet":{"background-color":"","background-image":"","background-repeat":"repeat","background-position":"center center","background-size":"auto","background-attachment":"scroll","background-type":"","background-media":"","overlay-type":"","overlay-color":"","overlay-opacity":"","overlay-gradient":""},"mobile":{"background-color":"","background-image":"","background-repeat":"repeat","background-position":"center center","background-size":"auto","background-attachment":"scroll","background-type":"","background-media":"","overlay-type":"","overlay-color":"","overlay-opacity":"","overlay-gradient":""}},"ast-content-background-meta":{"desktop":{"background-color":"var(--ast-global-color-4)","background-image":"","background-repeat":"repeat","background-position":"center center","background-size":"auto","background-attachment":"scroll","background-type":"","background-media":"","overlay-type":"","overlay-color":"","overlay-opacity":"","overlay-gradient":""},"tablet":{"background-color":"var(--ast-global-color-4)","background-image":"","background-repeat":"repeat","background-position":"center center","background-size":"auto","background-attachment":"scroll","background-type":"","background-media":"","overlay-type":"","overlay-color":"","overlay-opacity":"","overlay-gradient":""},"mobile":{"background-color":"var(--ast-global-color-4)","background-image":"","background-repeat":"repeat","background-position":"center center","background-size":"auto","background-attachment":"scroll","background-type":"","background-media":"","overlay-type":"","overlay-color":"","overlay-opacity":"","overlay-gradient":""}}},"product_brand":[397],"product_cat":[66,68,17],"product_tag":[102,118],"class_list":{"0":"post-2858","1":"product","2":"type-product","3":"status-publish","4":"has-post-thumbnail","6":"product_brand-izzo","7":"product_cat-traditionella","8":"product_cat-hemmamaskiner","9":"product_cat-alla_produkter","10":"product_tag-aven-for-hemmabruk","11":"product_tag-1-gruppsmaskin","12":"desktop-align-left","13":"tablet-align-left","14":"mobile-align-left","15":"ast-product-gallery-layout-horizontal-slider","16":"ast-product-tabs-layout-horizontal","18":"first","19":"instock","20":"shipping-taxable","21":"product-type-simple"},"uagb_featured_image_src":{"full":["https:\/\/alrpcopy.alrp-ab.se\/wp-content\/uploads\/2024\/07\/Alexduetto_plus2-400x400-1.jpg",400,400,false],"thumbnail":["https:\/\/alrpcopy.alrp-ab.se\/wp-content\/uploads\/2024\/07\/Alexduetto_plus2-400x400-1-150x150.jpg",150,150,true],"medium":["https:\/\/alrpcopy.alrp-ab.se\/wp-content\/uploads\/2024\/07\/Alexduetto_plus2-400x400-1-300x300.jpg",300,300,true],"medium_large":["https:\/\/alrpcopy.alrp-ab.se\/wp-content\/uploads\/2024\/07\/Alexduetto_plus2-400x400-1.jpg",400,400,false],"large":["https:\/\/alrpcopy.alrp-ab.se\/wp-content\/uploads\/2024\/07\/Alexduetto_plus2-400x400-1.jpg",400,400,false],"1536x1536":["https:\/\/alrpcopy.alrp-ab.se\/wp-content\/uploads\/2024\/07\/Alexduetto_plus2-400x400-1.jpg",400,400,false],"2048x2048":["https:\/\/alrpcopy.alrp-ab.se\/wp-content\/uploads\/2024\/07\/Alexduetto_plus2-400x400-1.jpg",400,400,false],"woocommerce_thumbnail":["https:\/\/alrpcopy.alrp-ab.se\/wp-content\/uploads\/2024\/07\/Alexduetto_plus2-400x400-1-300x300.jpg",300,300,true],"woocommerce_single":["https:\/\/alrpcopy.alrp-ab.se\/wp-content\/uploads\/2024\/07\/Alexduetto_plus2-400x400-1.jpg",400,400,false],"woocommerce_gallery_thumbnail":["https:\/\/alrpcopy.alrp-ab.se\/wp-content\/uploads\/2024\/07\/Alexduetto_plus2-400x400-1-100x100.jpg",100,100,true]},"uagb_author_info":{"display_name":"Alrp","author_link":"https:\/\/alrpcopy.alrp-ab.se\/en\/author\/"},"uagb_comment_info":0,"uagb_excerpt":"En dekorativ espressomaskin helt i rostfritt st\u00e5l. Traditionell manuell spak f\u00f6r malet kaffe. Ladda ner PDF alex-duetto_plus","_links":{"self":[{"href":"https:\/\/alrpcopy.alrp-ab.se\/en\/wp-json\/wp\/v2\/product\/2858","targetHints":{"allow":["GET"]}}],"collection":[{"href":"https:\/\/alrpcopy.alrp-ab.se\/en\/wp-json\/wp\/v2\/product"}],"about":[{"href":"https:\/\/alrpcopy.alrp-ab.se\/en\/wp-json\/wp\/v2\/types\/product"}],"wp:featuredmedia":[{"embeddable":true,"href":"https:\/\/alrpcopy.alrp-ab.se\/en\/wp-json\/wp\/v2\/media\/3209"}],"wp:attachment":[{"href":"https:\/\/alrpcopy.alrp-ab.se\/en\/wp-json\/wp\/v2\/media?parent=2858"}],"wp:term":[{"taxonomy":"product_brand","embeddable":true,"href":"https:\/\/alrpcopy.alrp-ab.se\/en\/wp-json\/wp\/v2\/product_brand?post=2858"},{"taxonomy":"product_cat","embeddable":true,"href":"https:\/\/alrpcopy.alrp-ab.se\/en\/wp-json\/wp\/v2\/product_cat?post=2858"},{"taxonomy":"product_tag","embeddable":true,"href":"https:\/\/alrpcopy.alrp-ab.se\/en\/wp-json\/wp\/v2\/product_tag?post=2858"}],"curies":[{"name":"wp","href":"https:\/\/api.w.org\/{rel}","templated":true}]}}