{"id":2717,"date":"2024-04-05T18:02:38","date_gmt":"2024-04-05T18:02:38","guid":{"rendered":"https:\/\/alrpcopy.alrp-ab.se\/?post_type=product&#038;p=2717"},"modified":"2025-03-15T14:54:23","modified_gmt":"2025-03-15T14:54:23","slug":"iarp-delight-6-lite-glassdisk","status":"publish","type":"product","link":"https:\/\/alrpcopy.alrp-ab.se\/en\/produkt\/iarp-delight-6-lite-glassdisk\/","title":{"rendered":"IARP Delight 6 Lite &#8211; Glassdisk"},"content":{"rendered":"<h3>Modern skopglassdisk med LED belysning &#8211; F\u00f6r glass, gelato &amp; sorbet<\/h3>\n<p><iframe loading=\"lazy\" src=\"https:\/\/www.youtube.com\/embed\/lPjIRR6-BOY\" width=\"560\" height=\"315\" frameborder=\"0\" scrolling=\"no\" data-mce-fragment=\"1\"><\/iframe><\/p>\n<h4><\/h4>\n<p>Delight \u00e4r en modern, italiensk glassdisk av h\u00f6g kvalitet med m\u00e5nga tekniska finesser. Delight passar till glasskiosker d\u00e4r man vill servera kunderna skopglass, eller n\u00e4r man vill komplettera sin glasstillverkning. Finns i tre olika modeller med LED belysning; antingen med gr\u00e5tt utseende (Prime) eller vitt utseende (Lite). Delight har ett effektivt system f\u00f6r energibesparing. Den har en rak \u00f6vre displayhuv helt i glas och med sv\u00e4nglucka. Den h\u00e5ller skopglassen p\u00e5 r\u00e4tt temperatur f\u00f6r l\u00e4tt uppskopning. Glasskantinerna kan placeras rakt eller lutade.<\/p>\n<h5>Om Delight<\/h5>\n<ul>\n<li>Golvmodell<\/li>\n<\/ul>\n<div>\n<p>Utrustad med:<br \/>\n&#8211; Statisk kyla<br \/>\n&#8211; L\u00e5g\u00a0energif\u00f6rbrukning och GWP (global uppv\u00e4rmningspotential)<br \/>\n&#8211; Automatisk avfrostning<br \/>\n&#8211; Underh\u00e5llsfritt kylaggregat<br \/>\n&#8211; Enklare underh\u00e5ll tack vare komponenternas utformning<br \/>\n&#8211; LED belysning<br \/>\n&#8211; Interi\u00f6rt ljus med str\u00f6mbrytare<\/p>\n<\/div>\n<ul>\n<li>\n<div>\n<p><strong>Delarna \u00e4r<\/strong> &#8211; Av livsmedelsgodk\u00e4nt material<\/p>\n<\/div>\n<\/li>\n<li><strong>Ing\u00e5r<\/strong>: &#8211; 4st sv\u00e4ngbara hjul<\/li>\n<\/ul>\n<h5>Tillval<\/h5>\n<p>&#8211; Rostfria glasskantiner<br \/>\n&#8211; Hjul med sp\u00e4rr<br \/>\n&#8211; L\u00e5ssystem<br \/>\n&#8211; Skopreng\u00f6rare<\/p>\n<p>&nbsp;<\/p>\n","protected":false},"excerpt":{"rendered":"<p>En modern glassdisk, som finns i tre olika modeller med LED belysning<br \/>\nBest\u00e4llningsvara 3-4 veckor lev. tid<\/p>\n<p><span style=\"font-size: 18pt; color: #993300;\">Ladda ner PDF<\/span><\/p>\n<p><a href=\"https:\/\/alrpcopy.alrp-ab.se\/wp-content\/uploads\/2024\/04\/Iarp-delight.pdf\">Iarp-delight<\/a>_sv<br \/>\n<a href=\"https:\/\/alrpcopy.alrp-ab.se\/wp-content\/uploads\/2024\/04\/iarp_Delight_eng.pdf\">iarp_Delight_eng<\/a><\/p>\n<p>&nbsp;<\/p>\n","protected":false},"featured_media":2721,"template":"","meta":{"_uag_custom_page_level_css":"","site-sidebar-layout":"left-sidebar","site-content-layout":"","ast-site-content-layout":"normal-width-container","site-content-style":"boxed","site-sidebar-style":"default","ast-global-header-display":"","ast-banner-title-visibility":"","ast-main-header-display":"","ast-hfb-above-header-display":"","ast-hfb-below-header-display":"","ast-hfb-mobile-header-display":"","site-post-title":"","ast-breadcrumbs-content":"","ast-featured-img":"","footer-sml-layout":"","theme-transparent-header-meta":"default","adv-header-id-meta":"","stick-header-meta":"default","header-above-stick-meta":"","header-main-stick-meta":"","header-below-stick-meta":"","astra-migrate-meta-layouts":"set","ast-page-background-enabled":"default","ast-page-background-meta":{"desktop":{"background-color":"var(--ast-global-color-5)","background-image":"","background-repeat":"repeat","background-position":"center center","background-size":"auto","background-attachment":"scroll","background-type":"","background-media":"","overlay-type":"","overlay-color":"","overlay-opacity":"","overlay-gradient":""},"tablet":{"background-color":"","background-image":"","background-repeat":"repeat","background-position":"center center","background-size":"auto","background-attachment":"scroll","background-type":"","background-media":"","overlay-type":"","overlay-color":"","overlay-opacity":"","overlay-gradient":""},"mobile":{"background-color":"","background-image":"","background-repeat":"repeat","background-position":"center center","background-size":"auto","background-attachment":"scroll","background-type":"","background-media":"","overlay-type":"","overlay-color":"","overlay-opacity":"","overlay-gradient":""}},"ast-content-background-meta":{"desktop":{"background-color":"var(--ast-global-color-4)","background-image":"","background-repeat":"repeat","background-position":"center center","background-size":"auto","background-attachment":"scroll","background-type":"","background-media":"","overlay-type":"","overlay-color":"","overlay-opacity":"","overlay-gradient":""},"tablet":{"background-color":"var(--ast-global-color-4)","background-image":"","background-repeat":"repeat","background-position":"center center","background-size":"auto","background-attachment":"scroll","background-type":"","background-media":"","overlay-type":"","overlay-color":"","overlay-opacity":"","overlay-gradient":""},"mobile":{"background-color":"var(--ast-global-color-4)","background-image":"","background-repeat":"repeat","background-position":"center center","background-size":"auto","background-attachment":"scroll","background-type":"","background-media":"","overlay-type":"","overlay-color":"","overlay-opacity":"","overlay-gradient":""}}},"product_brand":[],"product_cat":[113,17],"product_tag":[],"class_list":{"0":"post-2717","1":"product","2":"type-product","3":"status-publish","4":"has-post-thumbnail","6":"product_cat-glassdiskar","7":"product_cat-alla_produkter","8":"desktop-align-left","9":"tablet-align-left","10":"mobile-align-left","11":"ast-product-gallery-layout-horizontal-slider","12":"ast-product-tabs-layout-horizontal","14":"first","15":"instock","16":"shipping-taxable","17":"product-type-simple"},"uagb_featured_image_src":{"full":["https:\/\/alrpcopy.alrp-ab.se\/wp-content\/uploads\/2024\/04\/iarp_delight6-340x340-1.jpg",340,340,false],"thumbnail":["https:\/\/alrpcopy.alrp-ab.se\/wp-content\/uploads\/2024\/04\/iarp_delight6-340x340-1-150x150.jpg",150,150,true],"medium":["https:\/\/alrpcopy.alrp-ab.se\/wp-content\/uploads\/2024\/04\/iarp_delight6-340x340-1-300x300.jpg",300,300,true],"medium_large":["https:\/\/alrpcopy.alrp-ab.se\/wp-content\/uploads\/2024\/04\/iarp_delight6-340x340-1.jpg",340,340,false],"large":["https:\/\/alrpcopy.alrp-ab.se\/wp-content\/uploads\/2024\/04\/iarp_delight6-340x340-1.jpg",340,340,false],"1536x1536":["https:\/\/alrpcopy.alrp-ab.se\/wp-content\/uploads\/2024\/04\/iarp_delight6-340x340-1.jpg",340,340,false],"2048x2048":["https:\/\/alrpcopy.alrp-ab.se\/wp-content\/uploads\/2024\/04\/iarp_delight6-340x340-1.jpg",340,340,false],"woocommerce_thumbnail":["https:\/\/alrpcopy.alrp-ab.se\/wp-content\/uploads\/2024\/04\/iarp_delight6-340x340-1-300x300.jpg",300,300,true],"woocommerce_single":["https:\/\/alrpcopy.alrp-ab.se\/wp-content\/uploads\/2024\/04\/iarp_delight6-340x340-1.jpg",340,340,false],"woocommerce_gallery_thumbnail":["https:\/\/alrpcopy.alrp-ab.se\/wp-content\/uploads\/2024\/04\/iarp_delight6-340x340-1-100x100.jpg",100,100,true]},"uagb_author_info":{"display_name":"Alrp","author_link":"https:\/\/alrpcopy.alrp-ab.se\/en\/author\/"},"uagb_comment_info":0,"uagb_excerpt":"En modern glassdisk, som finns i tre olika modeller med LED belysning Best\u00e4llningsvara 3-4 veckor lev. tid Ladda ner PDF Iarp-delight_sv iarp_Delight_eng &nbsp;","_links":{"self":[{"href":"https:\/\/alrpcopy.alrp-ab.se\/en\/wp-json\/wp\/v2\/product\/2717","targetHints":{"allow":["GET"]}}],"collection":[{"href":"https:\/\/alrpcopy.alrp-ab.se\/en\/wp-json\/wp\/v2\/product"}],"about":[{"href":"https:\/\/alrpcopy.alrp-ab.se\/en\/wp-json\/wp\/v2\/types\/product"}],"wp:featuredmedia":[{"embeddable":true,"href":"https:\/\/alrpcopy.alrp-ab.se\/en\/wp-json\/wp\/v2\/media\/2721"}],"wp:attachment":[{"href":"https:\/\/alrpcopy.alrp-ab.se\/en\/wp-json\/wp\/v2\/media?parent=2717"}],"wp:term":[{"taxonomy":"product_brand","embeddable":true,"href":"https:\/\/alrpcopy.alrp-ab.se\/en\/wp-json\/wp\/v2\/product_brand?post=2717"},{"taxonomy":"product_cat","embeddable":true,"href":"https:\/\/alrpcopy.alrp-ab.se\/en\/wp-json\/wp\/v2\/product_cat?post=2717"},{"taxonomy":"product_tag","embeddable":true,"href":"https:\/\/alrpcopy.alrp-ab.se\/en\/wp-json\/wp\/v2\/product_tag?post=2717"}],"curies":[{"name":"wp","href":"https:\/\/api.w.org\/{rel}","templated":true}]}}