{"id":2707,"date":"2024-04-05T17:30:49","date_gmt":"2024-04-05T17:30:49","guid":{"rendered":"https:\/\/alrpcopy.alrp-ab.se\/?post_type=product&#038;p=2707"},"modified":"2025-03-15T14:54:23","modified_gmt":"2025-03-15T14:54:23","slug":"framec-mirabella-glassdisk-7-smaker","status":"publish","type":"product","link":"https:\/\/alrpcopy.alrp-ab.se\/en\/produkt\/framec-mirabella-glassdisk-7-smaker\/","title":{"rendered":"Framec Mirabella &#8211; Glassdisk, 7 smaker"},"content":{"rendered":"<h3>Modern skopglassdisk!<\/h3>\n<p><img loading=\"lazy\" decoding=\"async\" class=\"alignnone wp-image-2712\" src=\"https:\/\/alrpcopy.alrp-ab.se\/wp-content\/uploads\/2024\/04\/thumb999_amb01_1589527478_1589555735-300x158.jpg\" alt=\"\" width=\"575\" height=\"303\" srcset=\"https:\/\/alrpcopy.alrp-ab.se\/wp-content\/uploads\/2024\/04\/thumb999_amb01_1589527478_1589555735-300x158.jpg 300w, https:\/\/alrpcopy.alrp-ab.se\/wp-content\/uploads\/2024\/04\/thumb999_amb01_1589527478_1589555735-600x316.jpg 600w, https:\/\/alrpcopy.alrp-ab.se\/wp-content\/uploads\/2024\/04\/thumb999_amb01_1589527478_1589555735-1024x539.jpg 1024w, https:\/\/alrpcopy.alrp-ab.se\/wp-content\/uploads\/2024\/04\/thumb999_amb01_1589527478_1589555735-768x404.jpg 768w, https:\/\/alrpcopy.alrp-ab.se\/wp-content\/uploads\/2024\/04\/thumb999_amb01_1589527478_1589555735.jpg 1140w\" sizes=\"auto, (max-width: 575px) 100vw, 575px\" \/><\/p>\n<p>Mirabella passar till glassbarer, d\u00e4r man vill servera kunderna skopglass\/pinnglass och f\u00e5 maximal exponering som passar f\u00f6r alla \u00e5ldrar. Mirabella har en modern design och en rak \u00f6vre displayhuv helt i glas och med sv\u00e4nglucka. Den h\u00e5ller skopglassen p\u00e5 r\u00e4tt temperatur f\u00f6r l\u00e4tt uppskopning.<\/p>\n<h3><iframe loading=\"lazy\" src=\"https:\/\/www.youtube.com\/embed\/Xl7rSB7hQ8g\" width=\"560\" height=\"315\" frameborder=\"0\" scrolling=\"no\" data-mce-fragment=\"1\"><\/iframe><\/h3>\n<h5><\/h5>\n<h5>Golvmodell med sv\u00e4ngbara hjul<\/h5>\n<h5>Utrustad med:<\/h5>\n<ul>\n<li>Statisk eller ventilerad kyla<\/li>\n<li>L\u00e5g\u00a0energif\u00f6rbrukning<\/li>\n<li>Automatisk avfrostning<\/li>\n<li>Underh\u00e5llsfritt kylaggregat<\/li>\n<li>Milj\u00f6v\u00e4nliga komponenter som ger l\u00e5ga underh\u00e5llsbehov<\/li>\n<li>LED belysning<\/li>\n<li>Delarna \u00e4r av livsmedelsgodk\u00e4nt material<\/li>\n<\/ul>\n<h5>Tillval<img loading=\"lazy\" decoding=\"async\" class=\"size-medium wp-image-2710 alignright\" src=\"https:\/\/alrpcopy.alrp-ab.se\/wp-content\/uploads\/2024\/04\/iarp_delight_tillbehor-1-300x250.jpg\" alt=\"\" width=\"300\" height=\"250\" srcset=\"https:\/\/alrpcopy.alrp-ab.se\/wp-content\/uploads\/2024\/04\/iarp_delight_tillbehor-1-300x250.jpg 300w, https:\/\/alrpcopy.alrp-ab.se\/wp-content\/uploads\/2024\/04\/iarp_delight_tillbehor-1-600x499.jpg 600w, https:\/\/alrpcopy.alrp-ab.se\/wp-content\/uploads\/2024\/04\/iarp_delight_tillbehor-1.jpg 702w\" sizes=\"auto, (max-width: 300px) 100vw, 300px\" \/><\/h5>\n<p>St\u00e4ll f\u00f6r pinnglassar<\/p>\n<p>\u00d6vre glasruta\u00a0uppv\u00e4rmd<\/p>\n<p>Rostfria glasskantiner<\/p>\n<p>Glasskedar \/ spatlar<\/p>\n<p>Skopreng\u00f6rare<\/p>\n","protected":false},"excerpt":{"rendered":"<p>Mirabella \u00e4r en italienska skopglassdisk tillverkad av \u00e5tervunnet material.<br \/>\nFinns i tre storlekar: Plats f\u00f6r 6, 7 eller 9 glasskantiner.<\/p>\n<h5>Ladda ner PDF<\/h5>\n<p><a href=\"https:\/\/alrpcopy.alrp-ab.se\/wp-content\/uploads\/2024\/04\/framec_Mirabella_SV-1.pdf\">framec_Mirabella_SV<\/a><\/p>\n<p>&nbsp;<\/p>\n","protected":false},"featured_media":2706,"template":"","meta":{"_uag_custom_page_level_css":"","site-sidebar-layout":"default","site-content-layout":"","ast-site-content-layout":"normal-width-container","site-content-style":"default","site-sidebar-style":"default","ast-global-header-display":"","ast-banner-title-visibility":"","ast-main-header-display":"","ast-hfb-above-header-display":"","ast-hfb-below-header-display":"","ast-hfb-mobile-header-display":"","site-post-title":"","ast-breadcrumbs-content":"","ast-featured-img":"","footer-sml-layout":"","theme-transparent-header-meta":"default","adv-header-id-meta":"","stick-header-meta":"default","header-above-stick-meta":"","header-main-stick-meta":"","header-below-stick-meta":"","astra-migrate-meta-layouts":"set","ast-page-background-enabled":"default","ast-page-background-meta":{"desktop":{"background-color":"var(--ast-global-color-5)","background-image":"","background-repeat":"repeat","background-position":"center center","background-size":"auto","background-attachment":"scroll","background-type":"","background-media":"","overlay-type":"","overlay-color":"","overlay-opacity":"","overlay-gradient":""},"tablet":{"background-color":"","background-image":"","background-repeat":"repeat","background-position":"center center","background-size":"auto","background-attachment":"scroll","background-type":"","background-media":"","overlay-type":"","overlay-color":"","overlay-opacity":"","overlay-gradient":""},"mobile":{"background-color":"","background-image":"","background-repeat":"repeat","background-position":"center center","background-size":"auto","background-attachment":"scroll","background-type":"","background-media":"","overlay-type":"","overlay-color":"","overlay-opacity":"","overlay-gradient":""}},"ast-content-background-meta":{"desktop":{"background-color":"var(--ast-global-color-4)","background-image":"","background-repeat":"repeat","background-position":"center center","background-size":"auto","background-attachment":"scroll","background-type":"","background-media":"","overlay-type":"","overlay-color":"","overlay-opacity":"","overlay-gradient":""},"tablet":{"background-color":"var(--ast-global-color-4)","background-image":"","background-repeat":"repeat","background-position":"center center","background-size":"auto","background-attachment":"scroll","background-type":"","background-media":"","overlay-type":"","overlay-color":"","overlay-opacity":"","overlay-gradient":""},"mobile":{"background-color":"var(--ast-global-color-4)","background-image":"","background-repeat":"repeat","background-position":"center center","background-size":"auto","background-attachment":"scroll","background-type":"","background-media":"","overlay-type":"","overlay-color":"","overlay-opacity":"","overlay-gradient":""}}},"product_brand":[],"product_cat":[113,17],"product_tag":[],"class_list":{"0":"post-2707","1":"product","2":"type-product","3":"status-publish","4":"has-post-thumbnail","6":"product_cat-glassdiskar","7":"product_cat-alla_produkter","8":"desktop-align-left","9":"tablet-align-left","10":"mobile-align-left","11":"ast-product-gallery-layout-horizontal-slider","12":"ast-product-tabs-layout-horizontal","14":"first","15":"instock","16":"shipping-taxable","17":"product-type-simple"},"uagb_featured_image_src":{"full":["https:\/\/alrpcopy.alrp-ab.se\/wp-content\/uploads\/2024\/04\/Mirabella-C-dett01-260x260-1.jpg",260,260,false],"thumbnail":["https:\/\/alrpcopy.alrp-ab.se\/wp-content\/uploads\/2024\/04\/Mirabella-C-dett01-260x260-1-150x150.jpg",150,150,true],"medium":["https:\/\/alrpcopy.alrp-ab.se\/wp-content\/uploads\/2024\/04\/Mirabella-C-dett01-260x260-1.jpg",260,260,false],"medium_large":["https:\/\/alrpcopy.alrp-ab.se\/wp-content\/uploads\/2024\/04\/Mirabella-C-dett01-260x260-1.jpg",260,260,false],"large":["https:\/\/alrpcopy.alrp-ab.se\/wp-content\/uploads\/2024\/04\/Mirabella-C-dett01-260x260-1.jpg",260,260,false],"1536x1536":["https:\/\/alrpcopy.alrp-ab.se\/wp-content\/uploads\/2024\/04\/Mirabella-C-dett01-260x260-1.jpg",260,260,false],"2048x2048":["https:\/\/alrpcopy.alrp-ab.se\/wp-content\/uploads\/2024\/04\/Mirabella-C-dett01-260x260-1.jpg",260,260,false],"woocommerce_thumbnail":["https:\/\/alrpcopy.alrp-ab.se\/wp-content\/uploads\/2024\/04\/Mirabella-C-dett01-260x260-1.jpg",260,260,false],"woocommerce_single":["https:\/\/alrpcopy.alrp-ab.se\/wp-content\/uploads\/2024\/04\/Mirabella-C-dett01-260x260-1.jpg",260,260,false],"woocommerce_gallery_thumbnail":["https:\/\/alrpcopy.alrp-ab.se\/wp-content\/uploads\/2024\/04\/Mirabella-C-dett01-260x260-1-100x100.jpg",100,100,true]},"uagb_author_info":{"display_name":"Alrp","author_link":"https:\/\/alrpcopy.alrp-ab.se\/en\/author\/"},"uagb_comment_info":0,"uagb_excerpt":"Mirabella \u00e4r en italienska skopglassdisk tillverkad av \u00e5tervunnet material. Finns i tre storlekar: Plats f\u00f6r 6, 7 eller 9 glasskantiner. Ladda ner PDF framec_Mirabella_SV &nbsp;","_links":{"self":[{"href":"https:\/\/alrpcopy.alrp-ab.se\/en\/wp-json\/wp\/v2\/product\/2707","targetHints":{"allow":["GET"]}}],"collection":[{"href":"https:\/\/alrpcopy.alrp-ab.se\/en\/wp-json\/wp\/v2\/product"}],"about":[{"href":"https:\/\/alrpcopy.alrp-ab.se\/en\/wp-json\/wp\/v2\/types\/product"}],"wp:featuredmedia":[{"embeddable":true,"href":"https:\/\/alrpcopy.alrp-ab.se\/en\/wp-json\/wp\/v2\/media\/2706"}],"wp:attachment":[{"href":"https:\/\/alrpcopy.alrp-ab.se\/en\/wp-json\/wp\/v2\/media?parent=2707"}],"wp:term":[{"taxonomy":"product_brand","embeddable":true,"href":"https:\/\/alrpcopy.alrp-ab.se\/en\/wp-json\/wp\/v2\/product_brand?post=2707"},{"taxonomy":"product_cat","embeddable":true,"href":"https:\/\/alrpcopy.alrp-ab.se\/en\/wp-json\/wp\/v2\/product_cat?post=2707"},{"taxonomy":"product_tag","embeddable":true,"href":"https:\/\/alrpcopy.alrp-ab.se\/en\/wp-json\/wp\/v2\/product_tag?post=2707"}],"curies":[{"name":"wp","href":"https:\/\/api.w.org\/{rel}","templated":true}]}}