{"id":2697,"date":"2024-04-05T17:13:52","date_gmt":"2024-04-05T17:13:52","guid":{"rendered":"https:\/\/alrpcopy.alrp-ab.se\/?post_type=product&#038;p=2697"},"modified":"2025-03-15T14:54:23","modified_gmt":"2025-03-15T14:54:23","slug":"framec-mini-cream-glassdisk-3smaker","status":"publish","type":"product","link":"https:\/\/alrpcopy.alrp-ab.se\/en\/produkt\/framec-mini-cream-glassdisk-3smaker\/","title":{"rendered":"FRAMEC Mini Cream &#8211; Glassdisk, 3smaker"},"content":{"rendered":"<h3>En glassdisk f\u00f6r 2 eller 3 smaker!<\/h3>\n<p>Mini Cream passar till restauranger, caf\u00e9er och hotell d\u00e4r man vill servera skopglass, t.ex. vid buff\u00e9er. Passar ocks\u00e5 till m\u00e4ssor, event, catering mm. Mini Cream \u00e4r energisn\u00e5l, har LED belysning och en platt displayhuv helt i plexiglas. Kan ocks\u00e5 anv\u00e4ndas f\u00f6r att kyla mindre produkter, som pinnglassar, portionsglassar mm.<\/p>\n<ul>\n<li><\/li>\n<\/ul>\n<h3><iframe loading=\"lazy\" src=\"https:\/\/www.youtube.com\/embed\/bX-2oMf15x4\" width=\"560\" height=\"315\" frameborder=\"0\" scrolling=\"no\" data-mce-fragment=\"1\"><\/iframe><\/h3>\n<h5><strong>Utrustad med:<\/strong><\/h5>\n<ul>\n<li>\u200bB\u00e4nkmodell<\/li>\n<li>Underh\u00e5llsfritt kylaggregat<\/li>\n<li>Extern termometer<\/li>\n<li>LED Belysning<\/li>\n<li>Energieffektiv. Tyst och l\u00e4tt att reng\u00f6ra<\/li>\n<li>M\u00f6jlighet att v\u00e4lja olika sorters glasskantiner: 2,5L eller 5L<\/li>\n<li>Statisk kyla<\/li>\n<li>Delarna \u00e4r av livsmedelsgodk\u00e4nt material<\/li>\n<li>Delarna \u00e4r av livsmedelsgodk\u00e4nt material<\/li>\n<\/ul>\n<h5><strong>Tillval<\/strong><\/h5>\n<ul>\n<li>Glasskantiner;\u00a02,5L eller 5L<\/li>\n<li>Stativ<\/li>\n<li>Lolly display: St\u00e4ll f\u00f6r glasspinnar<\/li>\n<li>Marknadsf\u00f6ring med logga mm &#8211; G\u00f6r glassdisken mer personlig!<\/li>\n<li>Glasskedar \/spatlar<\/li>\n<\/ul>\n","protected":false},"excerpt":{"rendered":"<p>Mini Cream \u00e4r en modern, italiensk produkt av h\u00f6g kvalitet.<br \/>\nDen finns i tv\u00e5 modeller; f\u00f6r 2 eller 3 smaker.<\/p>\n<h5>Ladda ner PDF<\/h5>\n<p><a href=\"https:\/\/alrpcopy.alrp-ab.se\/wp-content\/uploads\/2024\/04\/Framec_SV_mini-cream.pdf\">Framec_SV_mini-cream<\/a><br \/>\n<a href=\"https:\/\/alrpcopy.alrp-ab.se\/wp-content\/uploads\/2024\/04\/framec_mini-cream_Eng.pdf\">framec_mini-cream_Eng<\/a><\/p>\n","protected":false},"featured_media":2834,"template":"","meta":{"_uag_custom_page_level_css":"","site-sidebar-layout":"default","site-content-layout":"","ast-site-content-layout":"normal-width-container","site-content-style":"default","site-sidebar-style":"default","ast-global-header-display":"","ast-banner-title-visibility":"","ast-main-header-display":"","ast-hfb-above-header-display":"","ast-hfb-below-header-display":"","ast-hfb-mobile-header-display":"","site-post-title":"","ast-breadcrumbs-content":"","ast-featured-img":"","footer-sml-layout":"","theme-transparent-header-meta":"default","adv-header-id-meta":"","stick-header-meta":"default","header-above-stick-meta":"","header-main-stick-meta":"","header-below-stick-meta":"","astra-migrate-meta-layouts":"set","ast-page-background-enabled":"default","ast-page-background-meta":{"desktop":{"background-color":"var(--ast-global-color-5)","background-image":"","background-repeat":"repeat","background-position":"center center","background-size":"auto","background-attachment":"scroll","background-type":"","background-media":"","overlay-type":"","overlay-color":"","overlay-opacity":"","overlay-gradient":""},"tablet":{"background-color":"","background-image":"","background-repeat":"repeat","background-position":"center center","background-size":"auto","background-attachment":"scroll","background-type":"","background-media":"","overlay-type":"","overlay-color":"","overlay-opacity":"","overlay-gradient":""},"mobile":{"background-color":"","background-image":"","background-repeat":"repeat","background-position":"center center","background-size":"auto","background-attachment":"scroll","background-type":"","background-media":"","overlay-type":"","overlay-color":"","overlay-opacity":"","overlay-gradient":""}},"ast-content-background-meta":{"desktop":{"background-color":"var(--ast-global-color-4)","background-image":"","background-repeat":"repeat","background-position":"center center","background-size":"auto","background-attachment":"scroll","background-type":"","background-media":"","overlay-type":"","overlay-color":"","overlay-opacity":"","overlay-gradient":""},"tablet":{"background-color":"var(--ast-global-color-4)","background-image":"","background-repeat":"repeat","background-position":"center center","background-size":"auto","background-attachment":"scroll","background-type":"","background-media":"","overlay-type":"","overlay-color":"","overlay-opacity":"","overlay-gradient":""},"mobile":{"background-color":"var(--ast-global-color-4)","background-image":"","background-repeat":"repeat","background-position":"center center","background-size":"auto","background-attachment":"scroll","background-type":"","background-media":"","overlay-type":"","overlay-color":"","overlay-opacity":"","overlay-gradient":""}}},"product_brand":[],"product_cat":[113,17],"product_tag":[],"class_list":{"0":"post-2697","1":"product","2":"type-product","3":"status-publish","4":"has-post-thumbnail","6":"product_cat-glassdiskar","7":"product_cat-alla_produkter","8":"desktop-align-left","9":"tablet-align-left","10":"mobile-align-left","11":"ast-product-gallery-layout-horizontal-slider","12":"ast-product-tabs-layout-horizontal","14":"first","15":"instock","16":"shipping-taxable","17":"product-type-simple"},"uagb_featured_image_src":{"full":["https:\/\/alrpcopy.alrp-ab.se\/wp-content\/uploads\/2024\/04\/minicream3v-1-260x260-1.jpg",260,260,false],"thumbnail":["https:\/\/alrpcopy.alrp-ab.se\/wp-content\/uploads\/2024\/04\/minicream3v-1-260x260-1-150x150.jpg",150,150,true],"medium":["https:\/\/alrpcopy.alrp-ab.se\/wp-content\/uploads\/2024\/04\/minicream3v-1-260x260-1.jpg",260,260,false],"medium_large":["https:\/\/alrpcopy.alrp-ab.se\/wp-content\/uploads\/2024\/04\/minicream3v-1-260x260-1.jpg",260,260,false],"large":["https:\/\/alrpcopy.alrp-ab.se\/wp-content\/uploads\/2024\/04\/minicream3v-1-260x260-1.jpg",260,260,false],"1536x1536":["https:\/\/alrpcopy.alrp-ab.se\/wp-content\/uploads\/2024\/04\/minicream3v-1-260x260-1.jpg",260,260,false],"2048x2048":["https:\/\/alrpcopy.alrp-ab.se\/wp-content\/uploads\/2024\/04\/minicream3v-1-260x260-1.jpg",260,260,false],"woocommerce_thumbnail":["https:\/\/alrpcopy.alrp-ab.se\/wp-content\/uploads\/2024\/04\/minicream3v-1-260x260-1.jpg",260,260,false],"woocommerce_single":["https:\/\/alrpcopy.alrp-ab.se\/wp-content\/uploads\/2024\/04\/minicream3v-1-260x260-1.jpg",260,260,false],"woocommerce_gallery_thumbnail":["https:\/\/alrpcopy.alrp-ab.se\/wp-content\/uploads\/2024\/04\/minicream3v-1-260x260-1-100x100.jpg",100,100,true]},"uagb_author_info":{"display_name":"Alrp","author_link":"https:\/\/alrpcopy.alrp-ab.se\/en\/author\/"},"uagb_comment_info":0,"uagb_excerpt":"Mini Cream \u00e4r en modern, italiensk produkt av h\u00f6g kvalitet. Den finns i tv\u00e5 modeller; f\u00f6r 2 eller 3 smaker. Ladda ner PDF Framec_SV_mini-cream framec_mini-cream_Eng","_links":{"self":[{"href":"https:\/\/alrpcopy.alrp-ab.se\/en\/wp-json\/wp\/v2\/product\/2697","targetHints":{"allow":["GET"]}}],"collection":[{"href":"https:\/\/alrpcopy.alrp-ab.se\/en\/wp-json\/wp\/v2\/product"}],"about":[{"href":"https:\/\/alrpcopy.alrp-ab.se\/en\/wp-json\/wp\/v2\/types\/product"}],"wp:featuredmedia":[{"embeddable":true,"href":"https:\/\/alrpcopy.alrp-ab.se\/en\/wp-json\/wp\/v2\/media\/2834"}],"wp:attachment":[{"href":"https:\/\/alrpcopy.alrp-ab.se\/en\/wp-json\/wp\/v2\/media?parent=2697"}],"wp:term":[{"taxonomy":"product_brand","embeddable":true,"href":"https:\/\/alrpcopy.alrp-ab.se\/en\/wp-json\/wp\/v2\/product_brand?post=2697"},{"taxonomy":"product_cat","embeddable":true,"href":"https:\/\/alrpcopy.alrp-ab.se\/en\/wp-json\/wp\/v2\/product_cat?post=2697"},{"taxonomy":"product_tag","embeddable":true,"href":"https:\/\/alrpcopy.alrp-ab.se\/en\/wp-json\/wp\/v2\/product_tag?post=2697"}],"curies":[{"name":"wp","href":"https:\/\/api.w.org\/{rel}","templated":true}]}}