{"id":2657,"date":"2024-04-05T15:05:35","date_gmt":"2024-04-05T15:05:35","guid":{"rendered":"https:\/\/alrpcopy.alrp-ab.se\/?post_type=product&#038;p=2657"},"modified":"2025-03-18T17:51:30","modified_gmt":"2025-03-18T17:51:30","slug":"waring-wbw300-vaffeljarn-bubbel","status":"publish","type":"product","link":"https:\/\/alrpcopy.alrp-ab.se\/en\/produkt\/waring-wbw300-vaffeljarn-bubbel\/","title":{"rendered":"Waring WBW300 V\u00e5ffelj\u00e4rn bubbel"},"content":{"rendered":"<h3>Waring WBW300 &#8211; V\u00e5ffelj\u00e4rn bubbel<\/h3>\n<p>Bubbelv\u00e5fflor \u00e4r en ny kundfavorit. Baserat p\u00e5 traditionella gatuv\u00e5fflor i Hong Kong-stil, Waring WBW300X bakar upp till 25st v\u00e5fflor per timme, redo att rulla till strutar och fylla med glass, eller servera platt med s\u00f6ta eller salta p\u00e5l\u00e4gg. Den roterande funktion, precision temperaturkontroll, indikator\u00a0ser till att v\u00e5fflor bakas och bryn j\u00e4mnt, uppifr\u00e5n och ned. Trippelbelagd, nonstick plattor sl\u00e4pper v\u00e5fflor i perfekt form och g\u00f6r reng\u00f6ring snabbt och enkelt.<\/p>\n<h4><strong>Om WBW300<\/strong><\/h4>\n<ul>\n<li>Formgjutet motst\u00e5ndskraftigt utf\u00f6rande<\/li>\n<li>Integrerade v\u00e4rmeelement f\u00f6r exakt<\/li>\n<li>Temperaturkontroll<\/li>\n<li>Roterande arbetsg\u00e5ng f\u00f6r j\u00e4mn bakning<\/li>\n<li>LED lampor f\u00f6r Klar och ljudsignal indikerar b\u00f6rja resp sluta gr\u00e4ddningen<\/li>\n<li>\u200bEtt \u00e5rs garanti<\/li>\n<\/ul>\n<div class=\"ast-oembed-container \" style=\"height: 100%;\"><iframe loading=\"lazy\" title=\"NEW Waffle Makers - Bubble, MIni-Belgian &amp; Gelato Panini Maker, Waring Commercial\" width=\"500\" height=\"281\" src=\"https:\/\/www.youtube.com\/embed\/LbmwxMvQisM?start=2&#038;feature=oembed\" frameborder=\"0\" allow=\"accelerometer; autoplay; clipboard-write; encrypted-media; gyroscope; picture-in-picture; web-share\" referrerpolicy=\"strict-origin-when-cross-origin\" allowfullscreen><\/iframe><\/div>\n<p>&nbsp;<\/p>\n<p>&nbsp;<\/p>\n","protected":false},"excerpt":{"rendered":"<p>Bubbelv\u00e5fflor &#8211; nytt och sp\u00e4nnande<\/p>\n<h5>Ladda ner PDF:<\/h5>\n<p><a href=\"https:\/\/alrpcopy.alrp-ab.se\/wp-content\/uploads\/2024\/04\/waring-bubbel_WBW300X_sv.pdf\">waring-bubbel_WBW300X_sv<\/a><br \/>\n<a href=\"https:\/\/alrpcopy.alrp-ab.se\/wp-content\/uploads\/2024\/04\/waring-WBW300X.pdf\">waring-WBW300X<\/a><\/p>\n<p>&nbsp;<\/p>\n<p>&nbsp;<\/p>\n<p>&nbsp;<\/p>\n","protected":false},"featured_media":2658,"template":"","meta":{"_uag_custom_page_level_css":"","site-sidebar-layout":"default","site-content-layout":"","ast-site-content-layout":"default","site-content-style":"default","site-sidebar-style":"default","ast-global-header-display":"","ast-banner-title-visibility":"","ast-main-header-display":"","ast-hfb-above-header-display":"","ast-hfb-below-header-display":"","ast-hfb-mobile-header-display":"","site-post-title":"","ast-breadcrumbs-content":"","ast-featured-img":"","footer-sml-layout":"","theme-transparent-header-meta":"default","adv-header-id-meta":"","stick-header-meta":"","header-above-stick-meta":"","header-main-stick-meta":"","header-below-stick-meta":"","astra-migrate-meta-layouts":"set","ast-page-background-enabled":"default","ast-page-background-meta":{"desktop":{"background-color":"var(--ast-global-color-5)","background-image":"","background-repeat":"repeat","background-position":"center center","background-size":"auto","background-attachment":"scroll","background-type":"","background-media":"","overlay-type":"","overlay-color":"","overlay-opacity":"","overlay-gradient":""},"tablet":{"background-color":"","background-image":"","background-repeat":"repeat","background-position":"center center","background-size":"auto","background-attachment":"scroll","background-type":"","background-media":"","overlay-type":"","overlay-color":"","overlay-opacity":"","overlay-gradient":""},"mobile":{"background-color":"","background-image":"","background-repeat":"repeat","background-position":"center center","background-size":"auto","background-attachment":"scroll","background-type":"","background-media":"","overlay-type":"","overlay-color":"","overlay-opacity":"","overlay-gradient":""}},"ast-content-background-meta":{"desktop":{"background-color":"var(--ast-global-color-4)","background-image":"","background-repeat":"repeat","background-position":"center center","background-size":"auto","background-attachment":"scroll","background-type":"","background-media":"","overlay-type":"","overlay-color":"","overlay-opacity":"","overlay-gradient":""},"tablet":{"background-color":"var(--ast-global-color-4)","background-image":"","background-repeat":"repeat","background-position":"center center","background-size":"auto","background-attachment":"scroll","background-type":"","background-media":"","overlay-type":"","overlay-color":"","overlay-opacity":"","overlay-gradient":""},"mobile":{"background-color":"var(--ast-global-color-4)","background-image":"","background-repeat":"repeat","background-position":"center center","background-size":"auto","background-attachment":"scroll","background-type":"","background-media":"","overlay-type":"","overlay-color":"","overlay-opacity":"","overlay-gradient":""}}},"product_brand":[167],"product_cat":[155,17],"product_tag":[],"class_list":{"0":"post-2657","1":"product","2":"type-product","3":"status-publish","4":"has-post-thumbnail","6":"product_brand-waring","7":"product_cat-bubble","8":"product_cat-alla_produkter","9":"desktop-align-left","10":"tablet-align-left","11":"mobile-align-left","12":"ast-product-gallery-layout-horizontal-slider","13":"ast-product-tabs-layout-horizontal","15":"first","16":"instock","17":"shipping-taxable","18":"product-type-simple"},"uagb_featured_image_src":{"full":["https:\/\/alrpcopy.alrp-ab.se\/wp-content\/uploads\/2024\/04\/WAR_WBW300_bubbel01.jpg",734,954,false],"thumbnail":["https:\/\/alrpcopy.alrp-ab.se\/wp-content\/uploads\/2024\/04\/WAR_WBW300_bubbel01-150x150.jpg",150,150,true],"medium":["https:\/\/alrpcopy.alrp-ab.se\/wp-content\/uploads\/2024\/04\/WAR_WBW300_bubbel01-231x300.jpg",231,300,true],"medium_large":["https:\/\/alrpcopy.alrp-ab.se\/wp-content\/uploads\/2024\/04\/WAR_WBW300_bubbel01.jpg",734,954,false],"large":["https:\/\/alrpcopy.alrp-ab.se\/wp-content\/uploads\/2024\/04\/WAR_WBW300_bubbel01.jpg",734,954,false],"1536x1536":["https:\/\/alrpcopy.alrp-ab.se\/wp-content\/uploads\/2024\/04\/WAR_WBW300_bubbel01.jpg",734,954,false],"2048x2048":["https:\/\/alrpcopy.alrp-ab.se\/wp-content\/uploads\/2024\/04\/WAR_WBW300_bubbel01.jpg",734,954,false],"woocommerce_thumbnail":["https:\/\/alrpcopy.alrp-ab.se\/wp-content\/uploads\/2024\/04\/WAR_WBW300_bubbel01-300x300.jpg",300,300,true],"woocommerce_single":["https:\/\/alrpcopy.alrp-ab.se\/wp-content\/uploads\/2024\/04\/WAR_WBW300_bubbel01-600x780.jpg",600,780,true],"woocommerce_gallery_thumbnail":["https:\/\/alrpcopy.alrp-ab.se\/wp-content\/uploads\/2024\/04\/WAR_WBW300_bubbel01-100x100.jpg",100,100,true]},"uagb_author_info":{"display_name":"Alrp","author_link":"https:\/\/alrpcopy.alrp-ab.se\/en\/author\/"},"uagb_comment_info":0,"uagb_excerpt":"Bubbelv\u00e5fflor - nytt och sp\u00e4nnande Ladda ner PDF: waring-bubbel_WBW300X_sv waring-WBW300X &nbsp; &nbsp; &nbsp;","_links":{"self":[{"href":"https:\/\/alrpcopy.alrp-ab.se\/en\/wp-json\/wp\/v2\/product\/2657","targetHints":{"allow":["GET"]}}],"collection":[{"href":"https:\/\/alrpcopy.alrp-ab.se\/en\/wp-json\/wp\/v2\/product"}],"about":[{"href":"https:\/\/alrpcopy.alrp-ab.se\/en\/wp-json\/wp\/v2\/types\/product"}],"wp:featuredmedia":[{"embeddable":true,"href":"https:\/\/alrpcopy.alrp-ab.se\/en\/wp-json\/wp\/v2\/media\/2658"}],"wp:attachment":[{"href":"https:\/\/alrpcopy.alrp-ab.se\/en\/wp-json\/wp\/v2\/media?parent=2657"}],"wp:term":[{"taxonomy":"product_brand","embeddable":true,"href":"https:\/\/alrpcopy.alrp-ab.se\/en\/wp-json\/wp\/v2\/product_brand?post=2657"},{"taxonomy":"product_cat","embeddable":true,"href":"https:\/\/alrpcopy.alrp-ab.se\/en\/wp-json\/wp\/v2\/product_cat?post=2657"},{"taxonomy":"product_tag","embeddable":true,"href":"https:\/\/alrpcopy.alrp-ab.se\/en\/wp-json\/wp\/v2\/product_tag?post=2657"}],"curies":[{"name":"wp","href":"https:\/\/api.w.org\/{rel}","templated":true}]}}