{"id":2642,"date":"2024-04-05T13:47:02","date_gmt":"2024-04-05T13:47:02","guid":{"rendered":"https:\/\/alrpcopy.alrp-ab.se\/?post_type=product&#038;p=2642"},"modified":"2025-03-15T14:54:23","modified_gmt":"2025-03-15T14:54:23","slug":"sirman-pdw-vaffeljarn","status":"publish","type":"product","link":"https:\/\/alrpcopy.alrp-ab.se\/en\/produkt\/sirman-pdw-vaffeljarn\/","title":{"rendered":"Sirman PDW V\u00e5ffelj\u00e4rn"},"content":{"rendered":"<h3>Dubbelt v\u00e5ffelj\u00e4rn med h\u00f6g kapacitet<\/h3>\n<p>Med PDW dubbelt v\u00e5ffelj\u00e4rn kan du snabbt och enkelt gr\u00e4dda l\u00e4ckra v\u00e5fflor. V\u00e5ffelj\u00e4rnet klarar att gr\u00e4dda en eller tv\u00e5 stycken \u00e5t g\u00e5ngen.\u00a0V\u00e5ffelj\u00e4rnet har keramik\u00f6verdragna tillagningsytor av gjutj\u00e4rn f\u00f6r att ge b\u00e4sta m\u00f6jliga hygien. Du kan utan problem anv\u00e4nda ingredienser med h\u00f6g halt av syra eller salt och ytan \u00e4r dessutom mycket motst\u00e5ndskraftig mot oxidation.\u00a0Maskinen \u00e4r enkel att reng\u00f6ra<\/p>\n<h4>Om PDW<\/h4>\n<ul>\n<li>Utrustad med:<br \/>\n&#8211; St\u00f6ts\u00e4kra v\u00e4rmeelement som ger h\u00f6g effekt (3000W) och maximal v\u00e4rme\u00f6verf\u00f6ring<br \/>\n&#8211; 2st justerbara termostater upp till 300\u00b0 C. G\u00f6r det m\u00f6jligt att anv\u00e4nda plattorna separat.<br \/>\n&#8211; 1st grillborste<\/li>\n<\/ul>\n<h5>Tillval<\/h5>\n<p>&#8211; Oljespray, reng\u00f6ringsborstar mm.<\/p>\n","protected":false},"excerpt":{"rendered":"<p>Dubbelt v\u00e5ffelj\u00e4rn f\u00f6r hj\u00e4rtformade v\u00e5fflor<\/p>\n<h5>Ladda ner PDF<\/h5>\n<p><a href=\"https:\/\/alrpcopy.alrp-ab.se\/wp-content\/uploads\/2024\/04\/SIR-PDW_sv.pdf\">SIR-PDW_sv<\/a><br \/>\n<a href=\"https:\/\/alrpcopy.alrp-ab.se\/wp-content\/uploads\/2024\/04\/Sirman-PDW_eng.pdf\">Sirman-PDW_eng<\/a><\/p>\n<p>&nbsp;<\/p>\n<p>&nbsp;<\/p>\n","protected":false},"featured_media":2647,"template":"","meta":{"_uag_custom_page_level_css":"","site-sidebar-layout":"default","site-content-layout":"","ast-site-content-layout":"normal-width-container","site-content-style":"default","site-sidebar-style":"default","ast-global-header-display":"","ast-banner-title-visibility":"","ast-main-header-display":"","ast-hfb-above-header-display":"","ast-hfb-below-header-display":"","ast-hfb-mobile-header-display":"","site-post-title":"","ast-breadcrumbs-content":"","ast-featured-img":"","footer-sml-layout":"","theme-transparent-header-meta":"default","adv-header-id-meta":"","stick-header-meta":"","header-above-stick-meta":"","header-main-stick-meta":"","header-below-stick-meta":"","astra-migrate-meta-layouts":"set","ast-page-background-enabled":"default","ast-page-background-meta":{"desktop":{"background-color":"var(--ast-global-color-5)","background-image":"","background-repeat":"repeat","background-position":"center center","background-size":"auto","background-attachment":"scroll","background-type":"","background-media":"","overlay-type":"","overlay-color":"","overlay-opacity":"","overlay-gradient":""},"tablet":{"background-color":"","background-image":"","background-repeat":"repeat","background-position":"center center","background-size":"auto","background-attachment":"scroll","background-type":"","background-media":"","overlay-type":"","overlay-color":"","overlay-opacity":"","overlay-gradient":""},"mobile":{"background-color":"","background-image":"","background-repeat":"repeat","background-position":"center center","background-size":"auto","background-attachment":"scroll","background-type":"","background-media":"","overlay-type":"","overlay-color":"","overlay-opacity":"","overlay-gradient":""}},"ast-content-background-meta":{"desktop":{"background-color":"var(--ast-global-color-4)","background-image":"","background-repeat":"repeat","background-position":"center center","background-size":"auto","background-attachment":"scroll","background-type":"","background-media":"","overlay-type":"","overlay-color":"","overlay-opacity":"","overlay-gradient":""},"tablet":{"background-color":"var(--ast-global-color-4)","background-image":"","background-repeat":"repeat","background-position":"center center","background-size":"auto","background-attachment":"scroll","background-type":"","background-media":"","overlay-type":"","overlay-color":"","overlay-opacity":"","overlay-gradient":""},"mobile":{"background-color":"var(--ast-global-color-4)","background-image":"","background-repeat":"repeat","background-position":"center center","background-size":"auto","background-attachment":"scroll","background-type":"","background-media":"","overlay-type":"","overlay-color":"","overlay-opacity":"","overlay-gradient":""}}},"product_brand":[171],"product_cat":[110],"product_tag":[],"class_list":{"0":"post-2642","1":"product","2":"type-product","3":"status-publish","4":"has-post-thumbnail","6":"product_brand-sirman","7":"product_cat-vaffelbakning","8":"desktop-align-left","9":"tablet-align-left","10":"mobile-align-left","11":"ast-product-gallery-layout-horizontal-slider","12":"ast-product-tabs-layout-horizontal","14":"first","15":"instock","16":"shipping-taxable","17":"product-type-simple"},"uagb_featured_image_src":{"full":["https:\/\/alrpcopy.alrp-ab.se\/wp-content\/uploads\/2024\/04\/PIASTRE_PD-WAFFLE.gif",780,780,false],"thumbnail":["https:\/\/alrpcopy.alrp-ab.se\/wp-content\/uploads\/2024\/04\/PIASTRE_PD-WAFFLE-150x150.gif",150,150,true],"medium":["https:\/\/alrpcopy.alrp-ab.se\/wp-content\/uploads\/2024\/04\/PIASTRE_PD-WAFFLE-300x300.gif",300,300,true],"medium_large":["https:\/\/alrpcopy.alrp-ab.se\/wp-content\/uploads\/2024\/04\/PIASTRE_PD-WAFFLE-768x768.gif",768,768,true],"large":["https:\/\/alrpcopy.alrp-ab.se\/wp-content\/uploads\/2024\/04\/PIASTRE_PD-WAFFLE.gif",780,780,false],"1536x1536":["https:\/\/alrpcopy.alrp-ab.se\/wp-content\/uploads\/2024\/04\/PIASTRE_PD-WAFFLE.gif",780,780,false],"2048x2048":["https:\/\/alrpcopy.alrp-ab.se\/wp-content\/uploads\/2024\/04\/PIASTRE_PD-WAFFLE.gif",780,780,false],"woocommerce_thumbnail":["https:\/\/alrpcopy.alrp-ab.se\/wp-content\/uploads\/2024\/04\/PIASTRE_PD-WAFFLE-300x300.gif",300,300,true],"woocommerce_single":["https:\/\/alrpcopy.alrp-ab.se\/wp-content\/uploads\/2024\/04\/PIASTRE_PD-WAFFLE-600x600.gif",600,600,true],"woocommerce_gallery_thumbnail":["https:\/\/alrpcopy.alrp-ab.se\/wp-content\/uploads\/2024\/04\/PIASTRE_PD-WAFFLE-100x100.gif",100,100,true]},"uagb_author_info":{"display_name":"Alrp","author_link":"https:\/\/alrpcopy.alrp-ab.se\/en\/author\/"},"uagb_comment_info":0,"uagb_excerpt":"Dubbelt v\u00e5ffelj\u00e4rn f\u00f6r hj\u00e4rtformade v\u00e5fflor Ladda ner PDF SIR-PDW_sv Sirman-PDW_eng &nbsp; &nbsp;","_links":{"self":[{"href":"https:\/\/alrpcopy.alrp-ab.se\/en\/wp-json\/wp\/v2\/product\/2642","targetHints":{"allow":["GET"]}}],"collection":[{"href":"https:\/\/alrpcopy.alrp-ab.se\/en\/wp-json\/wp\/v2\/product"}],"about":[{"href":"https:\/\/alrpcopy.alrp-ab.se\/en\/wp-json\/wp\/v2\/types\/product"}],"wp:featuredmedia":[{"embeddable":true,"href":"https:\/\/alrpcopy.alrp-ab.se\/en\/wp-json\/wp\/v2\/media\/2647"}],"wp:attachment":[{"href":"https:\/\/alrpcopy.alrp-ab.se\/en\/wp-json\/wp\/v2\/media?parent=2642"}],"wp:term":[{"taxonomy":"product_brand","embeddable":true,"href":"https:\/\/alrpcopy.alrp-ab.se\/en\/wp-json\/wp\/v2\/product_brand?post=2642"},{"taxonomy":"product_cat","embeddable":true,"href":"https:\/\/alrpcopy.alrp-ab.se\/en\/wp-json\/wp\/v2\/product_cat?post=2642"},{"taxonomy":"product_tag","embeddable":true,"href":"https:\/\/alrpcopy.alrp-ab.se\/en\/wp-json\/wp\/v2\/product_tag?post=2642"}],"curies":[{"name":"wp","href":"https:\/\/api.w.org\/{rel}","templated":true}]}}