{"id":2560,"date":"2024-03-23T15:00:44","date_gmt":"2024-03-23T15:00:44","guid":{"rendered":"https:\/\/alrpcopy.alrp-ab.se\/?post_type=product&#038;p=2560"},"modified":"2025-03-15T14:54:24","modified_gmt":"2025-03-15T14:54:24","slug":"ranbakbord","status":"publish","type":"product","link":"https:\/\/alrpcopy.alrp-ab.se\/en\/produkt\/ranbakbord\/","title":{"rendered":"R\u00e5nbakbord"},"content":{"rendered":"<h3>Bakbord med roteringsfunktion och manuell dispenser<\/h3>\n<p>Med r\u00e5nbakbordet kan du snabbt och l\u00e4tt baka m\u00e5nga r\u00e5n (ca 300 st per timme), hj\u00e4rtformade v\u00e5fflor eller belgiska v\u00e5fflor. De starkt ledande gjutj\u00e4rns bakplattorna sprider v\u00e4rmen j\u00e4mnt och ger gyllene, krispiga r\u00e5nstrutar eller r\u00e5nkorgar. R\u00e5nbakarna kan st\u00e4ngas av centralt och har separata termostater och indikatorlampor. Det finns en central huvudstr\u00f6mbrytare varmed man kan st\u00e4nga av samtliga r\u00e5nbakare.<\/p>\n<h4>Tillbeh\u00f6r<\/h4>\n<ul>\n<li>Instruktioner, recept, olje spray och st\u00e5lborste.<\/li>\n<\/ul>\n<h5>Tillval<\/h5>\n<p>&#8211; Baksk\u00e5p &#8211; Mobilt<\/p>\n<p><strong>Kan levereras med f\u00f6ljande bakplattor:<\/strong><\/p>\n<ul>\n<li>R\u00e5n<\/li>\n<li>Belgiska v\u00e5fflor. Kapacitet 140-160 st\/timme<\/li>\n<li>Hj\u00e4rtformade<\/li>\n<\/ul>\n","protected":false},"excerpt":{"rendered":"<p>Baka r\u00e5n eller v\u00e5fflor p\u00e5 plats. En given succ\u00e9.<\/p>\n<h5>Ladda ner PDF<\/h5>\n<p><a href=\"https:\/\/alrpcopy.alrp-ab.se\/wp-content\/uploads\/2024\/03\/Silex-T-534.pdf\">Silex-T-534<\/a><br \/>\n<a href=\"https:\/\/alrpcopy.alrp-ab.se\/wp-content\/uploads\/2024\/03\/Silex-T-534_eng.pdf\">Silex-T-534_eng<\/a><\/p>\n","protected":false},"featured_media":2447,"template":"","meta":{"_uag_custom_page_level_css":"","site-sidebar-layout":"default","site-content-layout":"","ast-site-content-layout":"normal-width-container","site-content-style":"default","site-sidebar-style":"default","ast-global-header-display":"","ast-banner-title-visibility":"","ast-main-header-display":"","ast-hfb-above-header-display":"","ast-hfb-below-header-display":"","ast-hfb-mobile-header-display":"","site-post-title":"","ast-breadcrumbs-content":"","ast-featured-img":"","footer-sml-layout":"","theme-transparent-header-meta":"default","adv-header-id-meta":"","stick-header-meta":"","header-above-stick-meta":"","header-main-stick-meta":"","header-below-stick-meta":"","astra-migrate-meta-layouts":"set","ast-page-background-enabled":"default","ast-page-background-meta":{"desktop":{"background-color":"var(--ast-global-color-5)","background-image":"","background-repeat":"repeat","background-position":"center center","background-size":"auto","background-attachment":"scroll","background-type":"","background-media":"","overlay-type":"","overlay-color":"","overlay-opacity":"","overlay-gradient":""},"tablet":{"background-color":"","background-image":"","background-repeat":"repeat","background-position":"center center","background-size":"auto","background-attachment":"scroll","background-type":"","background-media":"","overlay-type":"","overlay-color":"","overlay-opacity":"","overlay-gradient":""},"mobile":{"background-color":"","background-image":"","background-repeat":"repeat","background-position":"center center","background-size":"auto","background-attachment":"scroll","background-type":"","background-media":"","overlay-type":"","overlay-color":"","overlay-opacity":"","overlay-gradient":""}},"ast-content-background-meta":{"desktop":{"background-color":"var(--ast-global-color-4)","background-image":"","background-repeat":"repeat","background-position":"center center","background-size":"auto","background-attachment":"scroll","background-type":"","background-media":"","overlay-type":"","overlay-color":"","overlay-opacity":"","overlay-gradient":""},"tablet":{"background-color":"var(--ast-global-color-4)","background-image":"","background-repeat":"repeat","background-position":"center center","background-size":"auto","background-attachment":"scroll","background-type":"","background-media":"","overlay-type":"","overlay-color":"","overlay-opacity":"","overlay-gradient":""},"mobile":{"background-color":"var(--ast-global-color-4)","background-image":"","background-repeat":"repeat","background-position":"center center","background-size":"auto","background-attachment":"scroll","background-type":"","background-media":"","overlay-type":"","overlay-color":"","overlay-opacity":"","overlay-gradient":""}}},"product_brand":[169],"product_cat":[154,107,110,17],"product_tag":[],"class_list":{"0":"post-2560","1":"product","2":"type-product","3":"status-publish","4":"has-post-thumbnail","6":"product_brand-silex","7":"product_cat-ran","8":"product_cat-belgiska","9":"product_cat-vaffelbakning","10":"product_cat-alla_produkter","11":"desktop-align-left","12":"tablet-align-left","13":"mobile-align-left","14":"ast-product-gallery-layout-horizontal-slider","15":"ast-product-tabs-layout-horizontal","17":"first","18":"instock","19":"shipping-taxable","20":"product-type-simple"},"uagb_featured_image_src":{"full":["https:\/\/alrpcopy.alrp-ab.se\/wp-content\/uploads\/2024\/03\/vaffelmaskiner_karusell.jpg",500,525,false],"thumbnail":["https:\/\/alrpcopy.alrp-ab.se\/wp-content\/uploads\/2024\/03\/vaffelmaskiner_karusell-150x150.jpg",150,150,true],"medium":["https:\/\/alrpcopy.alrp-ab.se\/wp-content\/uploads\/2024\/03\/vaffelmaskiner_karusell-286x300.jpg",286,300,true],"medium_large":["https:\/\/alrpcopy.alrp-ab.se\/wp-content\/uploads\/2024\/03\/vaffelmaskiner_karusell.jpg",500,525,false],"large":["https:\/\/alrpcopy.alrp-ab.se\/wp-content\/uploads\/2024\/03\/vaffelmaskiner_karusell.jpg",500,525,false],"1536x1536":["https:\/\/alrpcopy.alrp-ab.se\/wp-content\/uploads\/2024\/03\/vaffelmaskiner_karusell.jpg",500,525,false],"2048x2048":["https:\/\/alrpcopy.alrp-ab.se\/wp-content\/uploads\/2024\/03\/vaffelmaskiner_karusell.jpg",500,525,false],"woocommerce_thumbnail":["https:\/\/alrpcopy.alrp-ab.se\/wp-content\/uploads\/2024\/03\/vaffelmaskiner_karusell-300x300.jpg",300,300,true],"woocommerce_single":["https:\/\/alrpcopy.alrp-ab.se\/wp-content\/uploads\/2024\/03\/vaffelmaskiner_karusell.jpg",500,525,false],"woocommerce_gallery_thumbnail":["https:\/\/alrpcopy.alrp-ab.se\/wp-content\/uploads\/2024\/03\/vaffelmaskiner_karusell-100x100.jpg",100,100,true]},"uagb_author_info":{"display_name":"Alrp","author_link":"https:\/\/alrpcopy.alrp-ab.se\/en\/author\/"},"uagb_comment_info":0,"uagb_excerpt":"Baka r\u00e5n eller v\u00e5fflor p\u00e5 plats. En given succ\u00e9. Ladda ner PDF Silex-T-534 Silex-T-534_eng","_links":{"self":[{"href":"https:\/\/alrpcopy.alrp-ab.se\/en\/wp-json\/wp\/v2\/product\/2560","targetHints":{"allow":["GET"]}}],"collection":[{"href":"https:\/\/alrpcopy.alrp-ab.se\/en\/wp-json\/wp\/v2\/product"}],"about":[{"href":"https:\/\/alrpcopy.alrp-ab.se\/en\/wp-json\/wp\/v2\/types\/product"}],"wp:featuredmedia":[{"embeddable":true,"href":"https:\/\/alrpcopy.alrp-ab.se\/en\/wp-json\/wp\/v2\/media\/2447"}],"wp:attachment":[{"href":"https:\/\/alrpcopy.alrp-ab.se\/en\/wp-json\/wp\/v2\/media?parent=2560"}],"wp:term":[{"taxonomy":"product_brand","embeddable":true,"href":"https:\/\/alrpcopy.alrp-ab.se\/en\/wp-json\/wp\/v2\/product_brand?post=2560"},{"taxonomy":"product_cat","embeddable":true,"href":"https:\/\/alrpcopy.alrp-ab.se\/en\/wp-json\/wp\/v2\/product_cat?post=2560"},{"taxonomy":"product_tag","embeddable":true,"href":"https:\/\/alrpcopy.alrp-ab.se\/en\/wp-json\/wp\/v2\/product_tag?post=2560"}],"curies":[{"name":"wp","href":"https:\/\/api.w.org\/{rel}","templated":true}]}}