{"id":2558,"date":"2024-03-23T14:52:24","date_gmt":"2024-03-23T14:52:24","guid":{"rendered":"https:\/\/alrpcopy.alrp-ab.se\/?post_type=product&#038;p=2558"},"modified":"2025-04-08T14:17:50","modified_gmt":"2025-04-08T14:17:50","slug":"bakplatta-for-hjartformade-vafflor","status":"publish","type":"product","link":"https:\/\/alrpcopy.alrp-ab.se\/en\/produkt\/bakplatta-for-hjartformade-vafflor\/","title":{"rendered":"Bakplatta f\u00f6r hj\u00e4rtformade v\u00e5fflor"},"content":{"rendered":"<h3>Bakplattor med v\u00e4rme &#8211; F\u00f6r hj\u00e4rtformade v\u00e5fflor<\/h3>\n<p>Har du redan ett v\u00e5ffelj\u00e4rn och vill b\u00f6rja s\u00e4lja andra sorters v\u00e5fflor men vill inte k\u00f6pa ett nytt j\u00e4rn? D\u00e5 \u00e4r detta l\u00f6sningen f\u00f6r dig. Med dessa bakplattor kan du byta ut de Silex bakplattor som redan finns p\u00e5 ditt v\u00e5ffelj\u00e4rn.<\/p>\n<h4>Om SI 904 Hj\u00e4rtformade v\u00e5fflor<\/h4>\n<p>&#8211; Utbytbart v\u00e4rmeelement<br \/>\n&#8211; Tillverkat av gjutj\u00e4rn<\/p>\n","protected":false},"excerpt":{"rendered":"<p>Bakplatta f\u00f6r v\u00e5ra vanligaste v\u00e5fflor<\/p>\n<p>&nbsp;<\/p>\n","protected":false},"featured_media":2434,"template":"","meta":{"_uag_custom_page_level_css":"","site-sidebar-layout":"default","site-content-layout":"","ast-site-content-layout":"normal-width-container","site-content-style":"default","site-sidebar-style":"default","ast-global-header-display":"","ast-banner-title-visibility":"","ast-main-header-display":"","ast-hfb-above-header-display":"","ast-hfb-below-header-display":"","ast-hfb-mobile-header-display":"","site-post-title":"","ast-breadcrumbs-content":"","ast-featured-img":"","footer-sml-layout":"","theme-transparent-header-meta":"default","adv-header-id-meta":"","stick-header-meta":"default","header-above-stick-meta":"","header-main-stick-meta":"","header-below-stick-meta":"","astra-migrate-meta-layouts":"set","ast-page-background-enabled":"default","ast-page-background-meta":{"desktop":{"background-color":"var(--ast-global-color-5)","background-image":"","background-repeat":"repeat","background-position":"center center","background-size":"auto","background-attachment":"scroll","background-type":"","background-media":"","overlay-type":"","overlay-color":"","overlay-opacity":"","overlay-gradient":""},"tablet":{"background-color":"","background-image":"","background-repeat":"repeat","background-position":"center center","background-size":"auto","background-attachment":"scroll","background-type":"","background-media":"","overlay-type":"","overlay-color":"","overlay-opacity":"","overlay-gradient":""},"mobile":{"background-color":"","background-image":"","background-repeat":"repeat","background-position":"center center","background-size":"auto","background-attachment":"scroll","background-type":"","background-media":"","overlay-type":"","overlay-color":"","overlay-opacity":"","overlay-gradient":""}},"ast-content-background-meta":{"desktop":{"background-color":"var(--ast-global-color-4)","background-image":"","background-repeat":"repeat","background-position":"center center","background-size":"auto","background-attachment":"scroll","background-type":"","background-media":"","overlay-type":"","overlay-color":"","overlay-opacity":"","overlay-gradient":""},"tablet":{"background-color":"var(--ast-global-color-4)","background-image":"","background-repeat":"repeat","background-position":"center center","background-size":"auto","background-attachment":"scroll","background-type":"","background-media":"","overlay-type":"","overlay-color":"","overlay-opacity":"","overlay-gradient":""},"mobile":{"background-color":"var(--ast-global-color-4)","background-image":"","background-repeat":"repeat","background-position":"center center","background-size":"auto","background-attachment":"scroll","background-type":"","background-media":"","overlay-type":"","overlay-color":"","overlay-opacity":"","overlay-gradient":""}}},"product_brand":[169],"product_cat":[110,17],"product_tag":[],"class_list":{"0":"post-2558","1":"product","2":"type-product","3":"status-publish","4":"has-post-thumbnail","6":"product_brand-silex","7":"product_cat-vaffelbakning","8":"product_cat-alla_produkter","9":"desktop-align-left","10":"tablet-align-left","11":"mobile-align-left","12":"ast-product-gallery-layout-horizontal-slider","13":"ast-product-tabs-layout-horizontal","15":"first","16":"instock","17":"shipping-taxable","18":"product-type-simple"},"uagb_featured_image_src":{"full":["https:\/\/alrpcopy.alrp-ab.se\/wp-content\/uploads\/2024\/03\/bakplatta_hjarta.jpg",350,444,false],"thumbnail":["https:\/\/alrpcopy.alrp-ab.se\/wp-content\/uploads\/2024\/03\/bakplatta_hjarta-150x150.jpg",150,150,true],"medium":["https:\/\/alrpcopy.alrp-ab.se\/wp-content\/uploads\/2024\/03\/bakplatta_hjarta-236x300.jpg",236,300,true],"medium_large":["https:\/\/alrpcopy.alrp-ab.se\/wp-content\/uploads\/2024\/03\/bakplatta_hjarta.jpg",350,444,false],"large":["https:\/\/alrpcopy.alrp-ab.se\/wp-content\/uploads\/2024\/03\/bakplatta_hjarta.jpg",350,444,false],"1536x1536":["https:\/\/alrpcopy.alrp-ab.se\/wp-content\/uploads\/2024\/03\/bakplatta_hjarta.jpg",350,444,false],"2048x2048":["https:\/\/alrpcopy.alrp-ab.se\/wp-content\/uploads\/2024\/03\/bakplatta_hjarta.jpg",350,444,false],"woocommerce_thumbnail":["https:\/\/alrpcopy.alrp-ab.se\/wp-content\/uploads\/2024\/03\/bakplatta_hjarta-300x300.jpg",300,300,true],"woocommerce_single":["https:\/\/alrpcopy.alrp-ab.se\/wp-content\/uploads\/2024\/03\/bakplatta_hjarta.jpg",350,444,false],"woocommerce_gallery_thumbnail":["https:\/\/alrpcopy.alrp-ab.se\/wp-content\/uploads\/2024\/03\/bakplatta_hjarta-100x100.jpg",100,100,true]},"uagb_author_info":{"display_name":"Alrp","author_link":"https:\/\/alrpcopy.alrp-ab.se\/en\/author\/"},"uagb_comment_info":0,"uagb_excerpt":"Bakplatta f\u00f6r v\u00e5ra vanligaste v\u00e5fflor &nbsp;","_links":{"self":[{"href":"https:\/\/alrpcopy.alrp-ab.se\/en\/wp-json\/wp\/v2\/product\/2558","targetHints":{"allow":["GET"]}}],"collection":[{"href":"https:\/\/alrpcopy.alrp-ab.se\/en\/wp-json\/wp\/v2\/product"}],"about":[{"href":"https:\/\/alrpcopy.alrp-ab.se\/en\/wp-json\/wp\/v2\/types\/product"}],"wp:featuredmedia":[{"embeddable":true,"href":"https:\/\/alrpcopy.alrp-ab.se\/en\/wp-json\/wp\/v2\/media\/2434"}],"wp:attachment":[{"href":"https:\/\/alrpcopy.alrp-ab.se\/en\/wp-json\/wp\/v2\/media?parent=2558"}],"wp:term":[{"taxonomy":"product_brand","embeddable":true,"href":"https:\/\/alrpcopy.alrp-ab.se\/en\/wp-json\/wp\/v2\/product_brand?post=2558"},{"taxonomy":"product_cat","embeddable":true,"href":"https:\/\/alrpcopy.alrp-ab.se\/en\/wp-json\/wp\/v2\/product_cat?post=2558"},{"taxonomy":"product_tag","embeddable":true,"href":"https:\/\/alrpcopy.alrp-ab.se\/en\/wp-json\/wp\/v2\/product_tag?post=2558"}],"curies":[{"name":"wp","href":"https:\/\/api.w.org\/{rel}","templated":true}]}}