{"id":2543,"date":"2024-03-23T13:49:38","date_gmt":"2024-03-23T13:49:38","guid":{"rendered":"https:\/\/alrpcopy.alrp-ab.se\/?post_type=product&#038;p=2543"},"modified":"2025-03-18T18:00:19","modified_gmt":"2025-03-18T18:00:19","slug":"formare-for-strutar","status":"publish","type":"product","link":"https:\/\/alrpcopy.alrp-ab.se\/en\/produkt\/formare-for-strutar\/","title":{"rendered":"Formare f\u00f6r strutar"},"content":{"rendered":"<h3>Formare f\u00f6r glasstrutar<\/h3>\n<p>F\u00f6r dig som vill g\u00f6ra egna glasstrutar! Formare i 2 delar.\u00a0F\u00f6rst bakar man smeten i ett v\u00e5ffelj\u00e4rn\/r\u00e5nj\u00e4rn. Sedan l\u00e4gger du v\u00e5fflan p\u00e5 plattan och vrider med det konformade verktyget.<\/p>\n<h5>Se video h\u00e4r:<\/h5>\n<h5><iframe loading=\"lazy\" src=\"\/\/www.youtube.com\/embed\/rzL2acsqMJw\" width=\"560\" height=\"314\" allowfullscreen=\"allowfullscreen\"><\/iframe><\/h5>\n","protected":false},"excerpt":{"rendered":"<p>B\u00e4r du bakat dina r\u00e5n blir det l\u00e4tt att forma dem.<\/p>\n","protected":false},"featured_media":2545,"template":"","meta":{"_uag_custom_page_level_css":"","site-sidebar-layout":"default","site-content-layout":"","ast-site-content-layout":"normal-width-container","site-content-style":"default","site-sidebar-style":"default","ast-global-header-display":"","ast-banner-title-visibility":"","ast-main-header-display":"","ast-hfb-above-header-display":"","ast-hfb-below-header-display":"","ast-hfb-mobile-header-display":"","site-post-title":"","ast-breadcrumbs-content":"","ast-featured-img":"","footer-sml-layout":"","theme-transparent-header-meta":"default","adv-header-id-meta":"","stick-header-meta":"default","header-above-stick-meta":"","header-main-stick-meta":"","header-below-stick-meta":"","astra-migrate-meta-layouts":"set","ast-page-background-enabled":"default","ast-page-background-meta":{"desktop":{"background-color":"var(--ast-global-color-5)","background-image":"","background-repeat":"repeat","background-position":"center center","background-size":"auto","background-attachment":"scroll","background-type":"","background-media":"","overlay-type":"","overlay-color":"","overlay-opacity":"","overlay-gradient":""},"tablet":{"background-color":"","background-image":"","background-repeat":"repeat","background-position":"center center","background-size":"auto","background-attachment":"scroll","background-type":"","background-media":"","overlay-type":"","overlay-color":"","overlay-opacity":"","overlay-gradient":""},"mobile":{"background-color":"","background-image":"","background-repeat":"repeat","background-position":"center center","background-size":"auto","background-attachment":"scroll","background-type":"","background-media":"","overlay-type":"","overlay-color":"","overlay-opacity":"","overlay-gradient":""}},"ast-content-background-meta":{"desktop":{"background-color":"var(--ast-global-color-4)","background-image":"","background-repeat":"repeat","background-position":"center center","background-size":"auto","background-attachment":"scroll","background-type":"","background-media":"","overlay-type":"","overlay-color":"","overlay-opacity":"","overlay-gradient":""},"tablet":{"background-color":"var(--ast-global-color-4)","background-image":"","background-repeat":"repeat","background-position":"center center","background-size":"auto","background-attachment":"scroll","background-type":"","background-media":"","overlay-type":"","overlay-color":"","overlay-opacity":"","overlay-gradient":""},"mobile":{"background-color":"var(--ast-global-color-4)","background-image":"","background-repeat":"repeat","background-position":"center center","background-size":"auto","background-attachment":"scroll","background-type":"","background-media":"","overlay-type":"","overlay-color":"","overlay-opacity":"","overlay-gradient":""}}},"product_brand":[169],"product_cat":[154,109,17],"product_tag":[],"class_list":{"0":"post-2543","1":"product","2":"type-product","3":"status-publish","4":"has-post-thumbnail","6":"product_brand-silex","7":"product_cat-ran","8":"product_cat-accessories","9":"product_cat-alla_produkter","10":"desktop-align-left","11":"tablet-align-left","12":"mobile-align-left","13":"ast-product-gallery-layout-horizontal-slider","14":"ast-product-tabs-layout-horizontal","16":"first","17":"instock","18":"shipping-taxable","19":"product-type-simple"},"uagb_featured_image_src":{"full":["https:\/\/alrpcopy.alrp-ab.se\/wp-content\/uploads\/2024\/03\/xos35t5g.bmp",400,400,false],"thumbnail":["https:\/\/alrpcopy.alrp-ab.se\/wp-content\/uploads\/2024\/03\/xos35t5g-150x150.jpg",150,150,true],"medium":["https:\/\/alrpcopy.alrp-ab.se\/wp-content\/uploads\/2024\/03\/xos35t5g-300x300.jpg",300,300,true],"medium_large":["https:\/\/alrpcopy.alrp-ab.se\/wp-content\/uploads\/2024\/03\/xos35t5g.bmp",400,400,false],"large":["https:\/\/alrpcopy.alrp-ab.se\/wp-content\/uploads\/2024\/03\/xos35t5g.bmp",400,400,false],"1536x1536":["https:\/\/alrpcopy.alrp-ab.se\/wp-content\/uploads\/2024\/03\/xos35t5g.bmp",400,400,false],"2048x2048":["https:\/\/alrpcopy.alrp-ab.se\/wp-content\/uploads\/2024\/03\/xos35t5g.bmp",400,400,false],"woocommerce_thumbnail":["https:\/\/alrpcopy.alrp-ab.se\/wp-content\/uploads\/2024\/03\/xos35t5g-300x300.jpg",300,300,true],"woocommerce_single":["https:\/\/alrpcopy.alrp-ab.se\/wp-content\/uploads\/2024\/03\/xos35t5g.bmp",400,400,false],"woocommerce_gallery_thumbnail":["https:\/\/alrpcopy.alrp-ab.se\/wp-content\/uploads\/2024\/03\/xos35t5g-100x100.jpg",100,100,true]},"uagb_author_info":{"display_name":"Alrp","author_link":"https:\/\/alrpcopy.alrp-ab.se\/en\/author\/"},"uagb_comment_info":0,"uagb_excerpt":"B\u00e4r du bakat dina r\u00e5n blir det l\u00e4tt att forma dem.","_links":{"self":[{"href":"https:\/\/alrpcopy.alrp-ab.se\/en\/wp-json\/wp\/v2\/product\/2543","targetHints":{"allow":["GET"]}}],"collection":[{"href":"https:\/\/alrpcopy.alrp-ab.se\/en\/wp-json\/wp\/v2\/product"}],"about":[{"href":"https:\/\/alrpcopy.alrp-ab.se\/en\/wp-json\/wp\/v2\/types\/product"}],"wp:featuredmedia":[{"embeddable":true,"href":"https:\/\/alrpcopy.alrp-ab.se\/en\/wp-json\/wp\/v2\/media\/2545"}],"wp:attachment":[{"href":"https:\/\/alrpcopy.alrp-ab.se\/en\/wp-json\/wp\/v2\/media?parent=2543"}],"wp:term":[{"taxonomy":"product_brand","embeddable":true,"href":"https:\/\/alrpcopy.alrp-ab.se\/en\/wp-json\/wp\/v2\/product_brand?post=2543"},{"taxonomy":"product_cat","embeddable":true,"href":"https:\/\/alrpcopy.alrp-ab.se\/en\/wp-json\/wp\/v2\/product_cat?post=2543"},{"taxonomy":"product_tag","embeddable":true,"href":"https:\/\/alrpcopy.alrp-ab.se\/en\/wp-json\/wp\/v2\/product_tag?post=2543"}],"curies":[{"name":"wp","href":"https:\/\/api.w.org\/{rel}","templated":true}]}}