{"id":2515,"date":"2024-03-22T17:51:07","date_gmt":"2024-03-22T17:51:07","guid":{"rendered":"https:\/\/alrpcopy.alrp-ab.se\/?post_type=product&#038;p=2515"},"modified":"2025-03-15T14:54:24","modified_gmt":"2025-03-15T14:54:24","slug":"rollergrill-ges75","status":"publish","type":"product","link":"https:\/\/alrpcopy.alrp-ab.se\/en\/produkt\/rollergrill-ges75\/","title":{"rendered":"Rollergrill GES75"},"content":{"rendered":"<h4>Belgiska V\u00e5fflor!<\/h4>\n<p>Ge dina kunder en smakupplevelse ut\u00f6ver det vanliga! Baka v\u00e5fflorna och garnera med choklad n\u00f6tter, str\u00f6ssel eller crisp. Servera med gr\u00e4dde, jordgubbar eller andra goda b\u00e4r och frukter. V\u00e5ffelmaskinen passar utm\u00e4rkt till kiosker, uteserveringar, evenemang mm. H\u00f6g kapacitet p\u00e5 litet utrymme. De starkt ledande gjutj\u00e4rns bakplattorna sprider v\u00e4rmen j\u00e4mnt och ger gyllene, krispiga v\u00e5fflor. Det tar endast 2,5 min att baka 1 st v\u00e5fflor.<\/p>\n<h5>Om ROL GES75<\/h5>\n<ul>\n<li>Avtagbar spillbricka runt\u00a0bottenplattan som samlar in \u00f6verskotts smeten, vilket g\u00f6r det\u00a0l\u00e4tt att reng\u00f6ra j\u00e4rnet.\u200b<\/li>\n<li>V\u00e5ffelj\u00e4rnet har:<br \/>\n&#8211; Justerbara f\u00f6tter<br \/>\n&#8211; Str\u00f6mbrytare<br \/>\n&#8211; Indikatorlampor<\/li>\n<\/ul>\n","protected":false},"excerpt":{"rendered":"<p>Vem vill inte ha Belgiska v\u00e5fflor efter semestern i Europa?<\/p>\n<p>&nbsp;<\/p>\n<p>&nbsp;<\/p>\n","protected":false},"featured_media":2597,"template":"","meta":{"_uag_custom_page_level_css":"","site-sidebar-layout":"default","site-content-layout":"","ast-site-content-layout":"normal-width-container","site-content-style":"default","site-sidebar-style":"default","ast-global-header-display":"","ast-banner-title-visibility":"","ast-main-header-display":"","ast-hfb-above-header-display":"","ast-hfb-below-header-display":"","ast-hfb-mobile-header-display":"","site-post-title":"","ast-breadcrumbs-content":"","ast-featured-img":"","footer-sml-layout":"","theme-transparent-header-meta":"default","adv-header-id-meta":"","stick-header-meta":"","header-above-stick-meta":"","header-main-stick-meta":"","header-below-stick-meta":"","astra-migrate-meta-layouts":"set","ast-page-background-enabled":"default","ast-page-background-meta":{"desktop":{"background-color":"var(--ast-global-color-5)","background-image":"","background-repeat":"repeat","background-position":"center center","background-size":"auto","background-attachment":"scroll","background-type":"","background-media":"","overlay-type":"","overlay-color":"","overlay-opacity":"","overlay-gradient":""},"tablet":{"background-color":"","background-image":"","background-repeat":"repeat","background-position":"center center","background-size":"auto","background-attachment":"scroll","background-type":"","background-media":"","overlay-type":"","overlay-color":"","overlay-opacity":"","overlay-gradient":""},"mobile":{"background-color":"","background-image":"","background-repeat":"repeat","background-position":"center center","background-size":"auto","background-attachment":"scroll","background-type":"","background-media":"","overlay-type":"","overlay-color":"","overlay-opacity":"","overlay-gradient":""}},"ast-content-background-meta":{"desktop":{"background-color":"var(--ast-global-color-4)","background-image":"","background-repeat":"repeat","background-position":"center center","background-size":"auto","background-attachment":"scroll","background-type":"","background-media":"","overlay-type":"","overlay-color":"","overlay-opacity":"","overlay-gradient":""},"tablet":{"background-color":"var(--ast-global-color-4)","background-image":"","background-repeat":"repeat","background-position":"center center","background-size":"auto","background-attachment":"scroll","background-type":"","background-media":"","overlay-type":"","overlay-color":"","overlay-opacity":"","overlay-gradient":""},"mobile":{"background-color":"var(--ast-global-color-4)","background-image":"","background-repeat":"repeat","background-position":"center center","background-size":"auto","background-attachment":"scroll","background-type":"","background-media":"","overlay-type":"","overlay-color":"","overlay-opacity":"","overlay-gradient":""}}},"product_brand":[168],"product_cat":[107,17],"product_tag":[],"class_list":{"0":"post-2515","1":"product","2":"type-product","3":"status-publish","4":"has-post-thumbnail","6":"product_brand-rollergrill","7":"product_cat-belgiska","8":"product_cat-alla_produkter","9":"desktop-align-left","10":"tablet-align-left","11":"mobile-align-left","12":"ast-product-gallery-layout-horizontal-slider","13":"ast-product-tabs-layout-horizontal","15":"first","16":"instock","17":"shipping-taxable","18":"product-type-simple"},"uagb_featured_image_src":{"full":["https:\/\/alrpcopy.alrp-ab.se\/wp-content\/uploads\/2024\/03\/ROL-GES75.jpg",400,400,false],"thumbnail":["https:\/\/alrpcopy.alrp-ab.se\/wp-content\/uploads\/2024\/03\/ROL-GES75-150x150.jpg",150,150,true],"medium":["https:\/\/alrpcopy.alrp-ab.se\/wp-content\/uploads\/2024\/03\/ROL-GES75-300x300.jpg",300,300,true],"medium_large":["https:\/\/alrpcopy.alrp-ab.se\/wp-content\/uploads\/2024\/03\/ROL-GES75.jpg",400,400,false],"large":["https:\/\/alrpcopy.alrp-ab.se\/wp-content\/uploads\/2024\/03\/ROL-GES75.jpg",400,400,false],"1536x1536":["https:\/\/alrpcopy.alrp-ab.se\/wp-content\/uploads\/2024\/03\/ROL-GES75.jpg",400,400,false],"2048x2048":["https:\/\/alrpcopy.alrp-ab.se\/wp-content\/uploads\/2024\/03\/ROL-GES75.jpg",400,400,false],"woocommerce_thumbnail":["https:\/\/alrpcopy.alrp-ab.se\/wp-content\/uploads\/2024\/03\/ROL-GES75-300x300.jpg",300,300,true],"woocommerce_single":["https:\/\/alrpcopy.alrp-ab.se\/wp-content\/uploads\/2024\/03\/ROL-GES75.jpg",400,400,false],"woocommerce_gallery_thumbnail":["https:\/\/alrpcopy.alrp-ab.se\/wp-content\/uploads\/2024\/03\/ROL-GES75-100x100.jpg",100,100,true]},"uagb_author_info":{"display_name":"Alrp","author_link":"https:\/\/alrpcopy.alrp-ab.se\/en\/author\/"},"uagb_comment_info":0,"uagb_excerpt":"Vem vill inte ha Belgiska v\u00e5fflor efter semestern i Europa? &nbsp; &nbsp;","_links":{"self":[{"href":"https:\/\/alrpcopy.alrp-ab.se\/en\/wp-json\/wp\/v2\/product\/2515","targetHints":{"allow":["GET"]}}],"collection":[{"href":"https:\/\/alrpcopy.alrp-ab.se\/en\/wp-json\/wp\/v2\/product"}],"about":[{"href":"https:\/\/alrpcopy.alrp-ab.se\/en\/wp-json\/wp\/v2\/types\/product"}],"wp:featuredmedia":[{"embeddable":true,"href":"https:\/\/alrpcopy.alrp-ab.se\/en\/wp-json\/wp\/v2\/media\/2597"}],"wp:attachment":[{"href":"https:\/\/alrpcopy.alrp-ab.se\/en\/wp-json\/wp\/v2\/media?parent=2515"}],"wp:term":[{"taxonomy":"product_brand","embeddable":true,"href":"https:\/\/alrpcopy.alrp-ab.se\/en\/wp-json\/wp\/v2\/product_brand?post=2515"},{"taxonomy":"product_cat","embeddable":true,"href":"https:\/\/alrpcopy.alrp-ab.se\/en\/wp-json\/wp\/v2\/product_cat?post=2515"},{"taxonomy":"product_tag","embeddable":true,"href":"https:\/\/alrpcopy.alrp-ab.se\/en\/wp-json\/wp\/v2\/product_tag?post=2515"}],"curies":[{"name":"wp","href":"https:\/\/api.w.org\/{rel}","templated":true}]}}