{"id":2513,"date":"2024-03-22T17:50:13","date_gmt":"2024-03-22T17:50:13","guid":{"rendered":"https:\/\/alrpcopy.alrp-ab.se\/?post_type=product&#038;p=2513"},"modified":"2025-03-15T14:54:24","modified_gmt":"2025-03-15T14:54:24","slug":"rollergrill-ges23","status":"publish","type":"product","link":"https:\/\/alrpcopy.alrp-ab.se\/en\/produkt\/rollergrill-ges23\/","title":{"rendered":"Rollergrill GES23"},"content":{"rendered":"<h3>V\u00e5fflor p\u00e5 pinne!<\/h3>\n<p>Ge dina kunder en smakupplevelse ut\u00f6ver det vanliga! Baka pinnv\u00e5fflorna och doppa dem sedan i t.ex. choklad och ganera med n\u00f6tter, str\u00f6ssel eller crisp. Servera direkt eller i en liten ask med gr\u00e4dde, jordgubbar eller andra goda b\u00e4r och frukter. V\u00e5ffelmaskinen passar utm\u00e4rkt till kiosker, uteserveringar, evenemang mm. Den har h\u00f6g kapacitet p\u00e5 litet utrymme. De starkt ledande gjutj\u00e4rns bakplattorna sprider v\u00e4rmen j\u00e4mnt och ger gyllene, krispiga v\u00e5fflor. Det tar endast 2,5 min att baka 4 st v\u00e5fflor.<\/p>\n<h4>Om ROL GES23<\/h4>\n<ul>\n<li>Med avtagbar spillbricka\u00a0runt\u00a0bottenplattan\u00a0samlar in \u00f6verskotts smeten, vilket g\u00f6r det\u00a0l\u00e4tt att reng\u00f6ra j\u00e4rnet.\u200b<\/li>\n<\/ul>\n<p>V\u00e5ffelmaskinen har:<br \/>\n&#8211; Justerbara f\u00f6tter<br \/>\n&#8211; Str\u00f6mbrytare<br \/>\n&#8211; Indikatorlampor<\/p>\n<p><a href=\"https:\/\/www.youtube.com\/watch?v=UQIoOO_mrJU\" target=\"_blank\" rel=\"noopener\"><iframe loading=\"lazy\" src=\"\/\/www.youtube.com\/embed\/UQIoOO_mrJU\" width=\"560\" height=\"314\" allowfullscreen=\"allowfullscreen\"><\/iframe><\/a><\/p>\n<h5>\u200bTillval<\/h5>\n<p>&#8211;\u00a0V\u00e5ffelst\u00e4ll<br \/>\n&#8211; Oljespray<br \/>\n&#8211; V\u00e5ffelmix<br \/>\n&#8211; V\u00e5ffelpinnar<br \/>\n&#8211; Borste<br \/>\n&#8211; Serveringstr\u00e5g<br \/>\n&#8211; Skyltar, Kioskflagga<br \/>\n&#8211; Choklad v\u00e4rmeri<\/p>\n<p>&nbsp;<\/p>\n","protected":false},"excerpt":{"rendered":"<p>V\u00e5fflor p\u00e5 pinne &#8211; gott att \u00e4ta p\u00e5 spr\u00e5ng.<\/p>\n<h5>Ladda ner PDF<\/h5>\n<p><a href=\"https:\/\/alrpcopy.alrp-ab.se\/wp-content\/uploads\/2024\/03\/rol_ges23.pdf\">rol_ges23_sv<\/a><br \/>\n<a href=\"https:\/\/alrpcopy.alrp-ab.se\/wp-content\/uploads\/2024\/03\/rol_ges23_eng.pdf\">rol_ges23_eng<\/a><\/p>\n<p>&nbsp;<\/p>\n","protected":false},"featured_media":2599,"template":"","meta":{"_uag_custom_page_level_css":"","site-sidebar-layout":"default","site-content-layout":"","ast-site-content-layout":"normal-width-container","site-content-style":"default","site-sidebar-style":"default","ast-global-header-display":"","ast-banner-title-visibility":"","ast-main-header-display":"","ast-hfb-above-header-display":"","ast-hfb-below-header-display":"","ast-hfb-mobile-header-display":"","site-post-title":"","ast-breadcrumbs-content":"","ast-featured-img":"","footer-sml-layout":"","theme-transparent-header-meta":"default","adv-header-id-meta":"","stick-header-meta":"","header-above-stick-meta":"","header-main-stick-meta":"","header-below-stick-meta":"","astra-migrate-meta-layouts":"set","ast-page-background-enabled":"default","ast-page-background-meta":{"desktop":{"background-color":"var(--ast-global-color-5)","background-image":"","background-repeat":"repeat","background-position":"center center","background-size":"auto","background-attachment":"scroll","background-type":"","background-media":"","overlay-type":"","overlay-color":"","overlay-opacity":"","overlay-gradient":""},"tablet":{"background-color":"","background-image":"","background-repeat":"repeat","background-position":"center center","background-size":"auto","background-attachment":"scroll","background-type":"","background-media":"","overlay-type":"","overlay-color":"","overlay-opacity":"","overlay-gradient":""},"mobile":{"background-color":"","background-image":"","background-repeat":"repeat","background-position":"center center","background-size":"auto","background-attachment":"scroll","background-type":"","background-media":"","overlay-type":"","overlay-color":"","overlay-opacity":"","overlay-gradient":""}},"ast-content-background-meta":{"desktop":{"background-color":"var(--ast-global-color-4)","background-image":"","background-repeat":"repeat","background-position":"center center","background-size":"auto","background-attachment":"scroll","background-type":"","background-media":"","overlay-type":"","overlay-color":"","overlay-opacity":"","overlay-gradient":""},"tablet":{"background-color":"var(--ast-global-color-4)","background-image":"","background-repeat":"repeat","background-position":"center center","background-size":"auto","background-attachment":"scroll","background-type":"","background-media":"","overlay-type":"","overlay-color":"","overlay-opacity":"","overlay-gradient":""},"mobile":{"background-color":"var(--ast-global-color-4)","background-image":"","background-repeat":"repeat","background-position":"center center","background-size":"auto","background-attachment":"scroll","background-type":"","background-media":"","overlay-type":"","overlay-color":"","overlay-opacity":"","overlay-gradient":""}}},"product_brand":[168],"product_cat":[107,17],"product_tag":[],"class_list":{"0":"post-2513","1":"product","2":"type-product","3":"status-publish","4":"has-post-thumbnail","6":"product_brand-rollergrill","7":"product_cat-belgiska","8":"product_cat-alla_produkter","9":"desktop-align-left","10":"tablet-align-left","11":"mobile-align-left","12":"ast-product-gallery-layout-horizontal-slider","13":"ast-product-tabs-layout-horizontal","15":"first","16":"instock","17":"shipping-taxable","18":"product-type-simple"},"uagb_featured_image_src":{"full":["https:\/\/alrpcopy.alrp-ab.se\/wp-content\/uploads\/2024\/03\/GES-23_02.jpg",800,600,false],"thumbnail":["https:\/\/alrpcopy.alrp-ab.se\/wp-content\/uploads\/2024\/03\/GES-23_02-150x150.jpg",150,150,true],"medium":["https:\/\/alrpcopy.alrp-ab.se\/wp-content\/uploads\/2024\/03\/GES-23_02-300x225.jpg",300,225,true],"medium_large":["https:\/\/alrpcopy.alrp-ab.se\/wp-content\/uploads\/2024\/03\/GES-23_02-768x576.jpg",768,576,true],"large":["https:\/\/alrpcopy.alrp-ab.se\/wp-content\/uploads\/2024\/03\/GES-23_02.jpg",800,600,false],"1536x1536":["https:\/\/alrpcopy.alrp-ab.se\/wp-content\/uploads\/2024\/03\/GES-23_02.jpg",800,600,false],"2048x2048":["https:\/\/alrpcopy.alrp-ab.se\/wp-content\/uploads\/2024\/03\/GES-23_02.jpg",800,600,false],"woocommerce_thumbnail":["https:\/\/alrpcopy.alrp-ab.se\/wp-content\/uploads\/2024\/03\/GES-23_02-300x300.jpg",300,300,true],"woocommerce_single":["https:\/\/alrpcopy.alrp-ab.se\/wp-content\/uploads\/2024\/03\/GES-23_02-600x450.jpg",600,450,true],"woocommerce_gallery_thumbnail":["https:\/\/alrpcopy.alrp-ab.se\/wp-content\/uploads\/2024\/03\/GES-23_02-100x100.jpg",100,100,true]},"uagb_author_info":{"display_name":"Alrp","author_link":"https:\/\/alrpcopy.alrp-ab.se\/en\/author\/"},"uagb_comment_info":0,"uagb_excerpt":"V\u00e5fflor p\u00e5 pinne - gott att \u00e4ta p\u00e5 spr\u00e5ng. Ladda ner PDF rol_ges23_sv rol_ges23_eng &nbsp;","_links":{"self":[{"href":"https:\/\/alrpcopy.alrp-ab.se\/en\/wp-json\/wp\/v2\/product\/2513","targetHints":{"allow":["GET"]}}],"collection":[{"href":"https:\/\/alrpcopy.alrp-ab.se\/en\/wp-json\/wp\/v2\/product"}],"about":[{"href":"https:\/\/alrpcopy.alrp-ab.se\/en\/wp-json\/wp\/v2\/types\/product"}],"wp:featuredmedia":[{"embeddable":true,"href":"https:\/\/alrpcopy.alrp-ab.se\/en\/wp-json\/wp\/v2\/media\/2599"}],"wp:attachment":[{"href":"https:\/\/alrpcopy.alrp-ab.se\/en\/wp-json\/wp\/v2\/media?parent=2513"}],"wp:term":[{"taxonomy":"product_brand","embeddable":true,"href":"https:\/\/alrpcopy.alrp-ab.se\/en\/wp-json\/wp\/v2\/product_brand?post=2513"},{"taxonomy":"product_cat","embeddable":true,"href":"https:\/\/alrpcopy.alrp-ab.se\/en\/wp-json\/wp\/v2\/product_cat?post=2513"},{"taxonomy":"product_tag","embeddable":true,"href":"https:\/\/alrpcopy.alrp-ab.se\/en\/wp-json\/wp\/v2\/product_tag?post=2513"}],"curies":[{"name":"wp","href":"https:\/\/api.w.org\/{rel}","templated":true}]}}