{"id":2366,"date":"2024-03-22T16:49:35","date_gmt":"2024-03-22T16:49:35","guid":{"rendered":"https:\/\/alrpcopy.alrp-ab.se\/?post_type=product&#038;p=2366"},"modified":"2025-03-15T14:54:24","modified_gmt":"2025-03-15T14:54:24","slug":"italia-p35a-med-rullvagn","status":"publish","type":"product","link":"https:\/\/alrpcopy.alrp-ab.se\/en\/produkt\/italia-p35a-med-rullvagn\/","title":{"rendered":"Italia P35A med rullvagn"},"content":{"rendered":"<h3>Pastamaskin med rullvagn f\u00f6r mycket h\u00f6g produktion.<img decoding=\"async\" class=\"alignright\" src=\"http:\/\/www.katalog.alrp.se\/image\/data\/loggor\/logga_italia.jpg\" alt=\"\" \/><\/h3>\n<p>Med denna professionella pastamaskin producerar du f\u00e4rsk pasta. Pastamaskinen P35 blandar degen och pressar ut den genom en pastadysa. Den klarar att producera m\u00e5nga olika sorters pasta, genom att man l\u00e4tt byter ut pastadysan. Maskinen passar utm\u00e4rkt f\u00f6r restauranger, hotell, matsalar, bagerier och matbutiker.<\/p>\n<h4>Om P35A<\/h4>\n<ul>\n<li>L\u00e4tt att anv\u00e4nda och reng\u00f6ra<\/li>\n<li><strong>Utrustad med:<\/strong><br \/>\n&#8211; Elektronisk panel med knappval<br \/>\n&#8211; Fl\u00e4ktsystem f\u00f6r torkning av pastan<br \/>\n&#8211; Elektronisk kniv f\u00f6r kort pasta<br \/>\n&#8211; Kniv f\u00f6r att sk\u00e4ra pastan i l\u00e4ngder<\/li>\n<li><strong>Delarna<\/strong>:<br \/>\n&#8211; \u00c4r av livsmedelsgodk\u00e4nt material<br \/>\n&#8211; Varje potentiellt skadlig del i maskinen har god s\u00e4kerhet<\/li>\n<li><strong>Ing\u00e5r<\/strong>:<br \/>\n&#8211; Rostfri rullvagn<\/li>\n<li>Vita uppsamlingsbrickor ing\u00e5r ej<\/li>\n<\/ul>\n<h5>Tillval<\/h5>\n<p>&#8211;\u00a0Pastadysor i antingen brons eller teflon\u00a0&#8211; F\u00f6r olika sorters pasta bl.a spagetti, tagliatelle, penne, fusilli, gnocchetti och maccheroni.<br \/>\n&#8211; Speciell pastadysa f\u00f6r lasagne<br \/>\n&#8211; Pastarullare<\/p>\n<p><a href=\"https:\/\/alrpcopy.alrp-ab.se\/wp-content\/uploads\/2024\/03\/pastasorter_micra.jpg\" target=\"_blank\" rel=\"noopener\">Se olika pasta sorter<\/a><\/p>\n","protected":false},"excerpt":{"rendered":"<p>Producera f\u00e4rsk pasta, hela produktionen i en maskin<\/p>\n<p><span style=\"font-size: 1.2em; font-weight: bold;\">Ladda ner pdf<\/span><\/p>\n<p><a href=\"https:\/\/alrpcopy.alrp-ab.se\/wp-content\/uploads\/2024\/03\/p35a.pdf\">p35a\u00a0<\/a><br \/>\n<a href=\"https:\/\/alrpcopy.alrp-ab.se\/wp-content\/uploads\/2024\/03\/Pastabroschyr_eng.pdf\">Pastabroschyr_eng<\/a><\/p>\n","protected":false},"featured_media":2321,"template":"","meta":{"_uag_custom_page_level_css":"","site-sidebar-layout":"default","site-content-layout":"","ast-site-content-layout":"normal-width-container","site-content-style":"default","site-sidebar-style":"default","ast-global-header-display":"","ast-banner-title-visibility":"","ast-main-header-display":"","ast-hfb-above-header-display":"","ast-hfb-below-header-display":"","ast-hfb-mobile-header-display":"","site-post-title":"","ast-breadcrumbs-content":"","ast-featured-img":"","footer-sml-layout":"","theme-transparent-header-meta":"default","adv-header-id-meta":"","stick-header-meta":"","header-above-stick-meta":"","header-main-stick-meta":"","header-below-stick-meta":"","astra-migrate-meta-layouts":"set","ast-page-background-enabled":"default","ast-page-background-meta":{"desktop":{"background-color":"var(--ast-global-color-5)","background-image":"","background-repeat":"repeat","background-position":"center center","background-size":"auto","background-attachment":"scroll","background-type":"","background-media":"","overlay-type":"","overlay-color":"","overlay-opacity":"","overlay-gradient":""},"tablet":{"background-color":"","background-image":"","background-repeat":"repeat","background-position":"center center","background-size":"auto","background-attachment":"scroll","background-type":"","background-media":"","overlay-type":"","overlay-color":"","overlay-opacity":"","overlay-gradient":""},"mobile":{"background-color":"","background-image":"","background-repeat":"repeat","background-position":"center center","background-size":"auto","background-attachment":"scroll","background-type":"","background-media":"","overlay-type":"","overlay-color":"","overlay-opacity":"","overlay-gradient":""}},"ast-content-background-meta":{"desktop":{"background-color":"var(--ast-global-color-4)","background-image":"","background-repeat":"repeat","background-position":"center center","background-size":"auto","background-attachment":"scroll","background-type":"","background-media":"","overlay-type":"","overlay-color":"","overlay-opacity":"","overlay-gradient":""},"tablet":{"background-color":"var(--ast-global-color-4)","background-image":"","background-repeat":"repeat","background-position":"center center","background-size":"auto","background-attachment":"scroll","background-type":"","background-media":"","overlay-type":"","overlay-color":"","overlay-opacity":"","overlay-gradient":""},"mobile":{"background-color":"var(--ast-global-color-4)","background-image":"","background-repeat":"repeat","background-position":"center center","background-size":"auto","background-attachment":"scroll","background-type":"","background-media":"","overlay-type":"","overlay-color":"","overlay-opacity":"","overlay-gradient":""}}},"product_brand":[173],"product_cat":[103,17],"product_tag":[],"class_list":{"0":"post-2366","1":"product","2":"type-product","3":"status-publish","4":"has-post-thumbnail","6":"product_brand-italia","7":"product_cat-produktion","8":"product_cat-alla_produkter","9":"desktop-align-left","10":"tablet-align-left","11":"mobile-align-left","12":"ast-product-gallery-layout-horizontal-slider","13":"ast-product-gallery-with-no-image","14":"ast-product-tabs-layout-horizontal","16":"first","17":"instock","18":"shipping-taxable","19":"product-type-simple"},"uagb_featured_image_src":{"full":["https:\/\/alrpcopy.alrp-ab.se\/wp-content\/uploads\/2024\/03\/p35a.jpg",530,534,false],"thumbnail":["https:\/\/alrpcopy.alrp-ab.se\/wp-content\/uploads\/2024\/03\/p35a-150x150.jpg",150,150,true],"medium":["https:\/\/alrpcopy.alrp-ab.se\/wp-content\/uploads\/2024\/03\/p35a-298x300.jpg",298,300,true],"medium_large":["https:\/\/alrpcopy.alrp-ab.se\/wp-content\/uploads\/2024\/03\/p35a.jpg",530,534,false],"large":["https:\/\/alrpcopy.alrp-ab.se\/wp-content\/uploads\/2024\/03\/p35a.jpg",530,534,false],"1536x1536":["https:\/\/alrpcopy.alrp-ab.se\/wp-content\/uploads\/2024\/03\/p35a.jpg",530,534,false],"2048x2048":["https:\/\/alrpcopy.alrp-ab.se\/wp-content\/uploads\/2024\/03\/p35a.jpg",530,534,false],"woocommerce_thumbnail":["https:\/\/alrpcopy.alrp-ab.se\/wp-content\/uploads\/2024\/03\/p35a-300x300.jpg",300,300,true],"woocommerce_single":["https:\/\/alrpcopy.alrp-ab.se\/wp-content\/uploads\/2024\/03\/p35a.jpg",530,534,false],"woocommerce_gallery_thumbnail":["https:\/\/alrpcopy.alrp-ab.se\/wp-content\/uploads\/2024\/03\/p35a-100x100.jpg",100,100,true]},"uagb_author_info":{"display_name":"Alrp","author_link":"https:\/\/alrpcopy.alrp-ab.se\/en\/author\/"},"uagb_comment_info":0,"uagb_excerpt":"Producera f\u00e4rsk pasta, hela produktionen i en maskin Ladda ner pdf p35a\u00a0 Pastabroschyr_eng","_links":{"self":[{"href":"https:\/\/alrpcopy.alrp-ab.se\/en\/wp-json\/wp\/v2\/product\/2366","targetHints":{"allow":["GET"]}}],"collection":[{"href":"https:\/\/alrpcopy.alrp-ab.se\/en\/wp-json\/wp\/v2\/product"}],"about":[{"href":"https:\/\/alrpcopy.alrp-ab.se\/en\/wp-json\/wp\/v2\/types\/product"}],"wp:featuredmedia":[{"embeddable":true,"href":"https:\/\/alrpcopy.alrp-ab.se\/en\/wp-json\/wp\/v2\/media\/2321"}],"wp:attachment":[{"href":"https:\/\/alrpcopy.alrp-ab.se\/en\/wp-json\/wp\/v2\/media?parent=2366"}],"wp:term":[{"taxonomy":"product_brand","embeddable":true,"href":"https:\/\/alrpcopy.alrp-ab.se\/en\/wp-json\/wp\/v2\/product_brand?post=2366"},{"taxonomy":"product_cat","embeddable":true,"href":"https:\/\/alrpcopy.alrp-ab.se\/en\/wp-json\/wp\/v2\/product_cat?post=2366"},{"taxonomy":"product_tag","embeddable":true,"href":"https:\/\/alrpcopy.alrp-ab.se\/en\/wp-json\/wp\/v2\/product_tag?post=2366"}],"curies":[{"name":"wp","href":"https:\/\/api.w.org\/{rel}","templated":true}]}}