{"id":2358,"date":"2024-03-20T11:50:58","date_gmt":"2024-03-20T11:50:58","guid":{"rendered":"https:\/\/alrpcopy.alrp-ab.se\/?post_type=product&#038;p=2358"},"modified":"2025-03-15T14:54:24","modified_gmt":"2025-03-15T14:54:24","slug":"italia-multipla-multifunktionsmaskin","status":"publish","type":"product","link":"https:\/\/alrpcopy.alrp-ab.se\/en\/produkt\/italia-multipla-multifunktionsmaskin\/","title":{"rendered":"Italia Multipla &#8211; multifunktionsmaskin"},"content":{"rendered":"<h3>Multifunktionsmaskin.<\/h3>\n<p>Med denna professionella maskin kan du b\u00e5de producera f\u00e4rsk pasta och f\u00e4rsk ravioli. Multifunktionsmaskinen Multipla blandar degen och pressar ut den genom en pastadysa. Den klarar att producera m\u00e5nga olika sorters pasta genom att man enkelt byter dysa. F\u00f6r att producera ravioli monterar man pastarullaren (tillval) p\u00e5 maskinens front och pastadegen rullas automatiskt ut p\u00e5 rullen. Sedan f\u00e4ster man pastarullen vid raviolimodulen, h\u00e4ller i valfri fyllning i beh\u00e5llaren och stansar ut degen genom en dysan. Multifunktionsmaskinen passar utm\u00e4rkt f\u00f6r restauranger, hotell, matsalar, bagerier och matbutiker.<\/p>\n<h4>Om Multipla:<\/h4>\n<ul>\n<li>L\u00e4tt att anv\u00e4nda och reng\u00f6ra<\/li>\n<li>Utrustad med:<br \/>\n&#8211; Elektronisk panel med knappval<br \/>\n&#8211; Fl\u00e4ktsystem f\u00f6r torkning av pastan<br \/>\n&#8211; Ravioli modul<br \/>\n&#8211; Elektronisk kniv f\u00f6r kort pasta<br \/>\n&#8211; Kniv f\u00f6r att sk\u00e4ra pastan i l\u00e4ngder<\/li>\n<li>Delarna:<br \/>\n&#8211; \u00c4r av livsmedelsgodk\u00e4nt material<br \/>\n&#8211; Varje potenciellt skadlig del i maskinen har l\u00e4mplig s\u00e4kerhet<\/li>\n<\/ul>\n<h5>Tillval<\/h5>\n<p>&#8211;\u00a0Pastadysor i antingen brons eller teflon\u00a0&#8211; F\u00f6r olika sorters pasta bl.a spagetti, tagliatelle, fusilli, gnocchetti och maccheroni.\u00a0<a href=\"https:\/\/alrpcopy.alrp-ab.se\/wp-content\/uploads\/2024\/03\/pastasorter_micra.jpg\" target=\"_blank\" rel=\"noopener\">Se olika pasta sorter<\/a><br \/>\n&#8211;\u00a0Pastadysor f\u00f6r ravioli\u00a0&#8211;\u00a0<a href=\"https:\/\/alrpcopy.alrp-ab.se\/wp-content\/uploads\/2024\/03\/ravioli_sorter.jpg\" target=\"_blank\" rel=\"noopener\">Se olika ravioli sorter<\/a><br \/>\n&#8211; Speciell pastadysa f\u00f6r lasagne<br \/>\n&#8211; Pastarullare<br \/>\n&#8211; Gnocchi modul med mj\u00f6l dispenser &#8211; 20 kg \/timme<br \/>\n&#8211; Rostfri rullvagn<\/p>\n","protected":false},"excerpt":{"rendered":"<p>En maskin f\u00f6r att producera olika sorters pasta<\/p>\n<h5>Ladda ner PDF<\/h5>\n<p><a href=\"https:\/\/alrpcopy.alrp-ab.se\/wp-content\/uploads\/2024\/03\/multipla.pdf\" target=\"_blank\" rel=\"noopener\">Multipla_sv<\/a><br \/>\n<a href=\"https:\/\/alrpcopy.alrp-ab.se\/wp-content\/uploads\/2024\/03\/Pastabroschyr_eng-1.pdf\" target=\"_blank\" rel=\"noopener\">Pastabroschyr_eng<\/a><\/p>\n<p>&nbsp;<\/p>\n","protected":false},"featured_media":2360,"template":"","meta":{"_uag_custom_page_level_css":"","site-sidebar-layout":"default","site-content-layout":"","ast-site-content-layout":"normal-width-container","site-content-style":"default","site-sidebar-style":"default","ast-global-header-display":"","ast-banner-title-visibility":"","ast-main-header-display":"","ast-hfb-above-header-display":"","ast-hfb-below-header-display":"","ast-hfb-mobile-header-display":"","site-post-title":"","ast-breadcrumbs-content":"","ast-featured-img":"","footer-sml-layout":"","theme-transparent-header-meta":"default","adv-header-id-meta":"","stick-header-meta":"","header-above-stick-meta":"","header-main-stick-meta":"","header-below-stick-meta":"","astra-migrate-meta-layouts":"set","ast-page-background-enabled":"default","ast-page-background-meta":{"desktop":{"background-color":"var(--ast-global-color-5)","background-image":"","background-repeat":"repeat","background-position":"center center","background-size":"auto","background-attachment":"scroll","background-type":"","background-media":"","overlay-type":"","overlay-color":"","overlay-opacity":"","overlay-gradient":""},"tablet":{"background-color":"","background-image":"","background-repeat":"repeat","background-position":"center center","background-size":"auto","background-attachment":"scroll","background-type":"","background-media":"","overlay-type":"","overlay-color":"","overlay-opacity":"","overlay-gradient":""},"mobile":{"background-color":"","background-image":"","background-repeat":"repeat","background-position":"center center","background-size":"auto","background-attachment":"scroll","background-type":"","background-media":"","overlay-type":"","overlay-color":"","overlay-opacity":"","overlay-gradient":""}},"ast-content-background-meta":{"desktop":{"background-color":"var(--ast-global-color-4)","background-image":"","background-repeat":"repeat","background-position":"center center","background-size":"auto","background-attachment":"scroll","background-type":"","background-media":"","overlay-type":"","overlay-color":"","overlay-opacity":"","overlay-gradient":""},"tablet":{"background-color":"var(--ast-global-color-4)","background-image":"","background-repeat":"repeat","background-position":"center center","background-size":"auto","background-attachment":"scroll","background-type":"","background-media":"","overlay-type":"","overlay-color":"","overlay-opacity":"","overlay-gradient":""},"mobile":{"background-color":"var(--ast-global-color-4)","background-image":"","background-repeat":"repeat","background-position":"center center","background-size":"auto","background-attachment":"scroll","background-type":"","background-media":"","overlay-type":"","overlay-color":"","overlay-opacity":"","overlay-gradient":""}}},"product_brand":[173],"product_cat":[82,103,80,17],"product_tag":[],"class_list":{"0":"post-2358","1":"product","2":"type-product","3":"status-publish","4":"has-post-thumbnail","6":"product_brand-italia","7":"product_cat-ravioli","8":"product_cat-produktion","9":"product_cat-kombinationsmaskiner","10":"product_cat-alla_produkter","11":"desktop-align-left","12":"tablet-align-left","13":"mobile-align-left","14":"ast-product-gallery-layout-horizontal-slider","15":"ast-product-tabs-layout-horizontal","17":"first","18":"instock","19":"shipping-taxable","20":"product-type-simple"},"uagb_featured_image_src":{"full":["https:\/\/alrpcopy.alrp-ab.se\/wp-content\/uploads\/2024\/03\/multipla-600x600-1.jpg",600,600,false],"thumbnail":["https:\/\/alrpcopy.alrp-ab.se\/wp-content\/uploads\/2024\/03\/multipla-600x600-1-150x150.jpg",150,150,true],"medium":["https:\/\/alrpcopy.alrp-ab.se\/wp-content\/uploads\/2024\/03\/multipla-600x600-1-300x300.jpg",300,300,true],"medium_large":["https:\/\/alrpcopy.alrp-ab.se\/wp-content\/uploads\/2024\/03\/multipla-600x600-1.jpg",600,600,false],"large":["https:\/\/alrpcopy.alrp-ab.se\/wp-content\/uploads\/2024\/03\/multipla-600x600-1.jpg",600,600,false],"1536x1536":["https:\/\/alrpcopy.alrp-ab.se\/wp-content\/uploads\/2024\/03\/multipla-600x600-1.jpg",600,600,false],"2048x2048":["https:\/\/alrpcopy.alrp-ab.se\/wp-content\/uploads\/2024\/03\/multipla-600x600-1.jpg",600,600,false],"woocommerce_thumbnail":["https:\/\/alrpcopy.alrp-ab.se\/wp-content\/uploads\/2024\/03\/multipla-600x600-1-300x300.jpg",300,300,true],"woocommerce_single":["https:\/\/alrpcopy.alrp-ab.se\/wp-content\/uploads\/2024\/03\/multipla-600x600-1.jpg",600,600,false],"woocommerce_gallery_thumbnail":["https:\/\/alrpcopy.alrp-ab.se\/wp-content\/uploads\/2024\/03\/multipla-600x600-1-100x100.jpg",100,100,true]},"uagb_author_info":{"display_name":"Alrp","author_link":"https:\/\/alrpcopy.alrp-ab.se\/en\/author\/"},"uagb_comment_info":0,"uagb_excerpt":"En maskin f\u00f6r att producera olika sorters pasta Ladda ner PDF Multipla_sv Pastabroschyr_eng &nbsp;","_links":{"self":[{"href":"https:\/\/alrpcopy.alrp-ab.se\/en\/wp-json\/wp\/v2\/product\/2358","targetHints":{"allow":["GET"]}}],"collection":[{"href":"https:\/\/alrpcopy.alrp-ab.se\/en\/wp-json\/wp\/v2\/product"}],"about":[{"href":"https:\/\/alrpcopy.alrp-ab.se\/en\/wp-json\/wp\/v2\/types\/product"}],"wp:featuredmedia":[{"embeddable":true,"href":"https:\/\/alrpcopy.alrp-ab.se\/en\/wp-json\/wp\/v2\/media\/2360"}],"wp:attachment":[{"href":"https:\/\/alrpcopy.alrp-ab.se\/en\/wp-json\/wp\/v2\/media?parent=2358"}],"wp:term":[{"taxonomy":"product_brand","embeddable":true,"href":"https:\/\/alrpcopy.alrp-ab.se\/en\/wp-json\/wp\/v2\/product_brand?post=2358"},{"taxonomy":"product_cat","embeddable":true,"href":"https:\/\/alrpcopy.alrp-ab.se\/en\/wp-json\/wp\/v2\/product_cat?post=2358"},{"taxonomy":"product_tag","embeddable":true,"href":"https:\/\/alrpcopy.alrp-ab.se\/en\/wp-json\/wp\/v2\/product_tag?post=2358"}],"curies":[{"name":"wp","href":"https:\/\/api.w.org\/{rel}","templated":true}]}}