{"id":2270,"date":"2024-03-18T19:42:08","date_gmt":"2024-03-18T19:42:08","guid":{"rendered":"https:\/\/alrpcopy.alrp-ab.se\/?post_type=product&#038;p=2270"},"modified":"2025-03-15T14:54:25","modified_gmt":"2025-03-15T14:54:25","slug":"intercom-square-550","status":"publish","type":"product","link":"https:\/\/alrpcopy.alrp-ab.se\/en\/produkt\/intercom-square-550\/","title":{"rendered":"Intercom Square 550 DC"},"content":{"rendered":"<h3>Stor vakuummaskin med dubbla f\u00f6rseglare<\/h3>\n<p>En kraftfull, professionell vakuumpackare. Tack vare dess mest uppdaterade tekniska finesser, har Square 500 DC blivit framg\u00e5ngsrik f\u00f6r nv\u00e4ndarna. Packa t.ex. s\u00e5ser, v\u00e4tskor, k\u00f6tt, fisk, gr\u00f6nsaker. Vakuumpackaren passar i flera verksamhetsomr\u00e5den s\u00e5som restaurang, gastronomi, catering, stormarknader osv.<\/p>\n<h4>Utrustad med<\/h4>\n<ul>\n<li>Golvmodell med hjul<\/li>\n<li>\u200bKan programmeras med 6 olika program<\/li>\n<li>Rundade h\u00f6rn i kammaren<\/li>\n<li>Snabbuppv\u00e4rmning<\/li>\n<li>Helt avtagbar f\u00f6rseglingsst\u00e5ng<\/li>\n<\/ul>\n<h5>Tillval<\/h5>\n<ul>\n<li>Vakuump\u00e5sar i olika storlekar.<\/li>\n<li>Vakuumolja fr\u00e5n Bosch<\/li>\n<li>Teflontejp<\/li>\n<li>Green Vac system\u00a0&#8211; F\u00f6r vakuumsugning av gastronormkantiner. Speciellt anv\u00e4ndbar n\u00e4r man vill vakuumpacka \u00f6mt\u00e5liga produkter som sallad, mackor mm.<\/li>\n<\/ul>\n<p>Se video h\u00e4r:<\/p>\n<p><a href=\"https:\/\/www.youtube.com\/watch?v=9ly_if0DsKk&amp;t=3s\" target=\"_blank\" rel=\"noopener\">https:\/\/www.youtube.com\/watch?v=9ly_if0DsKk&amp;t=3s<\/a><\/p>\n","protected":false},"excerpt":{"rendered":"<div id=\"tab-description\" class=\"tab-content\">\n<article id=\"Intercom Square 550 DC - Stor vakuummaskin med dubbla f\u00f6rseglare, Golvmodell\">\n<div>\n<p>Stor vakuummaskin med dubbla f\u00f6rseglare.<\/p>\n<h5>Ladda nr PDF<\/h5>\n<p><a href=\"https:\/\/alrpcopy.alrp-ab.se\/wp-content\/uploads\/2024\/03\/intercom_katalog_sv.pdf\">intercom_katalog_sv<\/a><br \/>\n<a href=\"https:\/\/alrpcopy.alrp-ab.se\/wp-content\/uploads\/2024\/03\/catalogo-2014.pdf\">catalogo 2014 eng<\/a><\/p>\n<\/div>\n<\/article>\n<\/div>\n","protected":false},"featured_media":2288,"template":"","meta":{"_uag_custom_page_level_css":"","site-sidebar-layout":"default","site-content-layout":"","ast-site-content-layout":"normal-width-container","site-content-style":"default","site-sidebar-style":"default","ast-global-header-display":"","ast-banner-title-visibility":"","ast-main-header-display":"","ast-hfb-above-header-display":"","ast-hfb-below-header-display":"","ast-hfb-mobile-header-display":"","site-post-title":"","ast-breadcrumbs-content":"","ast-featured-img":"","footer-sml-layout":"","theme-transparent-header-meta":"default","adv-header-id-meta":"","stick-header-meta":"","header-above-stick-meta":"","header-main-stick-meta":"","header-below-stick-meta":"","astra-migrate-meta-layouts":"set","ast-page-background-enabled":"default","ast-page-background-meta":{"desktop":{"background-color":"var(--ast-global-color-5)","background-image":"","background-repeat":"repeat","background-position":"center center","background-size":"auto","background-attachment":"scroll","background-type":"","background-media":"","overlay-type":"","overlay-color":"","overlay-opacity":"","overlay-gradient":""},"tablet":{"background-color":"","background-image":"","background-repeat":"repeat","background-position":"center center","background-size":"auto","background-attachment":"scroll","background-type":"","background-media":"","overlay-type":"","overlay-color":"","overlay-opacity":"","overlay-gradient":""},"mobile":{"background-color":"","background-image":"","background-repeat":"repeat","background-position":"center center","background-size":"auto","background-attachment":"scroll","background-type":"","background-media":"","overlay-type":"","overlay-color":"","overlay-opacity":"","overlay-gradient":""}},"ast-content-background-meta":{"desktop":{"background-color":"var(--ast-global-color-4)","background-image":"","background-repeat":"repeat","background-position":"center center","background-size":"auto","background-attachment":"scroll","background-type":"","background-media":"","overlay-type":"","overlay-color":"","overlay-opacity":"","overlay-gradient":""},"tablet":{"background-color":"var(--ast-global-color-4)","background-image":"","background-repeat":"repeat","background-position":"center center","background-size":"auto","background-attachment":"scroll","background-type":"","background-media":"","overlay-type":"","overlay-color":"","overlay-opacity":"","overlay-gradient":""},"mobile":{"background-color":"var(--ast-global-color-4)","background-image":"","background-repeat":"repeat","background-position":"center center","background-size":"auto","background-attachment":"scroll","background-type":"","background-media":"","overlay-type":"","overlay-color":"","overlay-opacity":"","overlay-gradient":""}}},"product_brand":[172],"product_cat":[76,17],"product_tag":[23],"class_list":{"0":"post-2270","1":"product","2":"type-product","3":"status-publish","4":"has-post-thumbnail","6":"product_brand-intercom","7":"product_cat-golvmaskiner","8":"product_cat-alla_produkter","9":"product_tag-golvmodell","10":"desktop-align-left","11":"tablet-align-left","12":"mobile-align-left","13":"ast-product-gallery-layout-horizontal-slider","14":"ast-product-tabs-layout-horizontal","16":"first","17":"instock","18":"shipping-taxable","19":"product-type-simple"},"uagb_featured_image_src":{"full":["https:\/\/alrpcopy.alrp-ab.se\/wp-content\/uploads\/2024\/03\/Square550-DC.jpg",559,638,false],"thumbnail":["https:\/\/alrpcopy.alrp-ab.se\/wp-content\/uploads\/2024\/03\/Square550-DC-150x150.jpg",150,150,true],"medium":["https:\/\/alrpcopy.alrp-ab.se\/wp-content\/uploads\/2024\/03\/Square550-DC-263x300.jpg",263,300,true],"medium_large":["https:\/\/alrpcopy.alrp-ab.se\/wp-content\/uploads\/2024\/03\/Square550-DC.jpg",559,638,false],"large":["https:\/\/alrpcopy.alrp-ab.se\/wp-content\/uploads\/2024\/03\/Square550-DC.jpg",559,638,false],"1536x1536":["https:\/\/alrpcopy.alrp-ab.se\/wp-content\/uploads\/2024\/03\/Square550-DC.jpg",559,638,false],"2048x2048":["https:\/\/alrpcopy.alrp-ab.se\/wp-content\/uploads\/2024\/03\/Square550-DC.jpg",559,638,false],"woocommerce_thumbnail":["https:\/\/alrpcopy.alrp-ab.se\/wp-content\/uploads\/2024\/03\/Square550-DC-300x300.jpg",300,300,true],"woocommerce_single":["https:\/\/alrpcopy.alrp-ab.se\/wp-content\/uploads\/2024\/03\/Square550-DC.jpg",559,638,false],"woocommerce_gallery_thumbnail":["https:\/\/alrpcopy.alrp-ab.se\/wp-content\/uploads\/2024\/03\/Square550-DC-100x100.jpg",100,100,true]},"uagb_author_info":{"display_name":"Alrp","author_link":"https:\/\/alrpcopy.alrp-ab.se\/en\/author\/"},"uagb_comment_info":0,"uagb_excerpt":"Stor vakuummaskin med dubbla f\u00f6rseglare. Ladda nr PDF intercom_katalog_sv catalogo 2014 eng","_links":{"self":[{"href":"https:\/\/alrpcopy.alrp-ab.se\/en\/wp-json\/wp\/v2\/product\/2270","targetHints":{"allow":["GET"]}}],"collection":[{"href":"https:\/\/alrpcopy.alrp-ab.se\/en\/wp-json\/wp\/v2\/product"}],"about":[{"href":"https:\/\/alrpcopy.alrp-ab.se\/en\/wp-json\/wp\/v2\/types\/product"}],"wp:featuredmedia":[{"embeddable":true,"href":"https:\/\/alrpcopy.alrp-ab.se\/en\/wp-json\/wp\/v2\/media\/2288"}],"wp:attachment":[{"href":"https:\/\/alrpcopy.alrp-ab.se\/en\/wp-json\/wp\/v2\/media?parent=2270"}],"wp:term":[{"taxonomy":"product_brand","embeddable":true,"href":"https:\/\/alrpcopy.alrp-ab.se\/en\/wp-json\/wp\/v2\/product_brand?post=2270"},{"taxonomy":"product_cat","embeddable":true,"href":"https:\/\/alrpcopy.alrp-ab.se\/en\/wp-json\/wp\/v2\/product_cat?post=2270"},{"taxonomy":"product_tag","embeddable":true,"href":"https:\/\/alrpcopy.alrp-ab.se\/en\/wp-json\/wp\/v2\/product_tag?post=2270"}],"curies":[{"name":"wp","href":"https:\/\/api.w.org\/{rel}","templated":true}]}}