{"id":2120,"date":"2024-03-14T17:56:11","date_gmt":"2024-03-14T17:56:11","guid":{"rendered":"https:\/\/alrpcopy.alrp-ab.se\/?post_type=product&#038;p=2120"},"modified":"2025-03-16T15:31:49","modified_gmt":"2025-03-16T15:31:49","slug":"stoelting-o431-i2","status":"publish","type":"product","link":"https:\/\/alrpcopy.alrp-ab.se\/en\/produkt\/stoelting-o431-i2\/","title":{"rendered":"Stoelting O431-I2"},"content":{"rendered":"<h3>F\u00f6r mjukglass &amp; frozen yogurt<\/h3>\n<h5><img loading=\"lazy\" decoding=\"async\" class=\"size-full wp-image-2123 alignright\" src=\"https:\/\/alrpcopy.alrp-ab.se\/wp-content\/uploads\/2024\/03\/mjukglassar_med_twist1.jpg\" alt=\"\" width=\"150\" height=\"208\" \/><\/h5>\n<p>En utrymmesbesparande, kompakt maskin som biberh\u00e5ller sin produktionskapacitet i omgivningar med h\u00f6g temperatur. Med en bredd p\u00e5 endast 48,6 cm kan du placera den i tr\u00e5nga utrymmen. Mjukglassmaskinen \u00e4r utrustad med patenterad mixpump s.k. slangpump. Mixen transporteras i ett slutet system upp i fryscylindern med hj\u00e4lp av slangpumpen, och kompressorn blandar luft och mix till ett h\u00f6gt overrun (volym\u00f6kning). Det slutna systemet ger stora hygieniska f\u00f6rdelar gentemot andra typer av maskiner. Genom fronten av plexiglas f\u00e5r kunden en attraktiv bild av hur produkten bearbetas. Maskinen \u00e4r utrustad med h\u00e5llbara delar, som minskar slitaget och minimerar underh\u00e5llskostnaden samtidigt som den ger flera \u00e5rs tillf\u00f6rlitlig service.<\/p>\n<h4><strong>Om O431-I2<\/strong><\/h4>\n<ul>\n<li>2 smaks mjukglassmaskin med twistfunktion. Twist-funktionen g\u00f6r att du kan erbjuda tv\u00e5\u00a0smaker, var f\u00f6r sig eller i kombination.<\/li>\n<li>Byggd f\u00f6r enkel hantering och reng\u00f6ring<\/li>\n<li>V\u00e4ldigt enkel diskning och reng\u00f6ring.\u00a0L\u00e5ngt intervall mellan diskningar.\u00a0Totaldisk 1ggr per 2 veckor<\/li>\n<li><strong>Utrustad med:<\/strong><br \/>\n&#8211; H\u00f6geffektiv fryskammare och ScrollTM kompressor vilket ger h\u00f6gre tillf\u00f6rlitlighet och tystare arbetsg\u00e5ng<br \/>\n&#8211; Energisparl\u00e4get (ECM) som skyddar produkten fr\u00e5n \u00f6verbearbetning vid l\u00e5g f\u00f6rs\u00e4ljning och nattetid<br \/>\n&#8211; Med IntelliTec2\u00a0kontrollpanel (LCD),hanterar du enkelt och problemfritt maskinen i det dagliga arbetet<br \/>\n&#8211; Konsistenskontroll. Tillverkar perfekt glass i alla l\u00e4gen<br \/>\n&#8211; Peristaltisk luft\/mixpump<br \/>\n&#8211; C.I.P. diskteknik (reng\u00f6ring p\u00e5 plats)<br \/>\n&#8211; Kylutrymme med utdragbar hylla<br \/>\n&#8211; Sj\u00e4lvst\u00e4ngande utmatning som motverkar spill och\u00a0underl\u00e4ttar exakt portionering<br \/>\n&#8211; Justerbar utmatningshastighet f\u00f6r optimal servering<br \/>\n&#8211; Omr\u00f6rare med unik konstruktion som blandar produkten v\u00e4l och hindrar nerbrytning, vilket ger en\u00a0smidigare och kr\u00e4migare glass<\/li>\n<li><strong>Ing\u00e5r:<\/strong><br \/>\n&#8211; 4st hjul med sp\u00e4rr<\/li>\n<\/ul>\n<h5><strong>Tillval<\/strong><\/h5>\n<p>&#8211; Luftkyld<br \/>\n&#8211; M\u00f6jligt att best\u00e4lla bag in box anslutningskit. Alltid f\u00e4rsk mix med BIB mix.<br \/>\n&#8211;\u00a0Statusuppdateringar via Wi-Fi och epost.<\/p>\n<p>&nbsp;<\/p>\n","protected":false},"excerpt":{"rendered":"<p>En utrymmesbesparande, kompakt maskin som biberh\u00e5ller sin produktionskapacitet i omgivningar med h\u00f6g temperatur.<\/p>\n<h5>Ladda ner PDF<\/h5>\n<p><a href=\"https:\/\/alrpcopy.alrp-ab.se\/wp-content\/uploads\/2024\/03\/StoeltingU431-I2.pdf\">StoeltingU431-I2<\/a>_sv<br \/>\n<a href=\"https:\/\/alrpcopy.alrp-ab.se\/wp-content\/uploads\/2024\/03\/ST-O431-I2_eng.pdf\">ST O431-I2_eng<\/a><br \/>\n<a href=\"https:\/\/alrpcopy.alrp-ab.se\/wp-content\/uploads\/2024\/03\/IntelliTec_broschyr.pdf\">IntelliTec_broschyr<\/a><\/p>\n","protected":false},"featured_media":2069,"template":"","meta":{"_uag_custom_page_level_css":"","site-sidebar-layout":"left-sidebar","site-content-layout":"","ast-site-content-layout":"normal-width-container","site-content-style":"default","site-sidebar-style":"default","ast-global-header-display":"","ast-banner-title-visibility":"","ast-main-header-display":"","ast-hfb-above-header-display":"","ast-hfb-below-header-display":"","ast-hfb-mobile-header-display":"","site-post-title":"","ast-breadcrumbs-content":"","ast-featured-img":"","footer-sml-layout":"","theme-transparent-header-meta":"default","adv-header-id-meta":"","stick-header-meta":"default","header-above-stick-meta":"","header-main-stick-meta":"","header-below-stick-meta":"","astra-migrate-meta-layouts":"set","ast-page-background-enabled":"default","ast-page-background-meta":{"desktop":{"background-color":"var(--ast-global-color-5)","background-image":"","background-repeat":"repeat","background-position":"center center","background-size":"auto","background-attachment":"scroll","background-type":"","background-media":"","overlay-type":"","overlay-color":"","overlay-opacity":"","overlay-gradient":""},"tablet":{"background-color":"","background-image":"","background-repeat":"repeat","background-position":"center center","background-size":"auto","background-attachment":"scroll","background-type":"","background-media":"","overlay-type":"","overlay-color":"","overlay-opacity":"","overlay-gradient":""},"mobile":{"background-color":"","background-image":"","background-repeat":"repeat","background-position":"center center","background-size":"auto","background-attachment":"scroll","background-type":"","background-media":"","overlay-type":"","overlay-color":"","overlay-opacity":"","overlay-gradient":""}},"ast-content-background-meta":{"desktop":{"background-color":"var(--ast-global-color-4)","background-image":"","background-repeat":"repeat","background-position":"center center","background-size":"auto","background-attachment":"scroll","background-type":"","background-media":"","overlay-type":"","overlay-color":"","overlay-opacity":"","overlay-gradient":""},"tablet":{"background-color":"var(--ast-global-color-4)","background-image":"","background-repeat":"repeat","background-position":"center center","background-size":"auto","background-attachment":"scroll","background-type":"","background-media":"","overlay-type":"","overlay-color":"","overlay-opacity":"","overlay-gradient":""},"mobile":{"background-color":"var(--ast-global-color-4)","background-image":"","background-repeat":"repeat","background-position":"center center","background-size":"auto","background-attachment":"scroll","background-type":"","background-media":"","overlay-type":"","overlay-color":"","overlay-opacity":"","overlay-gradient":""}}},"product_brand":[177],"product_cat":[28,17],"product_tag":[23],"class_list":{"0":"post-2120","1":"product","2":"type-product","3":"status-publish","4":"has-post-thumbnail","6":"product_brand-stoelting","7":"product_cat-golvmodell","8":"product_cat-alla_produkter","9":"product_tag-golvmodell","10":"desktop-align-left","11":"tablet-align-left","12":"mobile-align-left","13":"ast-product-gallery-layout-horizontal-slider","14":"ast-product-tabs-layout-horizontal","16":"first","17":"instock","18":"shipping-taxable","19":"product-type-simple"},"uagb_featured_image_src":{"full":["https:\/\/alrpcopy.alrp-ab.se\/wp-content\/uploads\/2024\/03\/st_o431-i2_ny.jpg",574,1104,false],"thumbnail":["https:\/\/alrpcopy.alrp-ab.se\/wp-content\/uploads\/2024\/03\/st_o431-i2_ny-150x150.jpg",150,150,true],"medium":["https:\/\/alrpcopy.alrp-ab.se\/wp-content\/uploads\/2024\/03\/st_o431-i2_ny-156x300.jpg",156,300,true],"medium_large":["https:\/\/alrpcopy.alrp-ab.se\/wp-content\/uploads\/2024\/03\/st_o431-i2_ny.jpg",574,1104,false],"large":["https:\/\/alrpcopy.alrp-ab.se\/wp-content\/uploads\/2024\/03\/st_o431-i2_ny-532x1024.jpg",532,1024,true],"1536x1536":["https:\/\/alrpcopy.alrp-ab.se\/wp-content\/uploads\/2024\/03\/st_o431-i2_ny.jpg",574,1104,false],"2048x2048":["https:\/\/alrpcopy.alrp-ab.se\/wp-content\/uploads\/2024\/03\/st_o431-i2_ny.jpg",574,1104,false],"woocommerce_thumbnail":["https:\/\/alrpcopy.alrp-ab.se\/wp-content\/uploads\/2024\/03\/st_o431-i2_ny-300x300.jpg",300,300,true],"woocommerce_single":["https:\/\/alrpcopy.alrp-ab.se\/wp-content\/uploads\/2024\/03\/st_o431-i2_ny.jpg",574,1104,false],"woocommerce_gallery_thumbnail":["https:\/\/alrpcopy.alrp-ab.se\/wp-content\/uploads\/2024\/03\/st_o431-i2_ny-100x100.jpg",100,100,true]},"uagb_author_info":{"display_name":"Alrp","author_link":"https:\/\/alrpcopy.alrp-ab.se\/en\/author\/"},"uagb_comment_info":0,"uagb_excerpt":"En utrymmesbesparande, kompakt maskin som biberh\u00e5ller sin produktionskapacitet i omgivningar med h\u00f6g temperatur. Ladda ner PDF StoeltingU431-I2_sv ST O431-I2_eng IntelliTec_broschyr","_links":{"self":[{"href":"https:\/\/alrpcopy.alrp-ab.se\/en\/wp-json\/wp\/v2\/product\/2120","targetHints":{"allow":["GET"]}}],"collection":[{"href":"https:\/\/alrpcopy.alrp-ab.se\/en\/wp-json\/wp\/v2\/product"}],"about":[{"href":"https:\/\/alrpcopy.alrp-ab.se\/en\/wp-json\/wp\/v2\/types\/product"}],"wp:featuredmedia":[{"embeddable":true,"href":"https:\/\/alrpcopy.alrp-ab.se\/en\/wp-json\/wp\/v2\/media\/2069"}],"wp:attachment":[{"href":"https:\/\/alrpcopy.alrp-ab.se\/en\/wp-json\/wp\/v2\/media?parent=2120"}],"wp:term":[{"taxonomy":"product_brand","embeddable":true,"href":"https:\/\/alrpcopy.alrp-ab.se\/en\/wp-json\/wp\/v2\/product_brand?post=2120"},{"taxonomy":"product_cat","embeddable":true,"href":"https:\/\/alrpcopy.alrp-ab.se\/en\/wp-json\/wp\/v2\/product_cat?post=2120"},{"taxonomy":"product_tag","embeddable":true,"href":"https:\/\/alrpcopy.alrp-ab.se\/en\/wp-json\/wp\/v2\/product_tag?post=2120"}],"curies":[{"name":"wp","href":"https:\/\/api.w.org\/{rel}","templated":true}]}}