{"id":2113,"date":"2024-03-14T17:35:21","date_gmt":"2024-03-14T17:35:21","guid":{"rendered":"https:\/\/alrpcopy.alrp-ab.se\/?post_type=product&#038;p=2113"},"modified":"2025-03-16T15:31:49","modified_gmt":"2025-03-16T15:31:49","slug":"stoelting-u411","status":"publish","type":"product","link":"https:\/\/alrpcopy.alrp-ab.se\/en\/produkt\/stoelting-u411\/","title":{"rendered":"Stoelting U411"},"content":{"rendered":"<h3>F\u00f6r mjukglass &amp;\u00a0frozen yogurt<\/h3>\n<p>En utrymmesbesparande, kompakt maskin som biberh\u00e5ller sin produktionskapacitet i omgivningar med h\u00f6g temperatur. Mjukglassmaskinen \u00e4r utrustad med patenterad mixpump s.k. slangpump. Mixen transporteras i ett slutet system upp i fryscylindern med hj\u00e4lp av slangpumpen och kompressorn blandar luft och mix till ett h\u00f6gt overrun (volym\u00f6kning). Det slutna systemet ger stora hygieniska f\u00f6rdelar gentemot andra typer av maskiner. Genom fronten av plexiglas f\u00e5r kunden en attraktiv bild av hur produkten bearbetas. Maskinen \u00e4r utrustad med h\u00e5llbara delar, som minskar slitaget och minimerar underh\u00e5llskostnaden samtidigt som den ger flera \u00e5rs tillf\u00f6rlitlig service.<\/p>\n<h4><strong>Om U411<\/strong><\/h4>\n<ul>\n<li>1 smaks mjukglassmaskin<\/li>\n<li>Byggd f\u00f6r enkel hantering och reng\u00f6ring<\/li>\n<li><em><strong>Kraftfull, l\u00e4ttsk\u00f6tt och ekonomisk.<\/strong><\/em><\/li>\n<\/ul>\n<h5><strong>Utrustad med:<\/strong><\/h5>\n<p>&#8211; H\u00f6geffektiv fryskammare och ScrollTM kompressor vilket ger h\u00f6gre tillf\u00f6rlitlighet och tystare arbetsg\u00e5ng<br \/>\n&#8211; Energisparl\u00e4get (ECM) som skyddar produkten fr\u00e5n \u00f6verbearbetning vid l\u00e5g f\u00f6rs\u00e4ljning och nattetid<br \/>\n&#8211;\u00a0Med\u00a0IntelliTec2\u00a0kontrollpanel (LCD),hanterar du enkelt och problemfritt maskinen i det dagliga arbetet<br \/>\n&#8211; Konsistenskontroll. Tillverkar perfekt glass i alla l\u00e4gen<br \/>\n&#8211; Peristaltisk luft\/mixpump<br \/>\n&#8211;\u00a0<em><strong>V\u00e4ldigt enkel diskning och reng\u00f6ring.<\/strong><\/em>\u00a0C.I.P. diskteknik (reng\u00f6ring p\u00e5 plats).<br \/>\nL\u00e5ngt intervall mellan diskningar. Totaldisk 1ggr per 2 veckor<br \/>\n&#8211; Kylutrymme med utdragbar hylla<br \/>\n&#8211; Sj\u00e4lvst\u00e4ngande utmatning som motverkar spill och\u00a0underl\u00e4ttar exakt portionering<br \/>\n&#8211; Justerbar utmatningshastighet f\u00f6r optimal servering<br \/>\n&#8211; Omr\u00f6rare med unik konstruktion som blandar produkten v\u00e4l och hindrar nerbrytning, vilket ger en smidigare\u00a0 \u00a0 \u00a0 och\u00a0 kr\u00e4migare glass<\/p>\n<ul>\n<li><strong>Ing\u00e5r:<\/strong><br \/>\n&#8211; 4st hjul med sp\u00e4rr<\/li>\n<\/ul>\n<h5><strong>Tillval<\/strong><\/h5>\n<p>&#8211; Luftkyld<br \/>\n&#8211; M\u00f6jligt att best\u00e4lla bag in box anslutningskit. Alltid f\u00e4rsk mix med BIB mix.<br \/>\n&#8211;\u00a0Statusuppdateringar via Wi-Fi och epost.<\/p>\n<p>&nbsp;<\/p>\n","protected":false},"excerpt":{"rendered":"<p>En kompakt maskin som biberh\u00e5ller sin produktionskapacitet i omgivningar med h\u00f6g temperatur. Maskinen har h\u00f6g drifts\u00e4kerhet och tyst arbetsg\u00e5ng i kombination med effektivt kylsystem och Scroll\u2122 kompressor.<\/p>\n<h4>Ladda ner PDF<\/h4>\n<p><a href=\"https:\/\/alrpcopy.alrp-ab.se\/wp-content\/uploads\/2024\/03\/U411_sv.pdf\">U411_sv<\/a><\/p>\n<p>&nbsp;<\/p>\n<p>&nbsp;<\/p>\n","protected":false},"featured_media":2114,"template":"","meta":{"_uag_custom_page_level_css":"","site-sidebar-layout":"default","site-content-layout":"","ast-site-content-layout":"normal-width-container","site-content-style":"default","site-sidebar-style":"default","ast-global-header-display":"","ast-banner-title-visibility":"","ast-main-header-display":"","ast-hfb-above-header-display":"","ast-hfb-below-header-display":"","ast-hfb-mobile-header-display":"","site-post-title":"","ast-breadcrumbs-content":"","ast-featured-img":"","footer-sml-layout":"","theme-transparent-header-meta":"default","adv-header-id-meta":"","stick-header-meta":"default","header-above-stick-meta":"","header-main-stick-meta":"","header-below-stick-meta":"","astra-migrate-meta-layouts":"set","ast-page-background-enabled":"default","ast-page-background-meta":{"desktop":{"background-color":"var(--ast-global-color-5)","background-image":"","background-repeat":"repeat","background-position":"center center","background-size":"auto","background-attachment":"scroll","background-type":"","background-media":"","overlay-type":"","overlay-color":"","overlay-opacity":"","overlay-gradient":""},"tablet":{"background-color":"","background-image":"","background-repeat":"repeat","background-position":"center center","background-size":"auto","background-attachment":"scroll","background-type":"","background-media":"","overlay-type":"","overlay-color":"","overlay-opacity":"","overlay-gradient":""},"mobile":{"background-color":"","background-image":"","background-repeat":"repeat","background-position":"center center","background-size":"auto","background-attachment":"scroll","background-type":"","background-media":"","overlay-type":"","overlay-color":"","overlay-opacity":"","overlay-gradient":""}},"ast-content-background-meta":{"desktop":{"background-color":"var(--ast-global-color-4)","background-image":"","background-repeat":"repeat","background-position":"center center","background-size":"auto","background-attachment":"scroll","background-type":"","background-media":"","overlay-type":"","overlay-color":"","overlay-opacity":"","overlay-gradient":""},"tablet":{"background-color":"var(--ast-global-color-4)","background-image":"","background-repeat":"repeat","background-position":"center center","background-size":"auto","background-attachment":"scroll","background-type":"","background-media":"","overlay-type":"","overlay-color":"","overlay-opacity":"","overlay-gradient":""},"mobile":{"background-color":"var(--ast-global-color-4)","background-image":"","background-repeat":"repeat","background-position":"center center","background-size":"auto","background-attachment":"scroll","background-type":"","background-media":"","overlay-type":"","overlay-color":"","overlay-opacity":"","overlay-gradient":""}}},"product_brand":[177],"product_cat":[28],"product_tag":[23],"class_list":{"0":"post-2113","1":"product","2":"type-product","3":"status-publish","4":"has-post-thumbnail","6":"product_brand-stoelting","7":"product_cat-golvmodell","8":"product_tag-golvmodell","9":"desktop-align-left","10":"tablet-align-left","11":"mobile-align-left","12":"ast-product-gallery-layout-horizontal-slider","13":"ast-product-gallery-with-no-image","14":"ast-product-tabs-layout-horizontal","16":"first","17":"instock","18":"shipping-taxable","19":"product-type-simple"},"uagb_featured_image_src":{"full":["https:\/\/alrpcopy.alrp-ab.se\/wp-content\/uploads\/2024\/03\/U411-scaled.jpg",1202,2560,false],"thumbnail":["https:\/\/alrpcopy.alrp-ab.se\/wp-content\/uploads\/2024\/03\/U411-150x150.jpg",150,150,true],"medium":["https:\/\/alrpcopy.alrp-ab.se\/wp-content\/uploads\/2024\/03\/U411-141x300.jpg",141,300,true],"medium_large":["https:\/\/alrpcopy.alrp-ab.se\/wp-content\/uploads\/2024\/03\/U411-768x1636.jpg",768,1636,true],"large":["https:\/\/alrpcopy.alrp-ab.se\/wp-content\/uploads\/2024\/03\/U411-481x1024.jpg",481,1024,true],"1536x1536":["https:\/\/alrpcopy.alrp-ab.se\/wp-content\/uploads\/2024\/03\/U411-721x1536.jpg",721,1536,true],"2048x2048":["https:\/\/alrpcopy.alrp-ab.se\/wp-content\/uploads\/2024\/03\/U411-961x2048.jpg",961,2048,true],"woocommerce_thumbnail":["https:\/\/alrpcopy.alrp-ab.se\/wp-content\/uploads\/2024\/03\/U411-scaled-300x300.jpg",300,300,true],"woocommerce_single":["https:\/\/alrpcopy.alrp-ab.se\/wp-content\/uploads\/2024\/03\/U411-scaled-600x1278.jpg",600,1278,true],"woocommerce_gallery_thumbnail":["https:\/\/alrpcopy.alrp-ab.se\/wp-content\/uploads\/2024\/03\/U411-scaled-100x100.jpg",100,100,true]},"uagb_author_info":{"display_name":"Alrp","author_link":"https:\/\/alrpcopy.alrp-ab.se\/en\/author\/"},"uagb_comment_info":0,"uagb_excerpt":"En kompakt maskin som biberh\u00e5ller sin produktionskapacitet i omgivningar med h\u00f6g temperatur. Maskinen har h\u00f6g drifts\u00e4kerhet och tyst arbetsg\u00e5ng i kombination med effektivt kylsystem och Scroll\u2122 kompressor. Ladda ner PDF U411_sv &nbsp; &nbsp;","_links":{"self":[{"href":"https:\/\/alrpcopy.alrp-ab.se\/en\/wp-json\/wp\/v2\/product\/2113","targetHints":{"allow":["GET"]}}],"collection":[{"href":"https:\/\/alrpcopy.alrp-ab.se\/en\/wp-json\/wp\/v2\/product"}],"about":[{"href":"https:\/\/alrpcopy.alrp-ab.se\/en\/wp-json\/wp\/v2\/types\/product"}],"wp:featuredmedia":[{"embeddable":true,"href":"https:\/\/alrpcopy.alrp-ab.se\/en\/wp-json\/wp\/v2\/media\/2114"}],"wp:attachment":[{"href":"https:\/\/alrpcopy.alrp-ab.se\/en\/wp-json\/wp\/v2\/media?parent=2113"}],"wp:term":[{"taxonomy":"product_brand","embeddable":true,"href":"https:\/\/alrpcopy.alrp-ab.se\/en\/wp-json\/wp\/v2\/product_brand?post=2113"},{"taxonomy":"product_cat","embeddable":true,"href":"https:\/\/alrpcopy.alrp-ab.se\/en\/wp-json\/wp\/v2\/product_cat?post=2113"},{"taxonomy":"product_tag","embeddable":true,"href":"https:\/\/alrpcopy.alrp-ab.se\/en\/wp-json\/wp\/v2\/product_tag?post=2113"}],"curies":[{"name":"wp","href":"https:\/\/api.w.org\/{rel}","templated":true}]}}