{"id":2104,"date":"2024-03-13T17:39:57","date_gmt":"2024-03-13T17:39:57","guid":{"rendered":"https:\/\/alrpcopy.alrp-ab.se\/?post_type=product&#038;p=2104"},"modified":"2025-03-15T14:54:25","modified_gmt":"2025-03-15T14:54:25","slug":"f112-milkshakemaskin","status":"publish","type":"product","link":"https:\/\/alrpcopy.alrp-ab.se\/en\/produkt\/f112-milkshakemaskin\/","title":{"rendered":"F112 Milkshakemaskin"},"content":{"rendered":"<h3>F\u00f6r milkshake, smoothies &amp; slush<\/h3>\n<p><iframe loading=\"lazy\" src=\"https:\/\/www.youtube.com\/embed\/BWjcZpty7bk\" width=\"560\" height=\"315\" frameborder=\"0\" scrolling=\"no\" data-mce-fragment=\"1\"><\/iframe><br \/>\nEn h\u00f6gpresterande shakemaskin.\u00a0Genom fronten av plexiglas f\u00e5r kunden en attraktiv bild av hur produkten bearbetas.\u00a0F\u00f6rdelen med F112 \u00e4r att den har f\u00e4rre delar, vilket g\u00f6r reng\u00f6ringen och diskningen mycket l\u00e4ttare. Maskinen \u00e4r utrustad med h\u00e5llbara delar, som minskar slitaget och minimerar underh\u00e5llskostnaden samtidigt som den ger flera \u00e5rs tillf\u00f6rlitlig service. F112 \u00e4r det idealiska valet f\u00f6r restauranger, fritidsanl\u00e4ggningar, glassbarer, skolor och\u00a0caf\u00e9er.<\/p>\n<h4>Om F112<\/h4>\n<ul>\n<li>Kompakt b\u00e4nkmodell med bekv\u00e4m arbetsh\u00f6jd<\/li>\n<li><strong>Utrustad med:<\/strong><br \/>\n&#8211;\u00a0En switch med automatiskt avst\u00e4ngning vid reng\u00f6ring av maskinen. F\u00f6r f\u00f6renklad\u00a0drift och reng\u00f6ring.<br \/>\n&#8211; Precisionskontrollerat kylsystem f\u00f6r j\u00e4mn och god produktkvalitet fr\u00e5n f\u00f6rsta till sista glassen, \u00e4ven vid h\u00f6ga temperaturer.<br \/>\n&#8211;\u00a0Slush avfrostningscykel f\u00f6r j\u00e4mn produkt.<br \/>\n&#8211;\u00a0Varningslampa med auto-fyll funktion\u00a0som indikerar l\u00e5g mixniv\u00e5.<br \/>\n&#8211; Rostfri omr\u00f6rare med kraftig hastighetsreducerare, 3\/4 hk drivmotor ger l\u00e5ng livsl\u00e4ngd\u00a0 och drifts\u00e4kerhet.<br \/>\n&#8211; Luftfilter finns p\u00e5 sidan av maskinen. \u00c4r l\u00e4tt att reng\u00f6ra f\u00f6r att\u00a0uppr\u00e4tth\u00e5lla en kontinuerlig h\u00f6g prestanda.<br \/>\n&#8211;\u00a0Elektrisk, som drivs CO2, eller\u00a0automatisk luftsanslutnings\u00a0kit finns.<br \/>\n&#8211; On demand\u00a0avfrostning f\u00f6rs\u00e4krar en smidig drink med\u00a0j\u00e4mn kvalitet.<br \/>\n&#8211; Mix- och luftinblandningsr\u00f6r som ger optimal produktkvalitet samt en j\u00e4mn och l\u00e5g kostnad per portion<\/li>\n<\/ul>\n<h5>Tillval<\/h5>\n<p>&#8211; Vattenkyld<br \/>\n&#8211; Flaskst\u00e4ll med plastflaskor<br \/>\n&#8211; Undersk\u00e5pet\u00a0<a href=\"http:\/\/www.katalog.alrp.se\/index.php?route=product\/product&amp;path=59_60&amp;product_id=61\" target=\"_blank\" rel=\"noopener\">FS1<\/a> finns som tillval f\u00f6r att bygga ut maskinen till golvmodell. D\u00e4rigenom frig\u00f6r du b\u00e4nkyta.<\/p>\n","protected":false},"excerpt":{"rendered":"<p>Kompakt, utrymmesbesparande maskin, som kan producera frysta drycker, milkshakes, smoothies eller frysta cocktails.<\/p>\n<h5>Ladda ner PDF<\/h5>\n<p><a href=\"https:\/\/alrpcopy.alrp-ab.se\/wp-content\/uploads\/2024\/03\/Stoelting-F112.pdf\">Stoelting-F112_sv<\/a><br \/>\n<a href=\"https:\/\/alrpcopy.alrp-ab.se\/wp-content\/uploads\/2024\/03\/StoeltingF112_eng.pdf\">StoeltingF112_eng<\/a><\/p>\n","protected":false},"featured_media":2065,"template":"","meta":{"_uag_custom_page_level_css":"","site-sidebar-layout":"left-sidebar","site-content-layout":"","ast-site-content-layout":"normal-width-container","site-content-style":"boxed","site-sidebar-style":"default","ast-global-header-display":"","ast-banner-title-visibility":"","ast-main-header-display":"","ast-hfb-above-header-display":"","ast-hfb-below-header-display":"","ast-hfb-mobile-header-display":"","site-post-title":"","ast-breadcrumbs-content":"","ast-featured-img":"","footer-sml-layout":"","theme-transparent-header-meta":"default","adv-header-id-meta":"","stick-header-meta":"default","header-above-stick-meta":"","header-main-stick-meta":"","header-below-stick-meta":"","astra-migrate-meta-layouts":"set","ast-page-background-enabled":"default","ast-page-background-meta":{"desktop":{"background-color":"var(--ast-global-color-5)","background-image":"","background-repeat":"repeat","background-position":"center center","background-size":"auto","background-attachment":"scroll","background-type":"","background-media":"","overlay-type":"","overlay-color":"","overlay-opacity":"","overlay-gradient":""},"tablet":{"background-color":"","background-image":"","background-repeat":"repeat","background-position":"center center","background-size":"auto","background-attachment":"scroll","background-type":"","background-media":"","overlay-type":"","overlay-color":"","overlay-opacity":"","overlay-gradient":""},"mobile":{"background-color":"","background-image":"","background-repeat":"repeat","background-position":"center center","background-size":"auto","background-attachment":"scroll","background-type":"","background-media":"","overlay-type":"","overlay-color":"","overlay-opacity":"","overlay-gradient":""}},"ast-content-background-meta":{"desktop":{"background-color":"var(--ast-global-color-4)","background-image":"","background-repeat":"repeat","background-position":"center center","background-size":"auto","background-attachment":"scroll","background-type":"","background-media":"","overlay-type":"","overlay-color":"","overlay-opacity":"","overlay-gradient":""},"tablet":{"background-color":"var(--ast-global-color-4)","background-image":"","background-repeat":"repeat","background-position":"center center","background-size":"auto","background-attachment":"scroll","background-type":"","background-media":"","overlay-type":"","overlay-color":"","overlay-opacity":"","overlay-gradient":""},"mobile":{"background-color":"var(--ast-global-color-4)","background-image":"","background-repeat":"repeat","background-position":"center center","background-size":"auto","background-attachment":"scroll","background-type":"","background-media":"","overlay-type":"","overlay-color":"","overlay-opacity":"","overlay-gradient":""}}},"product_brand":[],"product_cat":[58,17],"product_tag":[],"class_list":{"0":"post-2104","1":"product","2":"type-product","3":"status-publish","4":"has-post-thumbnail","6":"product_cat-milkshake-mjukglassmaskiner","7":"product_cat-alla_produkter","8":"desktop-align-left","9":"tablet-align-left","10":"mobile-align-left","11":"ast-product-gallery-layout-horizontal-slider","12":"ast-product-tabs-layout-horizontal","14":"first","15":"instock","16":"shipping-taxable","17":"product-type-simple"},"uagb_featured_image_src":{"full":["https:\/\/alrpcopy.alrp-ab.se\/wp-content\/uploads\/2024\/03\/st_F112.jpg",500,700,false],"thumbnail":["https:\/\/alrpcopy.alrp-ab.se\/wp-content\/uploads\/2024\/03\/st_F112-150x150.jpg",150,150,true],"medium":["https:\/\/alrpcopy.alrp-ab.se\/wp-content\/uploads\/2024\/03\/st_F112-214x300.jpg",214,300,true],"medium_large":["https:\/\/alrpcopy.alrp-ab.se\/wp-content\/uploads\/2024\/03\/st_F112.jpg",500,700,false],"large":["https:\/\/alrpcopy.alrp-ab.se\/wp-content\/uploads\/2024\/03\/st_F112.jpg",500,700,false],"1536x1536":["https:\/\/alrpcopy.alrp-ab.se\/wp-content\/uploads\/2024\/03\/st_F112.jpg",500,700,false],"2048x2048":["https:\/\/alrpcopy.alrp-ab.se\/wp-content\/uploads\/2024\/03\/st_F112.jpg",500,700,false],"woocommerce_thumbnail":["https:\/\/alrpcopy.alrp-ab.se\/wp-content\/uploads\/2024\/03\/st_F112-300x300.jpg",300,300,true],"woocommerce_single":["https:\/\/alrpcopy.alrp-ab.se\/wp-content\/uploads\/2024\/03\/st_F112.jpg",500,700,false],"woocommerce_gallery_thumbnail":["https:\/\/alrpcopy.alrp-ab.se\/wp-content\/uploads\/2024\/03\/st_F112-100x100.jpg",100,100,true]},"uagb_author_info":{"display_name":"Alrp","author_link":"https:\/\/alrpcopy.alrp-ab.se\/en\/author\/"},"uagb_comment_info":0,"uagb_excerpt":"Kompakt, utrymmesbesparande maskin, som kan producera frysta drycker, milkshakes, smoothies eller frysta cocktails. Ladda ner PDF Stoelting-F112_sv StoeltingF112_eng","_links":{"self":[{"href":"https:\/\/alrpcopy.alrp-ab.se\/en\/wp-json\/wp\/v2\/product\/2104","targetHints":{"allow":["GET"]}}],"collection":[{"href":"https:\/\/alrpcopy.alrp-ab.se\/en\/wp-json\/wp\/v2\/product"}],"about":[{"href":"https:\/\/alrpcopy.alrp-ab.se\/en\/wp-json\/wp\/v2\/types\/product"}],"wp:featuredmedia":[{"embeddable":true,"href":"https:\/\/alrpcopy.alrp-ab.se\/en\/wp-json\/wp\/v2\/media\/2065"}],"wp:attachment":[{"href":"https:\/\/alrpcopy.alrp-ab.se\/en\/wp-json\/wp\/v2\/media?parent=2104"}],"wp:term":[{"taxonomy":"product_brand","embeddable":true,"href":"https:\/\/alrpcopy.alrp-ab.se\/en\/wp-json\/wp\/v2\/product_brand?post=2104"},{"taxonomy":"product_cat","embeddable":true,"href":"https:\/\/alrpcopy.alrp-ab.se\/en\/wp-json\/wp\/v2\/product_cat?post=2104"},{"taxonomy":"product_tag","embeddable":true,"href":"https:\/\/alrpcopy.alrp-ab.se\/en\/wp-json\/wp\/v2\/product_tag?post=2104"}],"curies":[{"name":"wp","href":"https:\/\/api.w.org\/{rel}","templated":true}]}}