{"id":2087,"date":"2024-03-13T08:30:14","date_gmt":"2024-03-13T08:30:14","guid":{"rendered":"https:\/\/alrpcopy.alrp-ab.se\/?post_type=product&#038;p=2087"},"modified":"2025-03-16T15:32:37","modified_gmt":"2025-03-16T15:32:37","slug":"stoelting-f111","status":"publish","type":"product","link":"https:\/\/alrpcopy.alrp-ab.se\/en\/produkt\/stoelting-f111\/","title":{"rendered":"Stoelting F111"},"content":{"rendered":"<h3>F\u00f6r mjukglass &amp; frozen yogurt &#8211; Gravitationsmodell<\/h3>\n<p>Mjukglassmaskinen F111 \u00e4r utformad f\u00f6r att mata mix fr\u00e5n mixbeh\u00e5llaren till fryscylindern med hj\u00e4lp av gravitationen. Glassprodukten tillverkas d\u00e5 vid n\u00e5got l\u00e4gre temperatur och overrun \u00e4n med mjukglassmaskiner med pump. Genom fronten av plexiglas f\u00e5r kunden en attraktiv bild av hur produkten bearbetas. F\u00f6rdelen med F111 \u00e4r att den har f\u00e4rre delar, vilket g\u00f6r reng\u00f6ringen och diskningen mycket l\u00e4ttare. Maskinen \u00e4r utrustad med h\u00e5llbara delar, som minskar slitaget och minimerar underh\u00e5llskostnaden samtidigt som den ger flera \u00e5rs tillf\u00f6rlitlig service.<\/p>\n<h4>Om F111<\/h4>\n<ul>\n<li>1 smaks mjukglassmaskin<\/li>\n<li>B\u00e4nkmodell med bekv\u00e4m arbetsh\u00f6jd<\/li>\n<li>Byggd f\u00f6r enkel hantering och reng\u00f6ring.\u00a0Videoklipp p\u00e5 hur man reng\u00f6r maskinen.\u00a0<a href=\"http:\/\/youtu.be\/vBuOzFuP5f8\" target=\"_blank\" rel=\"noopener\">Se h\u00e4r<\/a><\/li>\n<li>Utrustad med:<br \/>\n&#8211; Precisionskontrollerat kylsystem som ger en j\u00e4mn och god produktkvalitet fr\u00e5n f\u00f6rsta till sista glassen<br \/>\n&#8211; Energisparl\u00e4get (ECM) som skyddar produkten fr\u00e5n \u00f6verbearbetning vid l\u00e5g f\u00f6rs\u00e4ljning och nattetid<br \/>\n&#8211; Med IntelliTec kontrollpanelen (LCD) hanterar du enkelt och problemfritt maskinen i det dagliga arbetet<br \/>\n&#8211; Sj\u00e4lvst\u00e4ngande utmatning som motverkar spill och\u00a0underl\u00e4ttar exakt portionering<br \/>\n&#8211; Justerbar utmatningshastighet f\u00f6r optimal servering<br \/>\n&#8211; Omr\u00f6rare med unik konstruktion som blandar produkten v\u00e4l och hindrar nerbrytning, vilket ger en\u00a0smidigare och kr\u00e4migare glass<br \/>\n&#8211; Mix- och luftinblandningsr\u00f6r som ger optimal produktkvalitet samt en j\u00e4mn och l\u00e5g kostnad per portion<\/li>\n<\/ul>\n<h5>Tillval<\/h5>\n<p>&#8211; Vattenkylning<br \/>\n&#8211; Undersk\u00e5pet\u00a0<a href=\"http:\/\/www.katalog.alrp.se\/index.php?route=product\/product&amp;path=59_60&amp;product_id=61\" target=\"_blank\" rel=\"noopener\">FS1<\/a>\u00a0finns som tillval f\u00f6r att bygga ut maskinen till golvmodell. D\u00e4rigenom frig\u00f6r du b\u00e4nkyta och erh\u00e5ller st\u00f6rre lagerutrymme<br \/>\n&#8211; Statusuppdateringar via Wi-Fi och epost.<\/p>\n<p>&nbsp;<\/p>\n","protected":false},"excerpt":{"rendered":"<p>F111 \u00e4r en drifts\u00e4ker och l\u00e4ttsk\u00f6tt mjukglassmaskin av gravaitationsmodell.<\/p>\n<h4>Ladda ner PDF f\u00f6r mer information<\/h4>\n<p><a href=\"https:\/\/alrpcopy.alrp-ab.se\/wp-content\/uploads\/2024\/03\/Stoelting_F111_sv.pdf\">Stoelting_F111_sv<\/a><br \/>\n<a href=\"https:\/\/alrpcopy.alrp-ab.se\/wp-content\/uploads\/2024\/03\/Stoelting-E111-F111_eng.pdf\">Stoelting E111-F111_eng<\/a><\/p>\n","protected":false},"featured_media":2077,"template":"","meta":{"_uag_custom_page_level_css":"","site-sidebar-layout":"default","site-content-layout":"","ast-site-content-layout":"normal-width-container","site-content-style":"default","site-sidebar-style":"default","ast-global-header-display":"","ast-banner-title-visibility":"","ast-main-header-display":"","ast-hfb-above-header-display":"","ast-hfb-below-header-display":"","ast-hfb-mobile-header-display":"","site-post-title":"","ast-breadcrumbs-content":"","ast-featured-img":"","footer-sml-layout":"","theme-transparent-header-meta":"default","adv-header-id-meta":"","stick-header-meta":"default","header-above-stick-meta":"","header-main-stick-meta":"","header-below-stick-meta":"","astra-migrate-meta-layouts":"set","ast-page-background-enabled":"default","ast-page-background-meta":{"desktop":{"background-color":"var(--ast-global-color-5)","background-image":"","background-repeat":"repeat","background-position":"center center","background-size":"auto","background-attachment":"scroll","background-type":"","background-media":"","overlay-type":"","overlay-color":"","overlay-opacity":"","overlay-gradient":""},"tablet":{"background-color":"","background-image":"","background-repeat":"repeat","background-position":"center center","background-size":"auto","background-attachment":"scroll","background-type":"","background-media":"","overlay-type":"","overlay-color":"","overlay-opacity":"","overlay-gradient":""},"mobile":{"background-color":"","background-image":"","background-repeat":"repeat","background-position":"center center","background-size":"auto","background-attachment":"scroll","background-type":"","background-media":"","overlay-type":"","overlay-color":"","overlay-opacity":"","overlay-gradient":""}},"ast-content-background-meta":{"desktop":{"background-color":"var(--ast-global-color-4)","background-image":"","background-repeat":"repeat","background-position":"center center","background-size":"auto","background-attachment":"scroll","background-type":"","background-media":"","overlay-type":"","overlay-color":"","overlay-opacity":"","overlay-gradient":""},"tablet":{"background-color":"var(--ast-global-color-4)","background-image":"","background-repeat":"repeat","background-position":"center center","background-size":"auto","background-attachment":"scroll","background-type":"","background-media":"","overlay-type":"","overlay-color":"","overlay-opacity":"","overlay-gradient":""},"mobile":{"background-color":"var(--ast-global-color-4)","background-image":"","background-repeat":"repeat","background-position":"center center","background-size":"auto","background-attachment":"scroll","background-type":"","background-media":"","overlay-type":"","overlay-color":"","overlay-opacity":"","overlay-gradient":""}}},"product_brand":[177],"product_cat":[29,17],"product_tag":[],"class_list":{"0":"post-2087","1":"product","2":"type-product","3":"status-publish","4":"has-post-thumbnail","6":"product_brand-stoelting","7":"product_cat-bankmodell","8":"product_cat-alla_produkter","9":"desktop-align-left","10":"tablet-align-left","11":"mobile-align-left","12":"ast-product-gallery-layout-horizontal-slider","13":"ast-product-tabs-layout-horizontal","15":"first","16":"instock","17":"shipping-taxable","18":"product-type-simple"},"uagb_featured_image_src":{"full":["https:\/\/alrpcopy.alrp-ab.se\/wp-content\/uploads\/2024\/03\/f111.jpg",263,389,false],"thumbnail":["https:\/\/alrpcopy.alrp-ab.se\/wp-content\/uploads\/2024\/03\/f111-150x150.jpg",150,150,true],"medium":["https:\/\/alrpcopy.alrp-ab.se\/wp-content\/uploads\/2024\/03\/f111-203x300.jpg",203,300,true],"medium_large":["https:\/\/alrpcopy.alrp-ab.se\/wp-content\/uploads\/2024\/03\/f111.jpg",263,389,false],"large":["https:\/\/alrpcopy.alrp-ab.se\/wp-content\/uploads\/2024\/03\/f111.jpg",263,389,false],"1536x1536":["https:\/\/alrpcopy.alrp-ab.se\/wp-content\/uploads\/2024\/03\/f111.jpg",263,389,false],"2048x2048":["https:\/\/alrpcopy.alrp-ab.se\/wp-content\/uploads\/2024\/03\/f111.jpg",263,389,false],"woocommerce_thumbnail":["https:\/\/alrpcopy.alrp-ab.se\/wp-content\/uploads\/2024\/03\/f111-263x300.jpg",263,300,true],"woocommerce_single":["https:\/\/alrpcopy.alrp-ab.se\/wp-content\/uploads\/2024\/03\/f111.jpg",263,389,false],"woocommerce_gallery_thumbnail":["https:\/\/alrpcopy.alrp-ab.se\/wp-content\/uploads\/2024\/03\/f111-100x100.jpg",100,100,true]},"uagb_author_info":{"display_name":"Alrp","author_link":"https:\/\/alrpcopy.alrp-ab.se\/en\/author\/"},"uagb_comment_info":0,"uagb_excerpt":"F111 \u00e4r en drifts\u00e4ker och l\u00e4ttsk\u00f6tt mjukglassmaskin av gravaitationsmodell. Ladda ner PDF f\u00f6r mer information Stoelting_F111_sv Stoelting E111-F111_eng","_links":{"self":[{"href":"https:\/\/alrpcopy.alrp-ab.se\/en\/wp-json\/wp\/v2\/product\/2087","targetHints":{"allow":["GET"]}}],"collection":[{"href":"https:\/\/alrpcopy.alrp-ab.se\/en\/wp-json\/wp\/v2\/product"}],"about":[{"href":"https:\/\/alrpcopy.alrp-ab.se\/en\/wp-json\/wp\/v2\/types\/product"}],"wp:featuredmedia":[{"embeddable":true,"href":"https:\/\/alrpcopy.alrp-ab.se\/en\/wp-json\/wp\/v2\/media\/2077"}],"wp:attachment":[{"href":"https:\/\/alrpcopy.alrp-ab.se\/en\/wp-json\/wp\/v2\/media?parent=2087"}],"wp:term":[{"taxonomy":"product_brand","embeddable":true,"href":"https:\/\/alrpcopy.alrp-ab.se\/en\/wp-json\/wp\/v2\/product_brand?post=2087"},{"taxonomy":"product_cat","embeddable":true,"href":"https:\/\/alrpcopy.alrp-ab.se\/en\/wp-json\/wp\/v2\/product_cat?post=2087"},{"taxonomy":"product_tag","embeddable":true,"href":"https:\/\/alrpcopy.alrp-ab.se\/en\/wp-json\/wp\/v2\/product_tag?post=2087"}],"curies":[{"name":"wp","href":"https:\/\/api.w.org\/{rel}","templated":true}]}}