{"id":2041,"date":"2024-03-08T10:01:12","date_gmt":"2024-03-08T10:01:12","guid":{"rendered":"https:\/\/alrpcopy.alrp-ab.se\/?post_type=product&#038;p=2041"},"modified":"2025-03-16T17:48:05","modified_gmt":"2025-03-16T17:48:05","slug":"granismart-3","status":"publish","type":"product","link":"https:\/\/alrpcopy.alrp-ab.se\/en\/produkt\/granismart-3\/","title":{"rendered":"GBG &#8211; Granismart-3 &#8211; slushmaskin"},"content":{"rendered":"<h3>En kompakt slushmaskin med 3 beh\u00e5llare<\/h3>\n<p>GBG Granismart h\u00e5ller mycket h\u00f6g kvalitet samtidigt som den \u00e4r extremt kompakt och mycket snabb. Med sin 5 liters beh\u00e5llare \u00e4r det v\u00e4rldens minsta professionella slushmaskin.\u00a0Vill du servera kr\u00e4miga produkter som frappe s\u00e5 g\u00e5r det att k\u00f6pa till en kraftfullare motor.\u00a0Den har tilltalande design och den har enkel demontering av beh\u00e5llaren, droppsk\u00e5l och tapphandtag f\u00f6r snabb reng\u00f6ring och b\u00e4sta hygien. Inga verktyg beh\u00f6vs.<br \/>\nFinns i tre modeller: 1beh\u00e5llare, 2beh\u00e5llare och 3beh\u00e5llare.<\/p>\n<p><strong><img loading=\"lazy\" decoding=\"async\" class=\"alignnone wp-image-4959\" src=\"https:\/\/alrpcopy.alrp-ab.se\/wp-content\/uploads\/2024\/03\/slider1_96281-300x108.jpg\" alt=\"\" width=\"764\" height=\"275\" srcset=\"https:\/\/alrpcopy.alrp-ab.se\/wp-content\/uploads\/2024\/03\/slider1_96281-300x108.jpg 300w, https:\/\/alrpcopy.alrp-ab.se\/wp-content\/uploads\/2024\/03\/slider1_96281-600x216.jpg 600w, https:\/\/alrpcopy.alrp-ab.se\/wp-content\/uploads\/2024\/03\/slider1_96281-768x276.jpg 768w, https:\/\/alrpcopy.alrp-ab.se\/wp-content\/uploads\/2024\/03\/slider1_96281.jpg 1000w\" sizes=\"auto, (max-width: 764px) 100vw, 764px\" \/><\/strong><\/p>\n<h4>Om GBG GRANISMART<\/h4>\n<ul>\n<li>Patenterad teknik<\/li>\n<li>Innovativ elektronisk termostat<\/li>\n<li>Digital display<\/li>\n<li>Rostfria paneler<\/li>\n<li>Lock utan belysning<\/li>\n<li>Klockformad tappningskran som garanterar perfekt hygien och enkel diskning<\/li>\n<li>Termostat<\/li>\n<li>Temperatur display<\/li>\n<li>Klockformad tappningskran som garanterar perfekt hygien och enkel diskning<\/li>\n<li>Niv\u00e5kontroll p\u00e5 droppbrickan<\/li>\n<li>Beh\u00e5llare: 3st x 5L<br \/>\nTillverkad i Spanien<\/li>\n<\/ul>\n<hr \/>\n<h5><strong>Tillval<\/strong><\/h5>\n<ul>\n<li>Upplyst lock med s\u00e4kerhetssystem<\/li>\n<li>Skr\u00e4ddarsydda paneler<\/li>\n<li>S\u00e4kerhetsanordning som stoppar omr\u00f6raren n\u00e4r locket lyfts<\/li>\n<li>BRS system &#8211;\u00a0Version med en f\u00f6rb\u00e4ttrad motor s\u00e4rskilt l\u00e4mplig f\u00f6r h\u00f6g densitet produkter, till exempel kalla, kr\u00e4miga\u00a0drycker.<\/li>\n<li>Eng\u00e5ngsartiklar; Muggar, lock och sugr\u00f6r med sked<\/li>\n<li>Slushsyrup<\/li>\n<\/ul>\n<p>&nbsp;<\/p>\n","protected":false},"excerpt":{"rendered":"<p>Marknadens mest kompakta slushmaskin!<\/p>\n<h5>Ladda ner PDF<\/h5>\n<p><a href=\"https:\/\/alrpcopy.alrp-ab.se\/wp-content\/uploads\/2024\/03\/granismart_sv.pdf\">granismart_sv<\/a><br \/>\n<a href=\"https:\/\/alrpcopy.alrp-ab.se\/wp-content\/uploads\/2024\/03\/gbg_granismart_eng.pdf\">gbg_granismart_eng<\/a><\/p>\n<p>&nbsp;<\/p>\n","protected":false},"featured_media":2044,"template":"","meta":{"_uag_custom_page_level_css":"","site-sidebar-layout":"left-sidebar","site-content-layout":"","ast-site-content-layout":"normal-width-container","site-content-style":"boxed","site-sidebar-style":"default","ast-global-header-display":"","ast-banner-title-visibility":"","ast-main-header-display":"","ast-hfb-above-header-display":"","ast-hfb-below-header-display":"","ast-hfb-mobile-header-display":"","site-post-title":"","ast-breadcrumbs-content":"","ast-featured-img":"","footer-sml-layout":"","theme-transparent-header-meta":"default","adv-header-id-meta":"","stick-header-meta":"default","header-above-stick-meta":"","header-main-stick-meta":"","header-below-stick-meta":"","astra-migrate-meta-layouts":"set","ast-page-background-enabled":"default","ast-page-background-meta":{"desktop":{"background-color":"var(--ast-global-color-5)","background-image":"","background-repeat":"repeat","background-position":"center center","background-size":"auto","background-attachment":"scroll","background-type":"","background-media":"","overlay-type":"","overlay-color":"","overlay-opacity":"","overlay-gradient":""},"tablet":{"background-color":"","background-image":"","background-repeat":"repeat","background-position":"center center","background-size":"auto","background-attachment":"scroll","background-type":"","background-media":"","overlay-type":"","overlay-color":"","overlay-opacity":"","overlay-gradient":""},"mobile":{"background-color":"","background-image":"","background-repeat":"repeat","background-position":"center center","background-size":"auto","background-attachment":"scroll","background-type":"","background-media":"","overlay-type":"","overlay-color":"","overlay-opacity":"","overlay-gradient":""}},"ast-content-background-meta":{"desktop":{"background-color":"var(--ast-global-color-4)","background-image":"","background-repeat":"repeat","background-position":"center center","background-size":"auto","background-attachment":"scroll","background-type":"","background-media":"","overlay-type":"","overlay-color":"","overlay-opacity":"","overlay-gradient":""},"tablet":{"background-color":"var(--ast-global-color-4)","background-image":"","background-repeat":"repeat","background-position":"center center","background-size":"auto","background-attachment":"scroll","background-type":"","background-media":"","overlay-type":"","overlay-color":"","overlay-opacity":"","overlay-gradient":""},"mobile":{"background-color":"var(--ast-global-color-4)","background-image":"","background-repeat":"repeat","background-position":"center center","background-size":"auto","background-attachment":"scroll","background-type":"","background-media":"","overlay-type":"","overlay-color":"","overlay-opacity":"","overlay-gradient":""}}},"product_brand":[387],"product_cat":[57],"product_tag":[],"class_list":{"0":"post-2041","1":"product","2":"type-product","3":"status-publish","4":"has-post-thumbnail","6":"product_brand-vair","7":"product_cat-slushmaskiner-2","8":"desktop-align-left","9":"tablet-align-left","10":"mobile-align-left","11":"ast-product-gallery-layout-horizontal-slider","12":"ast-product-tabs-layout-horizontal","14":"first","15":"instock","16":"shipping-taxable","17":"product-type-simple"},"uagb_featured_image_src":{"full":["https:\/\/alrpcopy.alrp-ab.se\/wp-content\/uploads\/2024\/03\/Granismart3_ny-1.jpg",400,400,false],"thumbnail":["https:\/\/alrpcopy.alrp-ab.se\/wp-content\/uploads\/2024\/03\/Granismart3_ny-1-150x150.jpg",150,150,true],"medium":["https:\/\/alrpcopy.alrp-ab.se\/wp-content\/uploads\/2024\/03\/Granismart3_ny-1-300x300.jpg",300,300,true],"medium_large":["https:\/\/alrpcopy.alrp-ab.se\/wp-content\/uploads\/2024\/03\/Granismart3_ny-1.jpg",400,400,false],"large":["https:\/\/alrpcopy.alrp-ab.se\/wp-content\/uploads\/2024\/03\/Granismart3_ny-1.jpg",400,400,false],"1536x1536":["https:\/\/alrpcopy.alrp-ab.se\/wp-content\/uploads\/2024\/03\/Granismart3_ny-1.jpg",400,400,false],"2048x2048":["https:\/\/alrpcopy.alrp-ab.se\/wp-content\/uploads\/2024\/03\/Granismart3_ny-1.jpg",400,400,false],"woocommerce_thumbnail":["https:\/\/alrpcopy.alrp-ab.se\/wp-content\/uploads\/2024\/03\/Granismart3_ny-1-300x300.jpg",300,300,true],"woocommerce_single":["https:\/\/alrpcopy.alrp-ab.se\/wp-content\/uploads\/2024\/03\/Granismart3_ny-1.jpg",400,400,false],"woocommerce_gallery_thumbnail":["https:\/\/alrpcopy.alrp-ab.se\/wp-content\/uploads\/2024\/03\/Granismart3_ny-1-100x100.jpg",100,100,true]},"uagb_author_info":{"display_name":"Alrp","author_link":"https:\/\/alrpcopy.alrp-ab.se\/en\/author\/"},"uagb_comment_info":0,"uagb_excerpt":"Marknadens mest kompakta slushmaskin! Ladda ner PDF granismart_sv gbg_granismart_eng &nbsp;","_links":{"self":[{"href":"https:\/\/alrpcopy.alrp-ab.se\/en\/wp-json\/wp\/v2\/product\/2041","targetHints":{"allow":["GET"]}}],"collection":[{"href":"https:\/\/alrpcopy.alrp-ab.se\/en\/wp-json\/wp\/v2\/product"}],"about":[{"href":"https:\/\/alrpcopy.alrp-ab.se\/en\/wp-json\/wp\/v2\/types\/product"}],"wp:featuredmedia":[{"embeddable":true,"href":"https:\/\/alrpcopy.alrp-ab.se\/en\/wp-json\/wp\/v2\/media\/2044"}],"wp:attachment":[{"href":"https:\/\/alrpcopy.alrp-ab.se\/en\/wp-json\/wp\/v2\/media?parent=2041"}],"wp:term":[{"taxonomy":"product_brand","embeddable":true,"href":"https:\/\/alrpcopy.alrp-ab.se\/en\/wp-json\/wp\/v2\/product_brand?post=2041"},{"taxonomy":"product_cat","embeddable":true,"href":"https:\/\/alrpcopy.alrp-ab.se\/en\/wp-json\/wp\/v2\/product_cat?post=2041"},{"taxonomy":"product_tag","embeddable":true,"href":"https:\/\/alrpcopy.alrp-ab.se\/en\/wp-json\/wp\/v2\/product_tag?post=2041"}],"curies":[{"name":"wp","href":"https:\/\/api.w.org\/{rel}","templated":true}]}}