{"id":2024,"date":"2024-03-08T08:39:51","date_gmt":"2024-03-08T08:39:51","guid":{"rendered":"https:\/\/alrpcopy.alrp-ab.se\/?post_type=product&#038;p=2024"},"modified":"2025-03-16T17:50:25","modified_gmt":"2025-03-16T17:50:25","slug":"granibeach-1","status":"publish","type":"product","link":"https:\/\/alrpcopy.alrp-ab.se\/en\/produkt\/granibeach-1\/","title":{"rendered":"GBG-Granibeach-1 slushmaskin"},"content":{"rendered":"<h3>Effektiv &amp; kompakt slushmaskin<\/h3>\n<p><img decoding=\"async\" src=\"http:\/\/www.katalog.alrp.se\/image\/data\/Slush\/GBG\/granibeach.jpg\" alt=\"\" \/>GraniBeach \u00e4r en professionell slushmaskin.\u00a0Maskinen \u00e4r utrustad med \u00f6verl\u00e4gsen teknologi f\u00f6r b\u00e4sta produkt. Den har tilltalande design och den har enkel demontering av beh\u00e5llaren, droppsk\u00e5l och tapphandtag f\u00f6r snabb reng\u00f6ring och b\u00e4sta hygien. Inga verktyg beh\u00f6vs.<\/p>\n<h4><img decoding=\"async\" src=\"http:\/\/www.katalog.alrp.se\/image\/data\/Slush\/GBG\/symboler_various-types-of-drinks.jpg\" alt=\"\" \/>Om GBG GRANIBEACH<\/h4>\n<ul>\n<li>H\u00f6g produktionskapacitet<\/li>\n<li>Lock med s\u00e4kerhetssystem, utan belysning<\/li>\n<li>Rostfria paneler<\/li>\n<li>Niv\u00e5kontroll p\u00e5 droppbrickan. Indikator varnar n\u00e4r droppsk\u00e5len \u00e4r full<\/li>\n<li>Termostat<\/li>\n<li>Temperatur display<\/li>\n<li>Lock med s\u00e4kerhetssystem<\/li>\n<li>Niv\u00e5kontroll p\u00e5 droppbrickan<\/li>\n<li>Kondensering: Luft \/vattenkylning\u200b<\/li>\n<\/ul>\n<h5>Tillval<\/h5>\n<ul>\n<li>Skr\u00e4ddarsydda paneler<\/li>\n<li>Eng\u00e5ngsartiklar; Muggar, lock och sugr\u00f6r med sked<\/li>\n<li>Slushsyrup<\/li>\n<\/ul>\n<p><strong>Tillverkad i Spanien<\/strong><\/p>\n","protected":false},"excerpt":{"rendered":"<p>Granibeach \u00e4r en enkel och kompakt slushmaskin med tilltalande design.\u00a0 Finns i tre modeller; 1beh\u00e5llare, 2beh\u00e5llare eller 3beh\u00e5llare.<\/p>\n<h5>Ladda ner PDF<\/h5>\n<p><a href=\"https:\/\/alrpcopy.alrp-ab.se\/wp-content\/uploads\/2024\/03\/gbg_granibeach.pdf\">gbg_granibeach<\/a><\/p>\n","protected":false},"featured_media":2025,"template":"","meta":{"_uag_custom_page_level_css":"","site-sidebar-layout":"left-sidebar","site-content-layout":"","ast-site-content-layout":"normal-width-container","site-content-style":"boxed","site-sidebar-style":"default","ast-global-header-display":"","ast-banner-title-visibility":"","ast-main-header-display":"","ast-hfb-above-header-display":"","ast-hfb-below-header-display":"","ast-hfb-mobile-header-display":"","site-post-title":"","ast-breadcrumbs-content":"","ast-featured-img":"","footer-sml-layout":"","theme-transparent-header-meta":"default","adv-header-id-meta":"","stick-header-meta":"default","header-above-stick-meta":"","header-main-stick-meta":"","header-below-stick-meta":"","astra-migrate-meta-layouts":"set","ast-page-background-enabled":"default","ast-page-background-meta":{"desktop":{"background-color":"var(--ast-global-color-5)","background-image":"","background-repeat":"repeat","background-position":"center center","background-size":"auto","background-attachment":"scroll","background-type":"","background-media":"","overlay-type":"","overlay-color":"","overlay-opacity":"","overlay-gradient":""},"tablet":{"background-color":"","background-image":"","background-repeat":"repeat","background-position":"center center","background-size":"auto","background-attachment":"scroll","background-type":"","background-media":"","overlay-type":"","overlay-color":"","overlay-opacity":"","overlay-gradient":""},"mobile":{"background-color":"","background-image":"","background-repeat":"repeat","background-position":"center center","background-size":"auto","background-attachment":"scroll","background-type":"","background-media":"","overlay-type":"","overlay-color":"","overlay-opacity":"","overlay-gradient":""}},"ast-content-background-meta":{"desktop":{"background-color":"var(--ast-global-color-4)","background-image":"","background-repeat":"repeat","background-position":"center center","background-size":"auto","background-attachment":"scroll","background-type":"","background-media":"","overlay-type":"","overlay-color":"","overlay-opacity":"","overlay-gradient":""},"tablet":{"background-color":"var(--ast-global-color-4)","background-image":"","background-repeat":"repeat","background-position":"center center","background-size":"auto","background-attachment":"scroll","background-type":"","background-media":"","overlay-type":"","overlay-color":"","overlay-opacity":"","overlay-gradient":""},"mobile":{"background-color":"var(--ast-global-color-4)","background-image":"","background-repeat":"repeat","background-position":"center center","background-size":"auto","background-attachment":"scroll","background-type":"","background-media":"","overlay-type":"","overlay-color":"","overlay-opacity":"","overlay-gradient":""}}},"product_brand":[387],"product_cat":[57],"product_tag":[],"class_list":{"0":"post-2024","1":"product","2":"type-product","3":"status-publish","4":"has-post-thumbnail","6":"product_brand-vair","7":"product_cat-slushmaskiner-2","8":"desktop-align-left","9":"tablet-align-left","10":"mobile-align-left","11":"ast-product-gallery-layout-horizontal-slider","12":"ast-product-tabs-layout-horizontal","14":"first","15":"instock","16":"shipping-taxable","17":"product-type-simple"},"uagb_featured_image_src":{"full":["https:\/\/alrpcopy.alrp-ab.se\/wp-content\/uploads\/2024\/03\/granibeach-1_ny.jpg",400,400,false],"thumbnail":["https:\/\/alrpcopy.alrp-ab.se\/wp-content\/uploads\/2024\/03\/granibeach-1_ny-150x150.jpg",150,150,true],"medium":["https:\/\/alrpcopy.alrp-ab.se\/wp-content\/uploads\/2024\/03\/granibeach-1_ny-300x300.jpg",300,300,true],"medium_large":["https:\/\/alrpcopy.alrp-ab.se\/wp-content\/uploads\/2024\/03\/granibeach-1_ny.jpg",400,400,false],"large":["https:\/\/alrpcopy.alrp-ab.se\/wp-content\/uploads\/2024\/03\/granibeach-1_ny.jpg",400,400,false],"1536x1536":["https:\/\/alrpcopy.alrp-ab.se\/wp-content\/uploads\/2024\/03\/granibeach-1_ny.jpg",400,400,false],"2048x2048":["https:\/\/alrpcopy.alrp-ab.se\/wp-content\/uploads\/2024\/03\/granibeach-1_ny.jpg",400,400,false],"woocommerce_thumbnail":["https:\/\/alrpcopy.alrp-ab.se\/wp-content\/uploads\/2024\/03\/granibeach-1_ny-300x300.jpg",300,300,true],"woocommerce_single":["https:\/\/alrpcopy.alrp-ab.se\/wp-content\/uploads\/2024\/03\/granibeach-1_ny.jpg",400,400,false],"woocommerce_gallery_thumbnail":["https:\/\/alrpcopy.alrp-ab.se\/wp-content\/uploads\/2024\/03\/granibeach-1_ny-100x100.jpg",100,100,true]},"uagb_author_info":{"display_name":"Alrp","author_link":"https:\/\/alrpcopy.alrp-ab.se\/en\/author\/"},"uagb_comment_info":0,"uagb_excerpt":"Granibeach \u00e4r en enkel och kompakt slushmaskin med tilltalande design.\u00a0 Finns i tre modeller; 1beh\u00e5llare, 2beh\u00e5llare eller 3beh\u00e5llare. Ladda ner PDF gbg_granibeach","_links":{"self":[{"href":"https:\/\/alrpcopy.alrp-ab.se\/en\/wp-json\/wp\/v2\/product\/2024","targetHints":{"allow":["GET"]}}],"collection":[{"href":"https:\/\/alrpcopy.alrp-ab.se\/en\/wp-json\/wp\/v2\/product"}],"about":[{"href":"https:\/\/alrpcopy.alrp-ab.se\/en\/wp-json\/wp\/v2\/types\/product"}],"wp:featuredmedia":[{"embeddable":true,"href":"https:\/\/alrpcopy.alrp-ab.se\/en\/wp-json\/wp\/v2\/media\/2025"}],"wp:attachment":[{"href":"https:\/\/alrpcopy.alrp-ab.se\/en\/wp-json\/wp\/v2\/media?parent=2024"}],"wp:term":[{"taxonomy":"product_brand","embeddable":true,"href":"https:\/\/alrpcopy.alrp-ab.se\/en\/wp-json\/wp\/v2\/product_brand?post=2024"},{"taxonomy":"product_cat","embeddable":true,"href":"https:\/\/alrpcopy.alrp-ab.se\/en\/wp-json\/wp\/v2\/product_cat?post=2024"},{"taxonomy":"product_tag","embeddable":true,"href":"https:\/\/alrpcopy.alrp-ab.se\/en\/wp-json\/wp\/v2\/product_tag?post=2024"}],"curies":[{"name":"wp","href":"https:\/\/api.w.org\/{rel}","templated":true}]}}