{"id":2013,"date":"2024-03-07T20:51:58","date_gmt":"2024-03-07T20:51:58","guid":{"rendered":"https:\/\/alrpcopy.alrp-ab.se\/?post_type=product&#038;p=2013"},"modified":"2025-03-16T17:51:05","modified_gmt":"2025-03-16T17:51:05","slug":"gbg-spin-1","status":"publish","type":"product","link":"https:\/\/alrpcopy.alrp-ab.se\/en\/produkt\/gbg-spin-1\/","title":{"rendered":"GBG &#8211; Spin IFF\/N slushmaskin, 1 beh\u00e5llare"},"content":{"rendered":"<div id=\"tab-description\" class=\"tab-content\">\n<article id=\"GBG SPIN 3 - Slushmaskin, 3beh\u00e5llare, b\u00e4nkmodell\">\n<h3>Slushmaskin med mycket h\u00f6g kapacitet<\/h3>\n<p><img decoding=\"async\" src=\"http:\/\/www.katalog.alrp.se\/image\/data\/Slush\/GBG\/Slide_spin_4_04281.jpg\" alt=\"\" \/>GBG SPIN \u00e4r en professionell slushmaskin med h\u00f6g kapacitet, som serverar slush, sorbet, iskaffe, iste och andra kalla drycker. Dess kapacitet g\u00f6r den idealisk f\u00f6r st\u00e4llen med h\u00f6g oms\u00e4ttning och f\u00f6rs\u00e4ljning, d\u00e4r det kr\u00e4vs snabb och effektiv servering. Maskinen \u00e4r utrustad med \u00f6verl\u00e4gsen teknologi f\u00f6r b\u00e4sta produkt. Den har tilltalande design och den har enkel demontering av beh\u00e5llaren, droppsk\u00e5l och tapphandtag f\u00f6r snabb reng\u00f6ring och b\u00e4sta hygien. Inga verktyg beh\u00f6vs.<\/p>\n<h4>Om GBG SPIN<\/h4>\n<\/article>\n<article>\n<ul>\n<li>Fast Freeze funktion. Snabbfrysning vars f\u00f6rb\u00e4ttrade kylsystem avsev\u00e4rt minskar tiden f\u00f6r produktberedning<\/li>\n<li>Innovativ elektronisk termostat<\/li>\n<li>Digital display<\/li>\n<li>Upplyst lock med s\u00e4kerhetssystem<\/li>\n<li>Tappsystem<\/li>\n<li>Rostfria paneler<\/li>\n<li>Niv\u00e5kontroll p\u00e5 droppbrickan. Indikator varnar n\u00e4r droppsk\u00e5len \u00e4r full<\/li>\n<li>Termostat<\/li>\n<li>Temperatur display<\/li>\n<li>Upplyst lock med s\u00e4kerhetssystem<\/li>\n<li>Niv\u00e5kontroll p\u00e5 droppbrickan<\/li>\n<\/ul>\n<p>\u200b<iframe loading=\"lazy\" src=\"https:\/\/www.youtube.com\/embed\/eF5UQ-diwCI\" width=\"560\" height=\"315\" frameborder=\"0\" scrolling=\"no\" data-mce-fragment=\"1\"><\/iframe><\/p>\n<h5>Tillval<\/h5>\n<ul>\n<li>Handtagssats touchless.<\/li>\n<li>Skr\u00e4ddarsydda paneler<\/li>\n<li>F\u00e4rgval:\u00a0Bl\u00e5, Vit eller R\u00f6d (Svart \u00e4r standard)<\/li>\n<li>Eng\u00e5ngsartiklar; Muggar, lock och sugr\u00f6r med sked<\/li>\n<li>Slushsyrup<\/li>\n<\/ul>\n<\/article>\n<\/div>\n<p>Tillverkad i Spanien<\/p>\n","protected":false},"excerpt":{"rendered":"<p>L\u00e4ttplacerad slushmaskin med h\u00f6g kapacitet.<br \/>\nFinns i tre modeller; 1beh\u00e5llare, 2beh\u00e5llare eller 3beh\u00e5llare.<\/p>\n<h5>Ladda ner PDF<\/h5>\n<p><a href=\"https:\/\/alrpcopy.alrp-ab.se\/wp-content\/uploads\/2024\/03\/spin_sv.pdf\">spin_sv<\/a><br \/>\n<a href=\"https:\/\/alrpcopy.alrp-ab.se\/wp-content\/uploads\/2024\/03\/gbg_spin_eng.pdf\">gbg_spin_eng<\/a><\/p>\n","protected":false},"featured_media":2014,"template":"","meta":{"_uag_custom_page_level_css":"","site-sidebar-layout":"left-sidebar","site-content-layout":"","ast-site-content-layout":"normal-width-container","site-content-style":"boxed","site-sidebar-style":"default","ast-global-header-display":"","ast-banner-title-visibility":"","ast-main-header-display":"","ast-hfb-above-header-display":"","ast-hfb-below-header-display":"","ast-hfb-mobile-header-display":"","site-post-title":"","ast-breadcrumbs-content":"","ast-featured-img":"","footer-sml-layout":"","theme-transparent-header-meta":"default","adv-header-id-meta":"","stick-header-meta":"default","header-above-stick-meta":"","header-main-stick-meta":"","header-below-stick-meta":"","astra-migrate-meta-layouts":"set","ast-page-background-enabled":"default","ast-page-background-meta":{"desktop":{"background-color":"var(--ast-global-color-5)","background-image":"","background-repeat":"repeat","background-position":"center center","background-size":"auto","background-attachment":"scroll","background-type":"","background-media":"","overlay-type":"","overlay-color":"","overlay-opacity":"","overlay-gradient":""},"tablet":{"background-color":"","background-image":"","background-repeat":"repeat","background-position":"center center","background-size":"auto","background-attachment":"scroll","background-type":"","background-media":"","overlay-type":"","overlay-color":"","overlay-opacity":"","overlay-gradient":""},"mobile":{"background-color":"","background-image":"","background-repeat":"repeat","background-position":"center center","background-size":"auto","background-attachment":"scroll","background-type":"","background-media":"","overlay-type":"","overlay-color":"","overlay-opacity":"","overlay-gradient":""}},"ast-content-background-meta":{"desktop":{"background-color":"var(--ast-global-color-4)","background-image":"","background-repeat":"repeat","background-position":"center center","background-size":"auto","background-attachment":"scroll","background-type":"","background-media":"","overlay-type":"","overlay-color":"","overlay-opacity":"","overlay-gradient":""},"tablet":{"background-color":"var(--ast-global-color-4)","background-image":"","background-repeat":"repeat","background-position":"center center","background-size":"auto","background-attachment":"scroll","background-type":"","background-media":"","overlay-type":"","overlay-color":"","overlay-opacity":"","overlay-gradient":""},"mobile":{"background-color":"var(--ast-global-color-4)","background-image":"","background-repeat":"repeat","background-position":"center center","background-size":"auto","background-attachment":"scroll","background-type":"","background-media":"","overlay-type":"","overlay-color":"","overlay-opacity":"","overlay-gradient":""}}},"product_brand":[387],"product_cat":[57],"product_tag":[],"class_list":{"0":"post-2013","1":"product","2":"type-product","3":"status-publish","4":"has-post-thumbnail","6":"product_brand-vair","7":"product_cat-slushmaskiner-2","8":"desktop-align-left","9":"tablet-align-left","10":"mobile-align-left","11":"ast-product-gallery-layout-horizontal-slider","12":"ast-product-tabs-layout-horizontal","14":"first","15":"instock","16":"shipping-taxable","17":"product-type-simple"},"uagb_featured_image_src":{"full":["https:\/\/alrpcopy.alrp-ab.se\/wp-content\/uploads\/2024\/03\/gbg_Spin1.jpg",400,400,false],"thumbnail":["https:\/\/alrpcopy.alrp-ab.se\/wp-content\/uploads\/2024\/03\/gbg_Spin1-150x150.jpg",150,150,true],"medium":["https:\/\/alrpcopy.alrp-ab.se\/wp-content\/uploads\/2024\/03\/gbg_Spin1-300x300.jpg",300,300,true],"medium_large":["https:\/\/alrpcopy.alrp-ab.se\/wp-content\/uploads\/2024\/03\/gbg_Spin1.jpg",400,400,false],"large":["https:\/\/alrpcopy.alrp-ab.se\/wp-content\/uploads\/2024\/03\/gbg_Spin1.jpg",400,400,false],"1536x1536":["https:\/\/alrpcopy.alrp-ab.se\/wp-content\/uploads\/2024\/03\/gbg_Spin1.jpg",400,400,false],"2048x2048":["https:\/\/alrpcopy.alrp-ab.se\/wp-content\/uploads\/2024\/03\/gbg_Spin1.jpg",400,400,false],"woocommerce_thumbnail":["https:\/\/alrpcopy.alrp-ab.se\/wp-content\/uploads\/2024\/03\/gbg_Spin1-300x300.jpg",300,300,true],"woocommerce_single":["https:\/\/alrpcopy.alrp-ab.se\/wp-content\/uploads\/2024\/03\/gbg_Spin1.jpg",400,400,false],"woocommerce_gallery_thumbnail":["https:\/\/alrpcopy.alrp-ab.se\/wp-content\/uploads\/2024\/03\/gbg_Spin1-100x100.jpg",100,100,true]},"uagb_author_info":{"display_name":"Alrp","author_link":"https:\/\/alrpcopy.alrp-ab.se\/en\/author\/"},"uagb_comment_info":0,"uagb_excerpt":"L\u00e4ttplacerad slushmaskin med h\u00f6g kapacitet. Finns i tre modeller; 1beh\u00e5llare, 2beh\u00e5llare eller 3beh\u00e5llare. Ladda ner PDF spin_sv gbg_spin_eng","_links":{"self":[{"href":"https:\/\/alrpcopy.alrp-ab.se\/en\/wp-json\/wp\/v2\/product\/2013","targetHints":{"allow":["GET"]}}],"collection":[{"href":"https:\/\/alrpcopy.alrp-ab.se\/en\/wp-json\/wp\/v2\/product"}],"about":[{"href":"https:\/\/alrpcopy.alrp-ab.se\/en\/wp-json\/wp\/v2\/types\/product"}],"wp:featuredmedia":[{"embeddable":true,"href":"https:\/\/alrpcopy.alrp-ab.se\/en\/wp-json\/wp\/v2\/media\/2014"}],"wp:attachment":[{"href":"https:\/\/alrpcopy.alrp-ab.se\/en\/wp-json\/wp\/v2\/media?parent=2013"}],"wp:term":[{"taxonomy":"product_brand","embeddable":true,"href":"https:\/\/alrpcopy.alrp-ab.se\/en\/wp-json\/wp\/v2\/product_brand?post=2013"},{"taxonomy":"product_cat","embeddable":true,"href":"https:\/\/alrpcopy.alrp-ab.se\/en\/wp-json\/wp\/v2\/product_cat?post=2013"},{"taxonomy":"product_tag","embeddable":true,"href":"https:\/\/alrpcopy.alrp-ab.se\/en\/wp-json\/wp\/v2\/product_tag?post=2013"}],"curies":[{"name":"wp","href":"https:\/\/api.w.org\/{rel}","templated":true}]}}