{"id":7120,"date":"2024-02-29T06:01:16","date_gmt":"2024-02-29T06:01:16","guid":{"rendered":"https:\/\/alrpcopy.alrp-ab.se\/products-and-services\/"},"modified":"2025-03-19T18:46:32","modified_gmt":"2025-03-19T18:46:32","slug":"products-and-services","status":"publish","type":"page","link":"https:\/\/alrpcopy.alrp-ab.se\/en\/products-and-services\/","title":{"rendered":"Products and services"},"content":{"rendered":"\n<div class=\"wp-block-uagb-container uagb-block-a02a0100 alignfull uagb-is-root-container\">\n<div class=\"wp-block-uagb-image aligncenter uagb-block-d5e4eb28 wp-block-uagb-image--layout-default wp-block-uagb-image--effect-static wp-block-uagb-image--align-center\"><figure class=\"wp-block-uagb-image__figure\"><img decoding=\"async\" srcset=\"https:\/\/alrpcopy.alrp-ab.se\/wp-content\/uploads\/2024\/02\/banner_hardglass_robo.jpg ,https:\/\/alrpcopy.alrp-ab.se\/wp-content\/uploads\/2024\/02\/banner_hardglass_robo.jpg 780w, https:\/\/alrpcopy.alrp-ab.se\/wp-content\/uploads\/2024\/02\/banner_hardglass_robo.jpg 360w\" sizes=\"auto, (max-width: 480px) 150px\" src=\"https:\/\/alrpcopy.alrp-ab.se\/wp-content\/uploads\/2024\/02\/banner_hardglass_robo.jpg\" alt=\"\" class=\"uag-image-1746\" width=\"1145\" height=\"450\" title=\"banner_hardglass_robo\" loading=\"lazy\" role=\"img\"><\/figure><\/div>\n\n\n\n<div class=\"wp-block-uagb-container uagb-block-e1d47515\"><\/div>\n<\/div>\n\n<div class=\"wp-block-uagb-container uagb-block-d155cfc2 alignfull uagb-is-root-container\"><div class=\"uagb-container-inner-blocks-wrap\">\n<div class=\"wp-block-uagb-container uagb-block-d7b46e41\">\n<div class=\"wp-block-uagb-advanced-heading uagb-block-56356790\"><h2 class=\"uagb-heading-text\">H\u00e4r finns v\u00e5rt sortiment<\/h2><\/div>\n<\/div>\n<\/div><\/div>\n\n<section class=\"wp-block-uagb-columns uagb-columns__wrap uagb-columns__background-none uagb-columns__stack-mobile uagb-columns__valign- uagb-columns__gap-10 align uagb-block-3a1e33e4 uagb-columns__columns-4 uagb-columns__max_width-theme\"><div class=\"uagb-columns__overlay\"><\/div><div class=\"uagb-columns__inner-wrap uagb-columns__columns-4\">\n<div class=\"wp-block-uagb-column uagb-column__wrap uagb-column__background-undefined uagb-block-ab98e2aa\"><div class=\"uagb-column__overlay\"><\/div>\n<div class=\"wp-block-uagb-image aligncenter uagb-block-c7d0ec17 wp-block-uagb-image--layout-default wp-block-uagb-image--effect-static wp-block-uagb-image--align-center\"><figure class=\"wp-block-uagb-image__figure\"><img decoding=\"async\" srcset=\"https:\/\/alrpcopy.alrp-ab.se\/wp-content\/uploads\/2024\/02\/mall_katbild_mjukglass.jpg ,https:\/\/alrpcopy.alrp-ab.se\/wp-content\/uploads\/2024\/02\/mall_katbild_mjukglass.jpg 780w, https:\/\/alrpcopy.alrp-ab.se\/wp-content\/uploads\/2024\/02\/mall_katbild_mjukglass.jpg 360w\" sizes=\"auto, (max-width: 480px) 150px\" src=\"https:\/\/alrpcopy.alrp-ab.se\/wp-content\/uploads\/2024\/02\/mall_katbild_mjukglass.jpg\" alt=\"\" class=\"uag-image-1763\" width=\"200\" height=\"150\" title=\"template_cat_image_soft_ice cream\" loading=\"lazy\" role=\"img\"><\/figure><\/div>\n\n\n\n<div class=\"wp-block-uagb-advanced-heading uagb-block-ac31f1de\"><h4 class=\"uagb-heading-text\">Mjukglass<br>maskiner<\/h4><\/div>\n<\/div>\n\n\n\n<div class=\"wp-block-uagb-column uagb-column__wrap uagb-column__background-undefined uagb-block-c9a359df\"><div class=\"uagb-column__overlay\"><\/div>\n<div class=\"wp-block-uagb-image aligncenter uagb-block-fc1ec4f8 wp-block-uagb-image--layout-default wp-block-uagb-image--effect-static wp-block-uagb-image--align-center\"><figure class=\"wp-block-uagb-image__figure\"><img decoding=\"async\" srcset=\"https:\/\/alrpcopy.alrp-ab.se\/wp-content\/uploads\/2024\/02\/mall_katbild_milkshakemaskin.jpg ,https:\/\/alrpcopy.alrp-ab.se\/wp-content\/uploads\/2024\/02\/mall_katbild_milkshakemaskin.jpg 780w, https:\/\/alrpcopy.alrp-ab.se\/wp-content\/uploads\/2024\/02\/mall_katbild_milkshakemaskin.jpg 360w\" sizes=\"auto, (max-width: 480px) 150px\" src=\"https:\/\/alrpcopy.alrp-ab.se\/wp-content\/uploads\/2024\/02\/mall_katbild_milkshakemaskin.jpg\" alt=\"\" class=\"uag-image-1756\" width=\"200\" height=\"150\" title=\"template_cat_image_milkshake_machine\" loading=\"lazy\" role=\"img\"><\/figure><\/div>\n\n\n\n<div class=\"wp-block-uagb-advanced-heading uagb-block-21542432\"><h4 class=\"uagb-heading-text\">Milkshake<br>maskiner<\/h4><\/div>\n<\/div>\n\n\n\n<div class=\"wp-block-uagb-column uagb-column__wrap uagb-column__background-undefined uagb-block-f6bb7003\"><div class=\"uagb-column__overlay\"><\/div>\n<div class=\"wp-block-uagb-image aligncenter uagb-block-668f4c82 wp-block-uagb-image--layout-default wp-block-uagb-image--effect-static wp-block-uagb-image--align-center\"><figure class=\"wp-block-uagb-image__figure\"><img decoding=\"async\" srcset=\"https:\/\/alrpcopy.alrp-ab.se\/wp-content\/uploads\/2024\/02\/mall_katbild_glassdiskar.jpg ,https:\/\/alrpcopy.alrp-ab.se\/wp-content\/uploads\/2024\/02\/mall_katbild_glassdiskar.jpg 780w, https:\/\/alrpcopy.alrp-ab.se\/wp-content\/uploads\/2024\/02\/mall_katbild_glassdiskar.jpg 360w\" sizes=\"auto, (max-width: 480px) 150px\" src=\"https:\/\/alrpcopy.alrp-ab.se\/wp-content\/uploads\/2024\/02\/mall_katbild_glassdiskar.jpg\" alt=\"\" class=\"uag-image-1752\" width=\"200\" height=\"150\" title=\"template_cat_image_glass_disks\" loading=\"lazy\" role=\"img\"><\/figure><\/div>\n\n\n\n<div class=\"wp-block-uagb-advanced-heading uagb-block-c2525a04\"><h4 class=\"uagb-heading-text\">Glassdiskar<\/h4><\/div>\n<\/div>\n\n\n\n<div class=\"wp-block-uagb-column uagb-column__wrap uagb-column__background-undefined uagb-block-a401a5a8\"><div class=\"uagb-column__overlay\"><\/div>\n<div class=\"wp-block-uagb-image aligncenter uagb-block-9fa979e2 wp-block-uagb-image--layout-default wp-block-uagb-image--effect-static wp-block-uagb-image--align-center\"><figure class=\"wp-block-uagb-image__figure\"><img decoding=\"async\" srcset=\"https:\/\/alrpcopy.alrp-ab.se\/wp-content\/uploads\/2024\/02\/mall_katbild_ripple.jpg ,https:\/\/alrpcopy.alrp-ab.se\/wp-content\/uploads\/2024\/02\/mall_katbild_ripple.jpg 780w, https:\/\/alrpcopy.alrp-ab.se\/wp-content\/uploads\/2024\/02\/mall_katbild_ripple.jpg 360w\" sizes=\"auto, (max-width: 480px) 150px\" src=\"https:\/\/alrpcopy.alrp-ab.se\/wp-content\/uploads\/2024\/02\/mall_katbild_ripple.jpg\" alt=\"\" class=\"uag-image-1767\" width=\"200\" height=\"150\" title=\"template_cat_image_ripple\" loading=\"lazy\" role=\"img\"><\/figure><\/div>\n\n\n\n<div class=\"wp-block-uagb-advanced-heading uagb-block-bc0379eb\"><h4 class=\"uagb-heading-text\">Glasstillbeh\u00f6r<\/h4><\/div>\n<\/div>\n<\/div><\/section>\n\n<section class=\"wp-block-uagb-columns uagb-columns__wrap uagb-columns__background-none uagb-columns__stack-mobile uagb-columns__valign- uagb-columns__gap-10 align uagb-block-ead5ca7b uagb-columns__columns-4 uagb-columns__max_width-theme\"><div class=\"uagb-columns__overlay\"><\/div><div class=\"uagb-columns__inner-wrap uagb-columns__columns-4\">\n<div class=\"wp-block-uagb-column uagb-column__wrap uagb-column__background-undefined uagb-block-8a1c4d79\"><div class=\"uagb-column__overlay\"><\/div>\n<div class=\"wp-block-uagb-image aligncenter uagb-block-2c37364e wp-block-uagb-image--layout-default wp-block-uagb-image--effect-static wp-block-uagb-image--align-center\"><figure class=\"wp-block-uagb-image__figure\"><img decoding=\"async\" srcset=\"https:\/\/alrpcopy.alrp-ab.se\/wp-content\/uploads\/2024\/02\/mall_katbild_hardglass.jpg ,https:\/\/alrpcopy.alrp-ab.se\/wp-content\/uploads\/2024\/02\/mall_katbild_hardglass.jpg 780w, https:\/\/alrpcopy.alrp-ab.se\/wp-content\/uploads\/2024\/02\/mall_katbild_hardglass.jpg 360w\" sizes=\"auto, (max-width: 480px) 150px\" src=\"https:\/\/alrpcopy.alrp-ab.se\/wp-content\/uploads\/2024\/02\/mall_katbild_hardglass.jpg\" alt=\"\" class=\"uag-image-1770\" width=\"200\" height=\"150\" title=\"mall_katbild_hardglass\" loading=\"lazy\" role=\"img\"><\/figure><\/div>\n\n\n\n<div class=\"wp-block-uagb-advanced-heading uagb-block-ea97ec32\"><h4 class=\"uagb-heading-text\">H\u00e5rdglass<br>maskiner<\/h4><\/div>\n<\/div>\n\n\n\n<div class=\"wp-block-uagb-column uagb-column__wrap uagb-column__background-undefined uagb-block-bc7c7487\"><div class=\"uagb-column__overlay\"><\/div>\n<div class=\"wp-block-uagb-image aligncenter uagb-block-ac5a3cb6 wp-block-uagb-image--layout-default wp-block-uagb-image--effect-static wp-block-uagb-image--align-center\"><figure class=\"wp-block-uagb-image__figure\"><img decoding=\"async\" srcset=\"https:\/\/alrpcopy.alrp-ab.se\/wp-content\/uploads\/2024\/02\/mall_katbild_pasto.jpg ,https:\/\/alrpcopy.alrp-ab.se\/wp-content\/uploads\/2024\/02\/mall_katbild_pasto.jpg 780w, https:\/\/alrpcopy.alrp-ab.se\/wp-content\/uploads\/2024\/02\/mall_katbild_pasto.jpg 360w\" sizes=\"auto, (max-width: 480px) 150px\" src=\"https:\/\/alrpcopy.alrp-ab.se\/wp-content\/uploads\/2024\/02\/mall_katbild_pasto.jpg\" alt=\"\" class=\"uag-image-1771\" width=\"200\" height=\"150\" title=\"template_cat_picture_pasto\" loading=\"lazy\" role=\"img\"><\/figure><\/div>\n\n\n\n<div class=\"wp-block-uagb-advanced-heading uagb-block-cb11c559\"><h4 class=\"uagb-heading-text\">Past\u00f6risator<\/h4><\/div>\n<\/div>\n\n\n\n<div class=\"wp-block-uagb-column uagb-column__wrap uagb-column__background-undefined uagb-block-03102013\"><div class=\"uagb-column__overlay\"><\/div>\n<div class=\"wp-block-uagb-image aligncenter uagb-block-5e52ab53 wp-block-uagb-image--layout-default wp-block-uagb-image--effect-static wp-block-uagb-image--align-center\"><figure class=\"wp-block-uagb-image__figure\"><img decoding=\"async\" srcset=\"https:\/\/alrpcopy.alrp-ab.se\/wp-content\/uploads\/2024\/02\/mall_katbild_blast.jpg ,https:\/\/alrpcopy.alrp-ab.se\/wp-content\/uploads\/2024\/02\/mall_katbild_blast.jpg 780w, https:\/\/alrpcopy.alrp-ab.se\/wp-content\/uploads\/2024\/02\/mall_katbild_blast.jpg 360w\" sizes=\"auto, (max-width: 480px) 150px\" src=\"https:\/\/alrpcopy.alrp-ab.se\/wp-content\/uploads\/2024\/02\/mall_katbild_blast.jpg\" alt=\"\" class=\"uag-image-1753\" width=\"200\" height=\"150\" title=\"template_cat_image_blast\" loading=\"lazy\" role=\"img\"><\/figure><\/div>\n\n\n\n<div class=\"wp-block-uagb-advanced-heading uagb-block-ba4eb98b\"><h4 class=\"uagb-heading-text\">Fryssk\u00e5p<\/h4><\/div>\n<\/div>\n\n\n\n<div class=\"wp-block-uagb-column uagb-column__wrap uagb-column__background-undefined uagb-block-681fbea0\"><div class=\"uagb-column__overlay\"><\/div>\n<div class=\"wp-block-uagb-image aligncenter uagb-block-16e4ddc0 wp-block-uagb-image--layout-default wp-block-uagb-image--effect-static wp-block-uagb-image--align-center\"><figure class=\"wp-block-uagb-image__figure\"><img decoding=\"async\" srcset=\"https:\/\/alrpcopy.alrp-ab.se\/wp-content\/uploads\/2024\/02\/mall_katbild_slush.jpg ,https:\/\/alrpcopy.alrp-ab.se\/wp-content\/uploads\/2024\/02\/mall_katbild_slush.jpg 780w, https:\/\/alrpcopy.alrp-ab.se\/wp-content\/uploads\/2024\/02\/mall_katbild_slush.jpg 360w\" sizes=\"auto, (max-width: 480px) 150px\" src=\"https:\/\/alrpcopy.alrp-ab.se\/wp-content\/uploads\/2024\/02\/mall_katbild_slush.jpg\" alt=\"\" class=\"uag-image-1765\" width=\"200\" height=\"150\" title=\"mall_katbild_slush\" loading=\"lazy\" role=\"img\"><\/figure><\/div>\n\n\n\n<div class=\"wp-block-uagb-advanced-heading uagb-block-9f5e7000\"><h4 class=\"uagb-heading-text\">Slush<br>maskiner<\/h4><\/div>\n<\/div>\n<\/div><\/section>\n\n<section class=\"wp-block-uagb-columns uagb-columns__wrap uagb-columns__background-none uagb-columns__stack-mobile uagb-columns__valign- uagb-columns__gap-10 align uagb-block-8f1e1009 uagb-columns__columns-4 uagb-columns__max_width-theme\"><div class=\"uagb-columns__overlay\"><\/div><div class=\"uagb-columns__inner-wrap uagb-columns__columns-4\">\n<div class=\"wp-block-uagb-column uagb-column__wrap uagb-column__background-undefined uagb-block-fc8494e1\"><div class=\"uagb-column__overlay\"><\/div>\n<div class=\"wp-block-uagb-image aligncenter uagb-block-c5758d84 wp-block-uagb-image--layout-default wp-block-uagb-image--effect-static wp-block-uagb-image--align-center\"><figure class=\"wp-block-uagb-image__figure\"><img decoding=\"async\" srcset=\"https:\/\/alrpcopy.alrp-ab.se\/wp-content\/uploads\/2024\/02\/mall_katbild_vaffel.jpg ,https:\/\/alrpcopy.alrp-ab.se\/wp-content\/uploads\/2024\/02\/mall_katbild_vaffel.jpg 780w, https:\/\/alrpcopy.alrp-ab.se\/wp-content\/uploads\/2024\/02\/mall_katbild_vaffel.jpg 360w\" sizes=\"auto, (max-width: 480px) 150px\" src=\"https:\/\/alrpcopy.alrp-ab.se\/wp-content\/uploads\/2024\/02\/mall_katbild_vaffel.jpg\" alt=\"\" class=\"uag-image-1759\" width=\"200\" height=\"150\" title=\"template_cat_picture_waffle\" loading=\"lazy\" role=\"img\"><\/figure><\/div>\n\n\n\n<div class=\"wp-block-uagb-advanced-heading uagb-block-e377425e\"><h4 class=\"uagb-heading-text\">V\u00e5ffelj\u00e4rn <br>&amp; Crepes<\/h4><\/div>\n<\/div>\n\n\n\n<div class=\"wp-block-uagb-column uagb-column__wrap uagb-column__background-undefined uagb-block-4eee8603\"><div class=\"uagb-column__overlay\"><\/div>\n<div class=\"wp-block-uagb-image aligncenter uagb-block-2a37de11 wp-block-uagb-image--layout-default wp-block-uagb-image--effect-static wp-block-uagb-image--align-center\"><figure class=\"wp-block-uagb-image__figure\"><img decoding=\"async\" srcset=\"https:\/\/alrpcopy.alrp-ab.se\/wp-content\/uploads\/2024\/02\/mall_katbild_espressomaskin.jpg ,https:\/\/alrpcopy.alrp-ab.se\/wp-content\/uploads\/2024\/02\/mall_katbild_espressomaskin.jpg 780w, https:\/\/alrpcopy.alrp-ab.se\/wp-content\/uploads\/2024\/02\/mall_katbild_espressomaskin.jpg 360w\" sizes=\"auto, (max-width: 480px) 150px\" src=\"https:\/\/alrpcopy.alrp-ab.se\/wp-content\/uploads\/2024\/02\/mall_katbild_espressomaskin.jpg\" alt=\"\" class=\"uag-image-1773\" width=\"200\" height=\"150\" title=\"template_cat_image_espresso machine\" loading=\"lazy\" role=\"img\"><\/figure><\/div>\n\n\n\n<div class=\"wp-block-uagb-advanced-heading uagb-block-9b756b16\"><h4 class=\"uagb-heading-text\">Espresso<br>maskiner<\/h4><\/div>\n<\/div>\n\n\n\n<div class=\"wp-block-uagb-column uagb-column__wrap uagb-column__background-undefined uagb-block-2fc9524c\"><div class=\"uagb-column__overlay\"><\/div>\n<div class=\"wp-block-uagb-image aligncenter uagb-block-5cf58cb1 wp-block-uagb-image--layout-default wp-block-uagb-image--effect-static wp-block-uagb-image--align-center\"><figure class=\"wp-block-uagb-image__figure\"><img decoding=\"async\" srcset=\"https:\/\/alrpcopy.alrp-ab.se\/wp-content\/uploads\/2024\/02\/mall_katbild_kvarn.jpg ,https:\/\/alrpcopy.alrp-ab.se\/wp-content\/uploads\/2024\/02\/mall_katbild_kvarn.jpg 780w, https:\/\/alrpcopy.alrp-ab.se\/wp-content\/uploads\/2024\/02\/mall_katbild_kvarn.jpg 360w\" sizes=\"auto, (max-width: 480px) 150px\" src=\"https:\/\/alrpcopy.alrp-ab.se\/wp-content\/uploads\/2024\/02\/mall_katbild_kvarn.jpg\" alt=\"\" class=\"uag-image-1775\" width=\"200\" height=\"150\" title=\"template_cat_image_mill\" loading=\"lazy\" role=\"img\"><\/figure><\/div>\n\n\n\n<div class=\"wp-block-uagb-advanced-heading uagb-block-ed9dbc73\"><h4 class=\"uagb-heading-text\">Kvarnar<\/h4><\/div>\n<\/div>\n\n\n\n<div class=\"wp-block-uagb-column uagb-column__wrap uagb-column__background-undefined uagb-block-dd49957c\"><div class=\"uagb-column__overlay\"><\/div>\n<div class=\"wp-block-uagb-image aligncenter uagb-block-9345f10a wp-block-uagb-image--layout-default wp-block-uagb-image--effect-static wp-block-uagb-image--align-center\"><figure class=\"wp-block-uagb-image__figure\"><img decoding=\"async\" srcset=\"https:\/\/alrpcopy.alrp-ab.se\/wp-content\/uploads\/2024\/02\/mall_katbild_vakuum.jpg ,https:\/\/alrpcopy.alrp-ab.se\/wp-content\/uploads\/2024\/02\/mall_katbild_vakuum.jpg 780w, https:\/\/alrpcopy.alrp-ab.se\/wp-content\/uploads\/2024\/02\/mall_katbild_vakuum.jpg 360w\" sizes=\"auto, (max-width: 480px) 150px\" src=\"https:\/\/alrpcopy.alrp-ab.se\/wp-content\/uploads\/2024\/02\/mall_katbild_vakuum.jpg\" alt=\"\" class=\"uag-image-1768\" width=\"200\" height=\"150\" title=\"template_cat_image_vacuum\" loading=\"lazy\" role=\"img\"><\/figure><\/div>\n\n\n\n<div class=\"wp-block-uagb-advanced-heading uagb-block-d6c8c50f\"><h4 class=\"uagb-heading-text\">Vakuum<br>packare<\/h4><\/div>\n<\/div>\n<\/div><\/section>\n","protected":false},"excerpt":{"rendered":"<p>H\u00e4r finns v\u00e5rt sortiment Mjukglassmaskiner Milkshakemaskiner Glassdiskar Glasstillbeh\u00f6r H\u00e5rdglassmaskiner Past\u00f6risator Fryssk\u00e5p Slushmaskiner V\u00e5ffelj\u00e4rn &amp; Crepes Espressomaskiner Kvarnar Vakuumpackare<\/p>\n","protected":false},"author":1,"featured_media":0,"parent":0,"menu_order":0,"comment_status":"closed","ping_status":"closed","template":"","meta":{"_uag_custom_page_level_css":"","site-sidebar-layout":"default","site-content-layout":"","ast-site-content-layout":"full-width-container","site-content-style":"default","site-sidebar-style":"default","ast-global-header-display":"","ast-banner-title-visibility":"","ast-main-header-display":"","ast-hfb-above-header-display":"","ast-hfb-below-header-display":"","ast-hfb-mobile-header-display":"","site-post-title":"disabled","ast-breadcrumbs-content":"","ast-featured-img":"","footer-sml-layout":"","theme-transparent-header-meta":"","adv-header-id-meta":"","stick-header-meta":"","header-above-stick-meta":"","header-main-stick-meta":"","header-below-stick-meta":"","astra-migrate-meta-layouts":"default","ast-page-background-enabled":"default","ast-page-background-meta":{"desktop":{"background-color":"var(--ast-global-color-5)","background-image":"","background-repeat":"repeat","background-position":"center center","background-size":"auto","background-attachment":"scroll","background-type":"","background-media":"","overlay-type":"","overlay-color":"","overlay-opacity":"","overlay-gradient":""},"tablet":{"background-color":"","background-image":"","background-repeat":"repeat","background-position":"center center","background-size":"auto","background-attachment":"scroll","background-type":"","background-media":"","overlay-type":"","overlay-color":"","overlay-opacity":"","overlay-gradient":""},"mobile":{"background-color":"","background-image":"","background-repeat":"repeat","background-position":"center center","background-size":"auto","background-attachment":"scroll","background-type":"","background-media":"","overlay-type":"","overlay-color":"","overlay-opacity":"","overlay-gradient":""}},"ast-content-background-meta":{"desktop":{"background-color":"var(--ast-global-color-4)","background-image":"","background-repeat":"repeat","background-position":"center center","background-size":"auto","background-attachment":"scroll","background-type":"","background-media":"","overlay-type":"","overlay-color":"","overlay-opacity":"","overlay-gradient":""},"tablet":{"background-color":"var(--ast-global-color-4)","background-image":"","background-repeat":"repeat","background-position":"center center","background-size":"auto","background-attachment":"scroll","background-type":"","background-media":"","overlay-type":"","overlay-color":"","overlay-opacity":"","overlay-gradient":""},"mobile":{"background-color":"var(--ast-global-color-4)","background-image":"","background-repeat":"repeat","background-position":"center center","background-size":"auto","background-attachment":"scroll","background-type":"","background-media":"","overlay-type":"","overlay-color":"","overlay-opacity":"","overlay-gradient":""}},"footnotes":""},"class_list":["post-7120","page","type-page","status-publish","hentry"],"uagb_featured_image_src":{"full":false,"thumbnail":false,"medium":false,"medium_large":false,"large":false,"1536x1536":false,"2048x2048":false,"woocommerce_thumbnail":false,"woocommerce_single":false,"woocommerce_gallery_thumbnail":false},"uagb_author_info":{"display_name":"Alrp","author_link":"https:\/\/alrpcopy.alrp-ab.se\/en\/author\/alrp\/"},"uagb_comment_info":0,"uagb_excerpt":"H\u00e4r finns v\u00e5rt sortiment Mjukglassmaskiner Milkshakemaskiner Glassdiskar Glasstillbeh\u00f6r H\u00e5rdglassmaskiner Past\u00f6risator Fryssk\u00e5p Slushmaskiner V\u00e5ffelj\u00e4rn &amp; Crepes Espressomaskiner Kvarnar Vakuumpackare","_links":{"self":[{"href":"https:\/\/alrpcopy.alrp-ab.se\/en\/wp-json\/wp\/v2\/pages\/7120","targetHints":{"allow":["GET"]}}],"collection":[{"href":"https:\/\/alrpcopy.alrp-ab.se\/en\/wp-json\/wp\/v2\/pages"}],"about":[{"href":"https:\/\/alrpcopy.alrp-ab.se\/en\/wp-json\/wp\/v2\/types\/page"}],"author":[{"embeddable":true,"href":"https:\/\/alrpcopy.alrp-ab.se\/en\/wp-json\/wp\/v2\/users\/1"}],"replies":[{"embeddable":true,"href":"https:\/\/alrpcopy.alrp-ab.se\/en\/wp-json\/wp\/v2\/comments?post=7120"}],"version-history":[{"count":0,"href":"https:\/\/alrpcopy.alrp-ab.se\/en\/wp-json\/wp\/v2\/pages\/7120\/revisions"}],"wp:attachment":[{"href":"https:\/\/alrpcopy.alrp-ab.se\/en\/wp-json\/wp\/v2\/media?parent=7120"}],"curies":[{"name":"wp","href":"https:\/\/api.w.org\/{rel}","templated":true}]}}